{"id":11445,"date":"2019-09-11T16:57:31","date_gmt":"2019-09-11T14:57:31","guid":{"rendered":"https:\/\/www.dakarmania.cz\/?page_id=11445"},"modified":"2019-10-26T22:25:22","modified_gmt":"2019-10-26T20:25:22","slug":"portalegre-2019","status":"publish","type":"page","link":"https:\/\/www.dakarmania.cz\/index.php\/souteze\/portalegre-2019\/","title":{"rendered":"Baja Portalegre 2019"},"content":{"rendered":"<p>[vc_row css_animation=&#8221;fadeIn&#8221; no_sep_borders=&#8221;yes&#8221;][vc_column][vc_btn title=&#8221;Sout\u011b\u017ee&#8221; style=&#8221;outline&#8221; shape=&#8221;square&#8221; size=&#8221;xs&#8221; align=&#8221;right&#8221; i_align=&#8221;right&#8221; i_icon_fontawesome=&#8221;fa fa-chevron-up&#8221; css_animation=&#8221;fadeIn&#8221; add_icon=&#8221;true&#8221; css=&#8221;.vc_custom_1566298495389{padding-right: 1px !important;padding-left: 1px !important;}&#8221; link=&#8221;url:%2Findex.php%2Fsouteze%2F|||&#8221;][vc_column_text css_animation=&#8221;fadeIn&#8221; css=&#8221;.vc_custom_1572121510733{padding-top: 200px !important;padding-right: 15px !important;padding-bottom: 15px !important;padding-left: 15px !important;background: #f2f2f2 url(https:\/\/www.dakarmania.cz\/wp-content\/uploads\/2019\/10\/19-portalegre-terranova-header-01.jpg?id=12887) !important;background-position: center !important;background-repeat: no-repeat !important;background-size: cover !important;}&#8221;]<\/p>\n<h1 style=\"text-align: left;\"><span style=\"background-color: #ee8027; opacity: 0.7;\"><span style=\"color: #ffffff; padding: 10px;\">BAJA PORTALEGRE 2019<\/span><\/span><\/h1>\n<p>[\/vc_column_text][vc_btn title=&#8221;&#8221; style=&#8221;classic&#8221; shape=&#8221;square&#8221; color=&#8221;orange&#8221; size=&#8221;xs&#8221; i_icon_fontawesome=&#8221;fa fa-info&#8221; css_animation=&#8221;fadeIn&#8221; add_icon=&#8221;true&#8221; css=&#8221;.vc_custom_1568211190379{padding-right: 1px !important;padding-left: 1px !important;}&#8221; link=&#8221;url:%2Findex.php%2Fsouteze%2Fportalegre-2019%2F%23info|||&#8221;][vc_btn title=&#8221;&#8221; style=&#8221;classic&#8221; shape=&#8221;square&#8221; color=&#8221;orange&#8221; size=&#8221;xs&#8221; i_icon_fontawesome=&#8221;fa fa-list-ol&#8221; css_animation=&#8221;fadeIn&#8221; add_icon=&#8221;true&#8221; css=&#8221;.vc_custom_1568211203380{padding-right: 1px !important;padding-left: 1px !important;}&#8221; link=&#8221;url:%2Findex.php%2Fsouteze%2Fportalegre-2019%2F%23vysledky|||&#8221;][vc_btn title=&#8221;&#8221; style=&#8221;classic&#8221; shape=&#8221;square&#8221; color=&#8221;orange&#8221; size=&#8221;xs&#8221; i_icon_fontawesome=&#8221;fa fa-file-text-o&#8221; css_animation=&#8221;fadeIn&#8221; add_icon=&#8221;true&#8221; css=&#8221;.vc_custom_1568211218521{padding-right: 1px !important;padding-left: 1px !important;}&#8221; link=&#8221;url:%2Findex.php%2Fsouteze%2Fportalegre-2019%2F%23clanky|||&#8221;][vc_empty_space height=&#8221;5px&#8221;][vc_row_inner el_id=&#8221;info&#8221;][vc_column_inner width=&#8221;1\/2&#8243;][vc_column_text css_animation=&#8221;fadeIn&#8221;]24. a\u017e 26. \u0159\u00edjna | Portalegre, Portugalsko | 8. podnik <a href=\"\/index.php\/sampionaty\/svetovy-pohar-fia-v-cross-country-bajach-2019\/\"><span style=\"color: #ee8027;\">Sv\u011btov\u00e9ho poh\u00e1ru FIA v cross-country baj\u00e1ch 2019\u00a0<\/span><\/a>| 33. ro\u010dn\u00edk sout\u011b\u017ee | Celkem <strong>753 km<\/strong>, z toho <strong>459 km rychlostn\u00edch zkou\u0161ek<\/strong> |[\/vc_column_text][\/vc_column_inner][vc_column_inner width=&#8221;1\/2&#8243;][vc_btn title=&#8221;V\u00edt\u011bzov\u00e9&#8221; style=&#8221;outline&#8221; shape=&#8221;square&#8221; color=&#8221;warning&#8221; align=&#8221;center&#8221; i_icon_fontawesome=&#8221;fa fa-trophy&#8221; css_animation=&#8221;fadeIn&#8221; button_block=&#8221;true&#8221; add_icon=&#8221;true&#8221; link=&#8221;url:%2Findex.php%2Fsouteze%2Fportalegre-vitezove%2F|||&#8221;][\/vc_column_inner][\/vc_row_inner][\/vc_column][\/vc_row][vc_row css_animation=&#8221;fadeIn&#8221; el_id=&#8221;vysledky&#8221;][vc_column][vc_btn title=&#8221;SP FIA&#8221; style=&#8221;classic&#8221; shape=&#8221;square&#8221; size=&#8221;xs&#8221; css_animation=&#8221;fadeIn&#8221; css=&#8221;.vc_custom_1568212509689{padding-right: 1px !important;padding-left: 10px !important;}&#8221; link=&#8221;url:%2Findex.php%2Fsouteze%2Fportalegre-2019%2F%23sp-fia|||&#8221;][vc_btn title=&#8221;Harmonogram&#8221; style=&#8221;classic&#8221; shape=&#8221;square&#8221; size=&#8221;xs&#8221; css_animation=&#8221;fadeIn&#8221; css=&#8221;.vc_custom_1568213795033{padding-right: 1px !important;padding-left: 1px !important;}&#8221; link=&#8221;url:%2Findex.php%2Fsouteze%2Fportalegre-2019%2F%23harmonogram|||&#8221;][vc_tta_pageable no_fill_content_area=&#8221;1&#8243; active_section=&#8221;1&#8243; pagination_style=&#8221;&#8221; css_animation=&#8221;fadeIn&#8221; el_id=&#8221;vysledky&#8221; css=&#8221;.vc_custom_1566586979997{padding-right: 10px !important;padding-left: 10px !important;background-color: #f4f4f4 !important;}&#8221;][vc_tta_section title=&#8221;Auto SP FIA&#8221; tab_id=&#8221;sp-fia&#8221;][vc_row_inner][vc_column_inner][vc_column_text css_animation=&#8221;fadeIn&#8221;]<\/p>\n<h3 style=\"text-align: center;\"><span style=\"color: #808080;\">AUTO &#8211; SP FIA<\/span><\/h3>\n<table style=\"width: 97.7654%;\" rules=\"rows\">\n<tbody>\n<tr style=\"background-color: #9e9d9d; color: white; font-size: 12pt;\">\n<td style=\"text-align: center; width: 99.8484%;\" colspan=\"3\"><strong>v\u00fdsledky &amp; dokumenty<\/strong><\/td>\n<\/tr>\n<tr style=\"background-color: #dbd9d9;\">\n<td style=\"text-align: center; width: 99.8484%;\" colspan=\"3\"><a href=\"\/wp-content\/uploads\/2019\/10\/19-portalegre-fia-after-ss4.pdf\" target=\"_blank\" rel=\"noopener noreferrer\"><img loading=\"lazy\" decoding=\"async\" class=\"alignnone size-full wp-image-5354\" src=\"\/wp-content\/uploads\/2019\/08\/pdf-50.png\" alt=\"\" width=\"8\" height=\"11\" \/>\u00a0<span style=\"color: #ee8027;\"><strong>kone\u010dn\u00e9 v\u00fdsledky<\/strong><\/span><\/a><\/td>\n<\/tr>\n<tr style=\"background-color: #f2f2f2;\">\n<td style=\"text-align: center; width: 45.0000%;\"><a href=\"\/wp-content\/uploads\/2019\/10\/19-portalegre-fia-ss3.pdf\" target=\"_blank\" rel=\"noopener noreferrer\"><img loading=\"lazy\" decoding=\"async\" class=\"alignnone size-full wp-image-5354\" src=\"\/wp-content\/uploads\/2019\/08\/pdf-50.png\" alt=\"\" width=\"8\" height=\"11\" \/>\u00a0<span style=\"color: #ee8027;\">RZ3<\/span><\/a><\/td>\n<td style=\"text-align: center; width: 10.0000%;\">|<\/td>\n<td style=\"text-align: center; width: 45.0000%;\"><a href=\"\/wp-content\/uploads\/2019\/10\/19-portalegre-fia-ss4.pdf\" target=\"_blank\" rel=\"noopener noreferrer\"><img loading=\"lazy\" decoding=\"async\" class=\"alignnone size-full wp-image-5354\" src=\"\/wp-content\/uploads\/2019\/08\/pdf-50.png\" alt=\"\" width=\"8\" height=\"11\" \/>\u00a0<span style=\"color: #ee8027;\">RZ4<\/span><\/a><\/td>\n<\/tr>\n<tr style=\"background-color: #dbd9d9;\">\n<td style=\"text-align: center; width: 99.8484%;\" colspan=\"3\"><a href=\"\/wp-content\/uploads\/2019\/10\/19-portalegre-fia-after-ss2.pdf\" target=\"_blank\" rel=\"noopener noreferrer\"><img loading=\"lazy\" decoding=\"async\" class=\"alignnone size-full wp-image-5354\" src=\"\/wp-content\/uploads\/2019\/08\/pdf-50.png\" alt=\"\" width=\"8\" height=\"11\" \/>\u00a0<span style=\"color: #ee8027;\">po 1. etap\u011b (RZ2)<\/span><\/a><\/td>\n<\/tr>\n<tr style=\"background-color: #f2f2f2;\">\n<td style=\"text-align: center; width: 45.0000%;\"><a href=\"\/wp-content\/uploads\/2019\/10\/19-portalegre-fia-ss1.pdf\" target=\"_blank\" rel=\"noopener noreferrer\"><img loading=\"lazy\" decoding=\"async\" class=\"alignnone size-full wp-image-5354\" src=\"\/wp-content\/uploads\/2019\/08\/pdf-50.png\" alt=\"\" width=\"8\" height=\"11\" \/>\u00a0<span style=\"color: #ee8027;\">RZ1<\/span><\/a><\/td>\n<td style=\"text-align: center; width: 10.0000%;\">|<\/td>\n<td style=\"text-align: center; width: 45.0000%;\"><a href=\"\/wp-content\/uploads\/2019\/10\/19-portalegre-fia-ss2.pdf\" target=\"_blank\" rel=\"noopener noreferrer\"><img loading=\"lazy\" decoding=\"async\" class=\"alignnone size-full wp-image-5354\" src=\"\/wp-content\/uploads\/2019\/08\/pdf-50.png\" alt=\"\" width=\"8\" height=\"11\" \/>\u00a0<span style=\"color: #ee8027;\">RZ2<\/span><\/a><\/td>\n<\/tr>\n<tr style=\"background-color: #dbd9d9;\">\n<td style=\"text-align: center; width: 99.8484%;\" colspan=\"3\"><a href=\"\/wp-content\/uploads\/2019\/10\/19-portalegre-auto-fia-entry.pdf\" target=\"_blank\" rel=\"noopener noreferrer\"><img loading=\"lazy\" decoding=\"async\" class=\"alignnone size-full wp-image-5354\" src=\"\/wp-content\/uploads\/2019\/08\/pdf-50.png\" alt=\"\" width=\"8\" height=\"11\" \/>\u00a0<span style=\"color: #ee8027;\">seznam p\u0159ihl\u00e1\u0161en\u00fdch<\/span><\/a><\/td>\n<\/tr>\n<tr style=\"background-color: #f2f2f2;\">\n<td style=\"text-align: center; width: 99.8484%;\" colspan=\"3\"><a href=\"\/wp-content\/uploads\/2019\/09\/19-portalegre-rally-guide.pdf\" target=\"_blank\" rel=\"noopener noreferrer\"><img loading=\"lazy\" decoding=\"async\" class=\"alignnone size-full wp-image-5354\" src=\"\/wp-content\/uploads\/2019\/08\/pdf-50.png\" alt=\"\" width=\"8\" height=\"11\" \/>\u00a0<span style=\"color: #ee8027;\">rally guide<\/span><\/a><\/td>\n<\/tr>\n<tr style=\"background-color: #dbd9d9;\">\n<td style=\"text-align: center; width: 99.8484%;\" colspan=\"3\"><a href=\"\/wp-content\/uploads\/2019\/09\/19-portalegre-auto-fia-sr.pdf\" target=\"_blank\" rel=\"noopener noreferrer\"><img loading=\"lazy\" decoding=\"async\" class=\"alignnone size-full wp-image-5354\" src=\"\/wp-content\/uploads\/2019\/08\/pdf-50.png\" alt=\"\" width=\"8\" height=\"11\" \/>\u00a0<span style=\"color: #ee8027;\">zvl\u00e1\u0161tn\u00ed ustanoven\u00ed<\/span><\/a><\/td>\n<\/tr>\n<\/tbody>\n<\/table>\n<p>[\/vc_column_text][\/vc_column_inner][\/vc_row_inner][\/vc_tta_section][vc_tta_section title=&#8221;Harmonogram&#8221; tab_id=&#8221;harmonogram&#8221;][vc_column_text css_animation=&#8221;fadeIn&#8221;]<\/p>\n<h3 style=\"text-align: center;\"><span style=\"color: #808080;\">HARMONOGRAM (AUTO FIA)<\/span><\/h3>\n<table style=\"width: 97.7654%;\" rules=\"rows\" cellpadding=\"4px\">\n<tbody>\n<tr style=\"background-color: #9e9d9d; color: white;\">\n<td><strong>p\u00e1 25\/10<\/strong><\/td>\n<td colspan=\"3\"><strong>1. etapa<\/strong><\/td>\n<\/tr>\n<tr style=\"background-color: #dbd9d9;\">\n<td>10:45<\/td>\n<td>SSS<\/td>\n<td class=\"nomobile\"><\/td>\n<td>4,58 km<\/td>\n<\/tr>\n<tr style=\"background-color: #f2f2f2;\">\n<td>14:45<\/td>\n<td>SS2<\/td>\n<td class=\"nomobile\"><\/td>\n<td>69 km<\/td>\n<\/tr>\n<tr style=\"background-color: #9e9d9d; color: white;\">\n<td><strong>so 26\/10<\/strong><\/td>\n<td colspan=\"3\"><strong>2. etapa<\/strong><\/td>\n<\/tr>\n<tr style=\"background-color: #dbd9d9;\">\n<td>07:50<\/td>\n<td>SS3<\/td>\n<td class=\"nomobile\"><\/td>\n<td>194 km<\/td>\n<\/tr>\n<tr style=\"background-color: #f2f2f2;\">\n<td>13:45<\/td>\n<td>SS4<\/td>\n<td class=\"nomobile\"><\/td>\n<td>192 km<\/td>\n<\/tr>\n<\/tbody>\n<\/table>\n<p>[\/vc_column_text][\/vc_tta_section][\/vc_tta_pageable][\/vc_column][\/vc_row][vc_row css_animation=&#8221;fadeIn&#8221; el_id=&#8221;clanky&#8221;][vc_column][vc_masonry_grid post_type=&#8221;post&#8221; max_items=&#8221;-1&#8243; style=&#8221;lazy&#8221; items_per_page=&#8221;3&#8243; show_filter=&#8221;yes&#8221; gap=&#8221;5&#8243; filter_style=&#8221;filled&#8221; item=&#8221;3404&#8243; grid_id=&#8221;vc_gid:1572121106765-96cc3a8a-2284-8&#8243; taxonomies=&#8221;1490&#8243; filter_source=&#8221;category&#8221;][\/vc_column][\/vc_row]<\/p>\n","protected":false},"excerpt":{"rendered":"<p>Portugalsk\u00e1 Baja Portalegre 500 byla z\u00e1v\u011bre\u010dn\u00fdm podnikem premi\u00e9rov\u00e9 sezony Sv\u011btov\u00e9ho poh\u00e1ru FIA v cross-country baj\u00e1ch 2019.<\/p>\n","protected":false},"author":1,"featured_media":12887,"parent":4410,"menu_order":0,"comment_status":"closed","ping_status":"closed","template":"page-templates\/builder.php","meta":{"footnotes":""},"class_list":["post-11445","page","type-page","status-publish","has-post-thumbnail","hentry"],"yoast_head":"<!-- This site is optimized with the Yoast SEO plugin v24.9 - https:\/\/yoast.com\/wordpress\/plugins\/seo\/ -->\n<title>Baja Portalegre 2019 - DAKARMANIA.cz<\/title>\n<meta name=\"description\" content=\"Portugalsk\u00e1 Baja Portalegre 500 byla z\u00e1v\u011bre\u010dn\u00fdm podnikem premi\u00e9rov\u00e9 sezony Sv\u011btov\u00e9ho poh\u00e1ru FIA v cross-country baj\u00e1ch 2019.\" \/>\n<meta name=\"robots\" content=\"index, follow, max-snippet:-1, max-image-preview:large, max-video-preview:-1\" \/>\n<link rel=\"canonical\" href=\"https:\/\/www.dakarmania.cz\/index.php\/souteze\/portalegre-2019\/\" \/>\n<meta property=\"og:locale\" content=\"cs_CZ\" \/>\n<meta property=\"og:type\" content=\"article\" \/>\n<meta property=\"og:title\" content=\"Baja Portalegre 2019 - DAKARMANIA.cz\" \/>\n<meta property=\"og:description\" content=\"Portugalsk\u00e1 Baja Portalegre 500 byla z\u00e1v\u011bre\u010dn\u00fdm podnikem premi\u00e9rov\u00e9 sezony Sv\u011btov\u00e9ho poh\u00e1ru FIA v cross-country baj\u00e1ch 2019.\" \/>\n<meta property=\"og:url\" content=\"https:\/\/www.dakarmania.cz\/index.php\/souteze\/portalegre-2019\/\" \/>\n<meta property=\"og:site_name\" content=\"DAKARMANIA.cz\" \/>\n<meta property=\"article:publisher\" content=\"https:\/\/www.facebook.com\/dakarmania\/\" \/>\n<meta property=\"article:modified_time\" content=\"2019-10-26T20:25:22+00:00\" \/>\n<meta property=\"og:image\" content=\"https:\/\/www.dakarmania.cz\/wp-content\/uploads\/2019\/10\/19-portalegre-terranova-header-01.jpg\" \/>\n\t<meta property=\"og:image:width\" content=\"1600\" \/>\n\t<meta property=\"og:image:height\" content=\"711\" \/>\n\t<meta property=\"og:image:type\" content=\"image\/jpeg\" \/>\n<meta name=\"twitter:card\" content=\"summary_large_image\" \/>\n<meta name=\"twitter:label1\" content=\"Odhadovan\u00e1 doba \u010dten\u00ed\" \/>\n\t<meta name=\"twitter:data1\" content=\"3 minuty\" \/>\n<script type=\"application\/ld+json\" class=\"yoast-schema-graph\">{\"@context\":\"https:\/\/schema.org\",\"@graph\":[{\"@type\":\"WebPage\",\"@id\":\"https:\/\/www.dakarmania.cz\/index.php\/souteze\/portalegre-2019\/\",\"url\":\"https:\/\/www.dakarmania.cz\/index.php\/souteze\/portalegre-2019\/\",\"name\":\"Baja Portalegre 2019 - DAKARMANIA.cz\",\"isPartOf\":{\"@id\":\"https:\/\/www.dakarmania.cz\/#website\"},\"primaryImageOfPage\":{\"@id\":\"https:\/\/www.dakarmania.cz\/index.php\/souteze\/portalegre-2019\/#primaryimage\"},\"image\":{\"@id\":\"https:\/\/www.dakarmania.cz\/index.php\/souteze\/portalegre-2019\/#primaryimage\"},\"thumbnailUrl\":\"https:\/\/www.dakarmania.cz\/wp-content\/uploads\/2019\/10\/19-portalegre-terranova-header-01.jpg\",\"datePublished\":\"2019-09-11T14:57:31+00:00\",\"dateModified\":\"2019-10-26T20:25:22+00:00\",\"description\":\"Portugalsk\u00e1 Baja Portalegre 500 byla z\u00e1v\u011bre\u010dn\u00fdm podnikem premi\u00e9rov\u00e9 sezony Sv\u011btov\u00e9ho poh\u00e1ru FIA v cross-country baj\u00e1ch 2019.\",\"breadcrumb\":{\"@id\":\"https:\/\/www.dakarmania.cz\/index.php\/souteze\/portalegre-2019\/#breadcrumb\"},\"inLanguage\":\"cs\",\"potentialAction\":[{\"@type\":\"ReadAction\",\"target\":[\"https:\/\/www.dakarmania.cz\/index.php\/souteze\/portalegre-2019\/\"]}]},{\"@type\":\"ImageObject\",\"inLanguage\":\"cs\",\"@id\":\"https:\/\/www.dakarmania.cz\/index.php\/souteze\/portalegre-2019\/#primaryimage\",\"url\":\"https:\/\/www.dakarmania.cz\/wp-content\/uploads\/2019\/10\/19-portalegre-terranova-header-01.jpg\",\"contentUrl\":\"https:\/\/www.dakarmania.cz\/wp-content\/uploads\/2019\/10\/19-portalegre-terranova-header-01.jpg\",\"width\":1600,\"height\":711,\"caption\":\"Orlando Terranova\/Ronnie Graue, Mini JCW Rally, X-raid. Baja Portalegre 2019. \u00a9 X-raid\"},{\"@type\":\"BreadcrumbList\",\"@id\":\"https:\/\/www.dakarmania.cz\/index.php\/souteze\/portalegre-2019\/#breadcrumb\",\"itemListElement\":[{\"@type\":\"ListItem\",\"position\":1,\"name\":\"Dom\u016f\",\"item\":\"https:\/\/www.dakarmania.cz\/\"},{\"@type\":\"ListItem\",\"position\":2,\"name\":\"Sout\u011b\u017ee\",\"item\":\"https:\/\/www.dakarmania.cz\/index.php\/souteze\/\"},{\"@type\":\"ListItem\",\"position\":3,\"name\":\"Baja Portalegre 2019\"}]},{\"@type\":\"WebSite\",\"@id\":\"https:\/\/www.dakarmania.cz\/#website\",\"url\":\"https:\/\/www.dakarmania.cz\/\",\"name\":\"DAKARMANIA.cz\",\"description\":\"\u017dijeme Dakarem cel\u00fd rok\",\"publisher\":{\"@id\":\"https:\/\/www.dakarmania.cz\/#organization\"},\"potentialAction\":[{\"@type\":\"SearchAction\",\"target\":{\"@type\":\"EntryPoint\",\"urlTemplate\":\"https:\/\/www.dakarmania.cz\/?s={search_term_string}\"},\"query-input\":{\"@type\":\"PropertyValueSpecification\",\"valueRequired\":true,\"valueName\":\"search_term_string\"}}],\"inLanguage\":\"cs\"},{\"@type\":\"Organization\",\"@id\":\"https:\/\/www.dakarmania.cz\/#organization\",\"name\":\"DAKAR MANIA\",\"url\":\"https:\/\/www.dakarmania.cz\/\",\"logo\":{\"@type\":\"ImageObject\",\"inLanguage\":\"cs\",\"@id\":\"https:\/\/www.dakarmania.cz\/#\/schema\/logo\/image\/\",\"url\":\"https:\/\/www.dakarmania.cz\/wp-content\/uploads\/2018\/12\/Dakar-Mania-Logo-Square-Orange.png\",\"contentUrl\":\"https:\/\/www.dakarmania.cz\/wp-content\/uploads\/2018\/12\/Dakar-Mania-Logo-Square-Orange.png\",\"width\":992,\"height\":992,\"caption\":\"DAKAR MANIA\"},\"image\":{\"@id\":\"https:\/\/www.dakarmania.cz\/#\/schema\/logo\/image\/\"},\"sameAs\":[\"https:\/\/www.facebook.com\/dakarmania\/\"]}]}<\/script>\n<!-- \/ Yoast SEO plugin. -->","yoast_head_json":{"title":"Baja Portalegre 2019 - DAKARMANIA.cz","description":"Portugalsk\u00e1 Baja Portalegre 500 byla z\u00e1v\u011bre\u010dn\u00fdm podnikem premi\u00e9rov\u00e9 sezony Sv\u011btov\u00e9ho poh\u00e1ru FIA v cross-country baj\u00e1ch 2019.","robots":{"index":"index","follow":"follow","max-snippet":"max-snippet:-1","max-image-preview":"max-image-preview:large","max-video-preview":"max-video-preview:-1"},"canonical":"https:\/\/www.dakarmania.cz\/index.php\/souteze\/portalegre-2019\/","og_locale":"cs_CZ","og_type":"article","og_title":"Baja Portalegre 2019 - DAKARMANIA.cz","og_description":"Portugalsk\u00e1 Baja Portalegre 500 byla z\u00e1v\u011bre\u010dn\u00fdm podnikem premi\u00e9rov\u00e9 sezony Sv\u011btov\u00e9ho poh\u00e1ru FIA v cross-country baj\u00e1ch 2019.","og_url":"https:\/\/www.dakarmania.cz\/index.php\/souteze\/portalegre-2019\/","og_site_name":"DAKARMANIA.cz","article_publisher":"https:\/\/www.facebook.com\/dakarmania\/","article_modified_time":"2019-10-26T20:25:22+00:00","og_image":[{"width":1600,"height":711,"url":"https:\/\/www.dakarmania.cz\/wp-content\/uploads\/2019\/10\/19-portalegre-terranova-header-01.jpg","type":"image\/jpeg"}],"twitter_card":"summary_large_image","twitter_misc":{"Odhadovan\u00e1 doba \u010dten\u00ed":"3 minuty"},"schema":{"@context":"https:\/\/schema.org","@graph":[{"@type":"WebPage","@id":"https:\/\/www.dakarmania.cz\/index.php\/souteze\/portalegre-2019\/","url":"https:\/\/www.dakarmania.cz\/index.php\/souteze\/portalegre-2019\/","name":"Baja Portalegre 2019 - DAKARMANIA.cz","isPartOf":{"@id":"https:\/\/www.dakarmania.cz\/#website"},"primaryImageOfPage":{"@id":"https:\/\/www.dakarmania.cz\/index.php\/souteze\/portalegre-2019\/#primaryimage"},"image":{"@id":"https:\/\/www.dakarmania.cz\/index.php\/souteze\/portalegre-2019\/#primaryimage"},"thumbnailUrl":"https:\/\/www.dakarmania.cz\/wp-content\/uploads\/2019\/10\/19-portalegre-terranova-header-01.jpg","datePublished":"2019-09-11T14:57:31+00:00","dateModified":"2019-10-26T20:25:22+00:00","description":"Portugalsk\u00e1 Baja Portalegre 500 byla z\u00e1v\u011bre\u010dn\u00fdm podnikem premi\u00e9rov\u00e9 sezony Sv\u011btov\u00e9ho poh\u00e1ru FIA v cross-country baj\u00e1ch 2019.","breadcrumb":{"@id":"https:\/\/www.dakarmania.cz\/index.php\/souteze\/portalegre-2019\/#breadcrumb"},"inLanguage":"cs","potentialAction":[{"@type":"ReadAction","target":["https:\/\/www.dakarmania.cz\/index.php\/souteze\/portalegre-2019\/"]}]},{"@type":"ImageObject","inLanguage":"cs","@id":"https:\/\/www.dakarmania.cz\/index.php\/souteze\/portalegre-2019\/#primaryimage","url":"https:\/\/www.dakarmania.cz\/wp-content\/uploads\/2019\/10\/19-portalegre-terranova-header-01.jpg","contentUrl":"https:\/\/www.dakarmania.cz\/wp-content\/uploads\/2019\/10\/19-portalegre-terranova-header-01.jpg","width":1600,"height":711,"caption":"Orlando Terranova\/Ronnie Graue, Mini JCW Rally, X-raid. Baja Portalegre 2019. \u00a9 X-raid"},{"@type":"BreadcrumbList","@id":"https:\/\/www.dakarmania.cz\/index.php\/souteze\/portalegre-2019\/#breadcrumb","itemListElement":[{"@type":"ListItem","position":1,"name":"Dom\u016f","item":"https:\/\/www.dakarmania.cz\/"},{"@type":"ListItem","position":2,"name":"Sout\u011b\u017ee","item":"https:\/\/www.dakarmania.cz\/index.php\/souteze\/"},{"@type":"ListItem","position":3,"name":"Baja Portalegre 2019"}]},{"@type":"WebSite","@id":"https:\/\/www.dakarmania.cz\/#website","url":"https:\/\/www.dakarmania.cz\/","name":"DAKARMANIA.cz","description":"\u017dijeme Dakarem cel\u00fd rok","publisher":{"@id":"https:\/\/www.dakarmania.cz\/#organization"},"potentialAction":[{"@type":"SearchAction","target":{"@type":"EntryPoint","urlTemplate":"https:\/\/www.dakarmania.cz\/?s={search_term_string}"},"query-input":{"@type":"PropertyValueSpecification","valueRequired":true,"valueName":"search_term_string"}}],"inLanguage":"cs"},{"@type":"Organization","@id":"https:\/\/www.dakarmania.cz\/#organization","name":"DAKAR MANIA","url":"https:\/\/www.dakarmania.cz\/","logo":{"@type":"ImageObject","inLanguage":"cs","@id":"https:\/\/www.dakarmania.cz\/#\/schema\/logo\/image\/","url":"https:\/\/www.dakarmania.cz\/wp-content\/uploads\/2018\/12\/Dakar-Mania-Logo-Square-Orange.png","contentUrl":"https:\/\/www.dakarmania.cz\/wp-content\/uploads\/2018\/12\/Dakar-Mania-Logo-Square-Orange.png","width":992,"height":992,"caption":"DAKAR MANIA"},"image":{"@id":"https:\/\/www.dakarmania.cz\/#\/schema\/logo\/image\/"},"sameAs":["https:\/\/www.facebook.com\/dakarmania\/"]}]}},"amp_enabled":false,"_links":{"self":[{"href":"https:\/\/www.dakarmania.cz\/index.php\/wp-json\/wp\/v2\/pages\/11445","targetHints":{"allow":["GET"]}}],"collection":[{"href":"https:\/\/www.dakarmania.cz\/index.php\/wp-json\/wp\/v2\/pages"}],"about":[{"href":"https:\/\/www.dakarmania.cz\/index.php\/wp-json\/wp\/v2\/types\/page"}],"author":[{"embeddable":true,"href":"https:\/\/www.dakarmania.cz\/index.php\/wp-json\/wp\/v2\/users\/1"}],"replies":[{"embeddable":true,"href":"https:\/\/www.dakarmania.cz\/index.php\/wp-json\/wp\/v2\/comments?post=11445"}],"version-history":[{"count":10,"href":"https:\/\/www.dakarmania.cz\/index.php\/wp-json\/wp\/v2\/pages\/11445\/revisions"}],"predecessor-version":[{"id":12888,"href":"https:\/\/www.dakarmania.cz\/index.php\/wp-json\/wp\/v2\/pages\/11445\/revisions\/12888"}],"up":[{"embeddable":true,"href":"https:\/\/www.dakarmania.cz\/index.php\/wp-json\/wp\/v2\/pages\/4410"}],"wp:featuredmedia":[{"embeddable":true,"href":"https:\/\/www.dakarmania.cz\/index.php\/wp-json\/wp\/v2\/media\/12887"}],"wp:attachment":[{"href":"https:\/\/www.dakarmania.cz\/index.php\/wp-json\/wp\/v2\/media?parent=11445"}],"curies":[{"name":"wp","href":"https:\/\/api.w.org\/{rel}","templated":true}]}}