{"id":12619,"date":"2019-10-14T17:21:53","date_gmt":"2019-10-14T15:21:53","guid":{"rendered":"https:\/\/www.dakarmania.cz\/?page_id=12619"},"modified":"2020-06-06T18:06:33","modified_gmt":"2020-06-06T16:06:33","slug":"aer-cesi","status":"publish","type":"page","link":"https:\/\/www.dakarmania.cz\/index.php\/souteze\/aer-cesi\/","title":{"rendered":"Africa Eco Race: \u010ce\u0161i"},"content":{"rendered":"<p>[vc_row][vc_column][vc_btn title=&#8221;Africa Eco Race&#8221; style=&#8221;outline&#8221; shape=&#8221;square&#8221; size=&#8221;xs&#8221; align=&#8221;right&#8221; i_align=&#8221;right&#8221; i_icon_fontawesome=&#8221;fa fa-chevron-up&#8221; css_animation=&#8221;fadeIn&#8221; add_icon=&#8221;true&#8221; css=&#8221;.vc_custom_1571066127257{padding-right: 1px !important;padding-left: 1px !important;}&#8221; link=&#8221;url:%2Findex.php%2Fsouteze%2F%23aer|||&#8221;][vc_btn title=&#8221;2020&#8243; style=&#8221;classic&#8221; shape=&#8221;square&#8221; size=&#8221;xs&#8221; css_animation=&#8221;fadeIn&#8221; css=&#8221;.vc_custom_1591458110985{padding-right: 1px !important;padding-left: 1px !important;}&#8221; link=&#8221;url:%2Findex.php%2Fsouteze%2Faer-cesi%2F%232020|||&#8221;][vc_btn title=&#8221;2019&#8243; style=&#8221;classic&#8221; shape=&#8221;square&#8221; size=&#8221;xs&#8221; css_animation=&#8221;fadeIn&#8221; css=&#8221;.vc_custom_1591458125835{padding-right: 1px !important;padding-left: 1px !important;}&#8221; link=&#8221;url:%2Findex.php%2Fsouteze%2Faer-cesi%2F%232019|||&#8221;][vc_tta_pageable no_fill_content_area=&#8221;1&#8243; active_section=&#8221;1&#8243; pagination_style=&#8221;&#8221; css_animation=&#8221;fadeIn&#8221;][vc_tta_section title=&#8221;2020&#8243; tab_id=&#8221;2020&#8243;][vc_column_text css_animation=&#8221;fadeIn&#8221; css=&#8221;.vc_custom_1591459583984{padding-top: 200px !important;padding-right: 15px !important;padding-bottom: 15px !important;padding-left: 15px !important;background: #f2f2f2 url(https:\/\/www.dakarmania.cz\/wp-content\/uploads\/2020\/06\/20-aer-tomecek-header-06.jpg?id=16250) !important;background-position: center !important;background-repeat: no-repeat !important;background-size: cover !important;}&#8221;]<\/p>\n<h1 style=\"text-align: left;\"><span style=\"background-color: #ee8027; opacity: 0.7;\"><span style=\"color: #ffffff; padding: 10px;\">\u010cE\u0160I<\/span><br \/>\n<span style=\"color: #ffffff; padding: 10px;\">NA AFRICA ECO RACE<\/span><br \/>\n<span style=\"color: #ffffff; padding: 10px;\">2020<\/span><\/span><\/h1>\n<p>[\/vc_column_text][vc_column_text css_animation=&#8221;fadeIn&#8221;]Tom\u00e1\u0161 Tome\u010dek byl jedin\u00fdm \u010desk\u00fdm \u00fa\u010dastn\u00edkem tohoto ro\u010dn\u00edku, pot\u0159et\u00ed jej absolvoval bez spolujezdce, p\u0159i des\u00e1t\u00e9m startu se podev\u00e1t\u00e9 prosadil na stupn\u011b v\u00edt\u011bz\u016f[\/vc_column_text][vc_column_text css_animation=&#8221;fadeIn&#8221;]<\/p>\n<table style=\"width: 97.7654%;\" rules=\"rows\" cellpadding=\"4px\">\n<tbody>\n<tr style=\"color: #808080;\">\n<td colspan=\"5\">\n<h4>KAMIONY<\/h4>\n<\/td>\n<\/tr>\n<tr style=\"background-color: #dbd9d9;\">\n<td>3.<\/td>\n<td>Tom\u00e1\u0161 Tome\u010dek<\/td>\n<td class=\"nomobile\">#406<\/td>\n<td>Tatra 815 2T0R45<\/td>\n<td class=\"nomobile\">Promet\/Czechoslovak Group Team<\/td>\n<\/tr>\n<\/tbody>\n<\/table>\n<p>[\/vc_column_text][\/vc_tta_section][vc_tta_section title=&#8221;2019&#8243; tab_id=&#8221;2019&#8243;][vc_row_inner][vc_column_inner][vc_column_text css_animation=&#8221;fadeIn&#8221; css=&#8221;.vc_custom_1591458889550{padding-top: 200px !important;padding-right: 15px !important;padding-bottom: 15px !important;padding-left: 15px !important;background: #f2f2f2 url(https:\/\/www.dakarmania.cz\/wp-content\/uploads\/2019\/10\/19-aer-tomecek-header-01.jpg?id=12955) !important;background-position: center !important;background-repeat: no-repeat !important;background-size: cover !important;}&#8221;]<\/p>\n<h1 style=\"text-align: left;\"><span style=\"background-color: #ee8027; opacity: 0.7;\"><span style=\"color: #ffffff; padding: 10px;\">\u010cE\u0160I<\/span><br \/>\n<span style=\"color: #ffffff; padding: 10px;\">NA AFRICA ECO RACE<\/span><br \/>\n<span style=\"color: #ffffff; padding: 10px;\">2019<\/span><\/span><\/h1>\n<p>[\/vc_column_text][vc_column_text css_animation=&#8221;fadeIn&#8221;]Tom\u00e1\u0161 Tome\u010dek absolvoval z\u00e1vod podruh\u00e9 bez spolujezdce | Debutovali Petr \u010capka, Luk\u00e1\u0161 Kvapil, Zden\u011bk Voda[\/vc_column_text][vc_column_text css_animation=&#8221;fadeIn&#8221;]<\/p>\n<table style=\"width: 97.7654%;\" rules=\"rows\" cellpadding=\"4px\">\n<tbody>\n<tr style=\"color: #808080;\">\n<td colspan=\"5\">\n<h4>KAMIONY<\/h4>\n<\/td>\n<\/tr>\n<tr style=\"background-color: #dbd9d9;\">\n<td>5.<\/td>\n<td>Tom\u00e1\u0161 Tome\u010dek<\/td>\n<td class=\"nomobile\">#400<\/td>\n<td>Tatra 815 2T0R45<\/td>\n<td class=\"nomobile\">Promet\/Czechoslovak Group Team<\/td>\n<\/tr>\n<tr style=\"background-color: #f2f2f2;\">\n<td>DNF<\/td>\n<td>Petr \u010capka<br \/>\nZden\u011bk Voda<\/td>\n<td class=\"nomobile\">#406<\/td>\n<td>Tatra 815 2T0R45<\/td>\n<td class=\"nomobile\">\u010capka Rallysport<\/td>\n<\/tr>\n<tr style=\"color: #808080;\">\n<td colspan=\"5\">\n<h4>MOTOCYKLY<\/h4>\n<\/td>\n<\/tr>\n<tr style=\"background-color: #dbd9d9;\">\n<td>25.<\/td>\n<td>Luk\u00e1\u0161 Kvapil<\/td>\n<td class=\"nomobile\">#145<\/td>\n<td>Husqvarna 450 Rally<\/td>\n<td class=\"nomobile\">LR Horsepower<\/td>\n<\/tr>\n<\/tbody>\n<\/table>\n<p>[\/vc_column_text][\/vc_column_inner][\/vc_row_inner][\/vc_tta_section][\/vc_tta_pageable][\/vc_column][\/vc_row][vc_row][vc_column][\/vc_column][\/vc_row]<\/p>\n","protected":false},"excerpt":{"rendered":"<p>P\u0159ehled v\u00fdsledk\u016f \u010desk\u00fdch \u00fa\u010dastn\u00edk\u016f na Africa Eco Race, kter\u00fd pat\u0159\u00ed k nejv\u00fdznamn\u011bj\u0161\u00edm maratonsk\u00fdm motoristick\u00fdm sout\u011b\u017e\u00edm a vede severn\u00ed Afrikou do Dakaru.<\/p>\n","protected":false},"author":1,"featured_media":12617,"parent":4410,"menu_order":0,"comment_status":"closed","ping_status":"closed","template":"page-templates\/builder.php","meta":{"footnotes":""},"class_list":["post-12619","page","type-page","status-publish","has-post-thumbnail","hentry"],"yoast_head":"<!-- This site is optimized with the Yoast SEO plugin v24.9 - https:\/\/yoast.com\/wordpress\/plugins\/seo\/ -->\n<title>Africa Eco Race: \u010ce\u0161i - DAKARMANIA.cz<\/title>\n<meta name=\"description\" content=\"P\u0159ehled v\u00fdsledk\u016f \u010desk\u00fdch \u00fa\u010dastn\u00edk\u016f na Africa Eco Race, kter\u00fd pat\u0159\u00ed k nejv\u00fdznamn\u011bj\u0161\u00edm maratonsk\u00fdm motoristick\u00fdm sout\u011b\u017e\u00edm a vede severn\u00ed Afrikou do Dakaru.\" \/>\n<meta name=\"robots\" content=\"index, follow, max-snippet:-1, max-image-preview:large, max-video-preview:-1\" \/>\n<link rel=\"canonical\" href=\"https:\/\/www.dakarmania.cz\/index.php\/souteze\/aer-cesi\/\" \/>\n<meta property=\"og:locale\" content=\"cs_CZ\" \/>\n<meta property=\"og:type\" content=\"article\" \/>\n<meta property=\"og:title\" content=\"Africa Eco Race: \u010ce\u0161i - DAKARMANIA.cz\" \/>\n<meta property=\"og:description\" content=\"P\u0159ehled v\u00fdsledk\u016f \u010desk\u00fdch \u00fa\u010dastn\u00edk\u016f na Africa Eco Race, kter\u00fd pat\u0159\u00ed k nejv\u00fdznamn\u011bj\u0161\u00edm maratonsk\u00fdm motoristick\u00fdm sout\u011b\u017e\u00edm a vede severn\u00ed Afrikou do Dakaru.\" \/>\n<meta property=\"og:url\" content=\"https:\/\/www.dakarmania.cz\/index.php\/souteze\/aer-cesi\/\" \/>\n<meta property=\"og:site_name\" content=\"DAKARMANIA.cz\" \/>\n<meta property=\"article:publisher\" content=\"https:\/\/www.facebook.com\/dakarmania\/\" \/>\n<meta property=\"article:modified_time\" content=\"2020-06-06T16:06:33+00:00\" \/>\n<meta property=\"og:image\" content=\"https:\/\/www.dakarmania.cz\/wp-content\/uploads\/2019\/10\/18-aer-tomecek-header-01.jpg\" \/>\n\t<meta property=\"og:image:width\" content=\"1600\" \/>\n\t<meta property=\"og:image:height\" content=\"710\" \/>\n\t<meta property=\"og:image:type\" content=\"image\/jpeg\" \/>\n<meta name=\"twitter:card\" content=\"summary_large_image\" \/>\n<meta name=\"twitter:label1\" content=\"Odhadovan\u00e1 doba \u010dten\u00ed\" \/>\n\t<meta name=\"twitter:data1\" content=\"2 minuty\" \/>\n<script type=\"application\/ld+json\" class=\"yoast-schema-graph\">{\"@context\":\"https:\/\/schema.org\",\"@graph\":[{\"@type\":\"WebPage\",\"@id\":\"https:\/\/www.dakarmania.cz\/index.php\/souteze\/aer-cesi\/\",\"url\":\"https:\/\/www.dakarmania.cz\/index.php\/souteze\/aer-cesi\/\",\"name\":\"Africa Eco Race: \u010ce\u0161i - DAKARMANIA.cz\",\"isPartOf\":{\"@id\":\"https:\/\/www.dakarmania.cz\/#website\"},\"primaryImageOfPage\":{\"@id\":\"https:\/\/www.dakarmania.cz\/index.php\/souteze\/aer-cesi\/#primaryimage\"},\"image\":{\"@id\":\"https:\/\/www.dakarmania.cz\/index.php\/souteze\/aer-cesi\/#primaryimage\"},\"thumbnailUrl\":\"https:\/\/www.dakarmania.cz\/wp-content\/uploads\/2019\/10\/18-aer-tomecek-header-01.jpg\",\"datePublished\":\"2019-10-14T15:21:53+00:00\",\"dateModified\":\"2020-06-06T16:06:33+00:00\",\"description\":\"P\u0159ehled v\u00fdsledk\u016f \u010desk\u00fdch \u00fa\u010dastn\u00edk\u016f na Africa Eco Race, kter\u00fd pat\u0159\u00ed k nejv\u00fdznamn\u011bj\u0161\u00edm maratonsk\u00fdm motoristick\u00fdm sout\u011b\u017e\u00edm a vede severn\u00ed Afrikou do Dakaru.\",\"breadcrumb\":{\"@id\":\"https:\/\/www.dakarmania.cz\/index.php\/souteze\/aer-cesi\/#breadcrumb\"},\"inLanguage\":\"cs\",\"potentialAction\":[{\"@type\":\"ReadAction\",\"target\":[\"https:\/\/www.dakarmania.cz\/index.php\/souteze\/aer-cesi\/\"]}]},{\"@type\":\"ImageObject\",\"inLanguage\":\"cs\",\"@id\":\"https:\/\/www.dakarmania.cz\/index.php\/souteze\/aer-cesi\/#primaryimage\",\"url\":\"https:\/\/www.dakarmania.cz\/wp-content\/uploads\/2019\/10\/18-aer-tomecek-header-01.jpg\",\"contentUrl\":\"https:\/\/www.dakarmania.cz\/wp-content\/uploads\/2019\/10\/18-aer-tomecek-header-01.jpg\",\"width\":1600,\"height\":710,\"caption\":\"Tom\u00e1\u0161 Tome\u010dek, Tatra 815, Promet\/Czechoslovak Group Team. Africa Eco Race 2018. \u00a9 Tom Racing\"},{\"@type\":\"BreadcrumbList\",\"@id\":\"https:\/\/www.dakarmania.cz\/index.php\/souteze\/aer-cesi\/#breadcrumb\",\"itemListElement\":[{\"@type\":\"ListItem\",\"position\":1,\"name\":\"Dom\u016f\",\"item\":\"https:\/\/www.dakarmania.cz\/\"},{\"@type\":\"ListItem\",\"position\":2,\"name\":\"Sout\u011b\u017ee\",\"item\":\"https:\/\/www.dakarmania.cz\/index.php\/souteze\/\"},{\"@type\":\"ListItem\",\"position\":3,\"name\":\"Africa Eco Race: \u010ce\u0161i\"}]},{\"@type\":\"WebSite\",\"@id\":\"https:\/\/www.dakarmania.cz\/#website\",\"url\":\"https:\/\/www.dakarmania.cz\/\",\"name\":\"DAKARMANIA.cz\",\"description\":\"\u017dijeme Dakarem cel\u00fd rok\",\"publisher\":{\"@id\":\"https:\/\/www.dakarmania.cz\/#organization\"},\"potentialAction\":[{\"@type\":\"SearchAction\",\"target\":{\"@type\":\"EntryPoint\",\"urlTemplate\":\"https:\/\/www.dakarmania.cz\/?s={search_term_string}\"},\"query-input\":{\"@type\":\"PropertyValueSpecification\",\"valueRequired\":true,\"valueName\":\"search_term_string\"}}],\"inLanguage\":\"cs\"},{\"@type\":\"Organization\",\"@id\":\"https:\/\/www.dakarmania.cz\/#organization\",\"name\":\"DAKAR MANIA\",\"url\":\"https:\/\/www.dakarmania.cz\/\",\"logo\":{\"@type\":\"ImageObject\",\"inLanguage\":\"cs\",\"@id\":\"https:\/\/www.dakarmania.cz\/#\/schema\/logo\/image\/\",\"url\":\"https:\/\/www.dakarmania.cz\/wp-content\/uploads\/2018\/12\/Dakar-Mania-Logo-Square-Orange.png\",\"contentUrl\":\"https:\/\/www.dakarmania.cz\/wp-content\/uploads\/2018\/12\/Dakar-Mania-Logo-Square-Orange.png\",\"width\":992,\"height\":992,\"caption\":\"DAKAR MANIA\"},\"image\":{\"@id\":\"https:\/\/www.dakarmania.cz\/#\/schema\/logo\/image\/\"},\"sameAs\":[\"https:\/\/www.facebook.com\/dakarmania\/\"]}]}<\/script>\n<!-- \/ Yoast SEO plugin. -->","yoast_head_json":{"title":"Africa Eco Race: \u010ce\u0161i - DAKARMANIA.cz","description":"P\u0159ehled v\u00fdsledk\u016f \u010desk\u00fdch \u00fa\u010dastn\u00edk\u016f na Africa Eco Race, kter\u00fd pat\u0159\u00ed k nejv\u00fdznamn\u011bj\u0161\u00edm maratonsk\u00fdm motoristick\u00fdm sout\u011b\u017e\u00edm a vede severn\u00ed Afrikou do Dakaru.","robots":{"index":"index","follow":"follow","max-snippet":"max-snippet:-1","max-image-preview":"max-image-preview:large","max-video-preview":"max-video-preview:-1"},"canonical":"https:\/\/www.dakarmania.cz\/index.php\/souteze\/aer-cesi\/","og_locale":"cs_CZ","og_type":"article","og_title":"Africa Eco Race: \u010ce\u0161i - DAKARMANIA.cz","og_description":"P\u0159ehled v\u00fdsledk\u016f \u010desk\u00fdch \u00fa\u010dastn\u00edk\u016f na Africa Eco Race, kter\u00fd pat\u0159\u00ed k nejv\u00fdznamn\u011bj\u0161\u00edm maratonsk\u00fdm motoristick\u00fdm sout\u011b\u017e\u00edm a vede severn\u00ed Afrikou do Dakaru.","og_url":"https:\/\/www.dakarmania.cz\/index.php\/souteze\/aer-cesi\/","og_site_name":"DAKARMANIA.cz","article_publisher":"https:\/\/www.facebook.com\/dakarmania\/","article_modified_time":"2020-06-06T16:06:33+00:00","og_image":[{"width":1600,"height":710,"url":"https:\/\/www.dakarmania.cz\/wp-content\/uploads\/2019\/10\/18-aer-tomecek-header-01.jpg","type":"image\/jpeg"}],"twitter_card":"summary_large_image","twitter_misc":{"Odhadovan\u00e1 doba \u010dten\u00ed":"2 minuty"},"schema":{"@context":"https:\/\/schema.org","@graph":[{"@type":"WebPage","@id":"https:\/\/www.dakarmania.cz\/index.php\/souteze\/aer-cesi\/","url":"https:\/\/www.dakarmania.cz\/index.php\/souteze\/aer-cesi\/","name":"Africa Eco Race: \u010ce\u0161i - DAKARMANIA.cz","isPartOf":{"@id":"https:\/\/www.dakarmania.cz\/#website"},"primaryImageOfPage":{"@id":"https:\/\/www.dakarmania.cz\/index.php\/souteze\/aer-cesi\/#primaryimage"},"image":{"@id":"https:\/\/www.dakarmania.cz\/index.php\/souteze\/aer-cesi\/#primaryimage"},"thumbnailUrl":"https:\/\/www.dakarmania.cz\/wp-content\/uploads\/2019\/10\/18-aer-tomecek-header-01.jpg","datePublished":"2019-10-14T15:21:53+00:00","dateModified":"2020-06-06T16:06:33+00:00","description":"P\u0159ehled v\u00fdsledk\u016f \u010desk\u00fdch \u00fa\u010dastn\u00edk\u016f na Africa Eco Race, kter\u00fd pat\u0159\u00ed k nejv\u00fdznamn\u011bj\u0161\u00edm maratonsk\u00fdm motoristick\u00fdm sout\u011b\u017e\u00edm a vede severn\u00ed Afrikou do Dakaru.","breadcrumb":{"@id":"https:\/\/www.dakarmania.cz\/index.php\/souteze\/aer-cesi\/#breadcrumb"},"inLanguage":"cs","potentialAction":[{"@type":"ReadAction","target":["https:\/\/www.dakarmania.cz\/index.php\/souteze\/aer-cesi\/"]}]},{"@type":"ImageObject","inLanguage":"cs","@id":"https:\/\/www.dakarmania.cz\/index.php\/souteze\/aer-cesi\/#primaryimage","url":"https:\/\/www.dakarmania.cz\/wp-content\/uploads\/2019\/10\/18-aer-tomecek-header-01.jpg","contentUrl":"https:\/\/www.dakarmania.cz\/wp-content\/uploads\/2019\/10\/18-aer-tomecek-header-01.jpg","width":1600,"height":710,"caption":"Tom\u00e1\u0161 Tome\u010dek, Tatra 815, Promet\/Czechoslovak Group Team. Africa Eco Race 2018. \u00a9 Tom Racing"},{"@type":"BreadcrumbList","@id":"https:\/\/www.dakarmania.cz\/index.php\/souteze\/aer-cesi\/#breadcrumb","itemListElement":[{"@type":"ListItem","position":1,"name":"Dom\u016f","item":"https:\/\/www.dakarmania.cz\/"},{"@type":"ListItem","position":2,"name":"Sout\u011b\u017ee","item":"https:\/\/www.dakarmania.cz\/index.php\/souteze\/"},{"@type":"ListItem","position":3,"name":"Africa Eco Race: \u010ce\u0161i"}]},{"@type":"WebSite","@id":"https:\/\/www.dakarmania.cz\/#website","url":"https:\/\/www.dakarmania.cz\/","name":"DAKARMANIA.cz","description":"\u017dijeme Dakarem cel\u00fd rok","publisher":{"@id":"https:\/\/www.dakarmania.cz\/#organization"},"potentialAction":[{"@type":"SearchAction","target":{"@type":"EntryPoint","urlTemplate":"https:\/\/www.dakarmania.cz\/?s={search_term_string}"},"query-input":{"@type":"PropertyValueSpecification","valueRequired":true,"valueName":"search_term_string"}}],"inLanguage":"cs"},{"@type":"Organization","@id":"https:\/\/www.dakarmania.cz\/#organization","name":"DAKAR MANIA","url":"https:\/\/www.dakarmania.cz\/","logo":{"@type":"ImageObject","inLanguage":"cs","@id":"https:\/\/www.dakarmania.cz\/#\/schema\/logo\/image\/","url":"https:\/\/www.dakarmania.cz\/wp-content\/uploads\/2018\/12\/Dakar-Mania-Logo-Square-Orange.png","contentUrl":"https:\/\/www.dakarmania.cz\/wp-content\/uploads\/2018\/12\/Dakar-Mania-Logo-Square-Orange.png","width":992,"height":992,"caption":"DAKAR MANIA"},"image":{"@id":"https:\/\/www.dakarmania.cz\/#\/schema\/logo\/image\/"},"sameAs":["https:\/\/www.facebook.com\/dakarmania\/"]}]}},"amp_enabled":false,"_links":{"self":[{"href":"https:\/\/www.dakarmania.cz\/index.php\/wp-json\/wp\/v2\/pages\/12619","targetHints":{"allow":["GET"]}}],"collection":[{"href":"https:\/\/www.dakarmania.cz\/index.php\/wp-json\/wp\/v2\/pages"}],"about":[{"href":"https:\/\/www.dakarmania.cz\/index.php\/wp-json\/wp\/v2\/types\/page"}],"author":[{"embeddable":true,"href":"https:\/\/www.dakarmania.cz\/index.php\/wp-json\/wp\/v2\/users\/1"}],"replies":[{"embeddable":true,"href":"https:\/\/www.dakarmania.cz\/index.php\/wp-json\/wp\/v2\/comments?post=12619"}],"version-history":[{"count":6,"href":"https:\/\/www.dakarmania.cz\/index.php\/wp-json\/wp\/v2\/pages\/12619\/revisions"}],"predecessor-version":[{"id":16251,"href":"https:\/\/www.dakarmania.cz\/index.php\/wp-json\/wp\/v2\/pages\/12619\/revisions\/16251"}],"up":[{"embeddable":true,"href":"https:\/\/www.dakarmania.cz\/index.php\/wp-json\/wp\/v2\/pages\/4410"}],"wp:featuredmedia":[{"embeddable":true,"href":"https:\/\/www.dakarmania.cz\/index.php\/wp-json\/wp\/v2\/media\/12617"}],"wp:attachment":[{"href":"https:\/\/www.dakarmania.cz\/index.php\/wp-json\/wp\/v2\/media?parent=12619"}],"curies":[{"name":"wp","href":"https:\/\/api.w.org\/{rel}","templated":true}]}}