{"id":15380,"date":"2020-02-23T23:14:00","date_gmt":"2020-02-23T22:14:00","guid":{"rendered":"https:\/\/www.dakarmania.cz\/?page_id=15380"},"modified":"2023-07-20T20:51:23","modified_gmt":"2023-07-20T18:51:23","slug":"qatar-ccr-2020","status":"publish","type":"page","link":"https:\/\/www.dakarmania.cz\/index.php\/souteze\/qatar-ccr-2020\/","title":{"rendered":"Qatar Cross-Country Rally 2020"},"content":{"rendered":"<p>[vc_row css_animation=&#8221;fadeIn&#8221; no_sep_borders=&#8221;yes&#8221;][vc_column][vc_btn title=&#8221;Sout\u011b\u017ee&#8221; style=&#8221;outline&#8221; shape=&#8221;square&#8221; color=&#8221;warning&#8221; size=&#8221;xs&#8221; align=&#8221;right&#8221; i_align=&#8221;right&#8221; i_icon_fontawesome=&#8221;fa fa-chevron-up&#8221; css_animation=&#8221;fadeIn&#8221; add_icon=&#8221;true&#8221; css=&#8221;.vc_custom_1618597350714{padding-right: 1px !important;padding-left: 1px !important;}&#8221; link=&#8221;url:%2Findex.php%2Fsouteze%2F|||&#8221;][vc_column_text css_animation=&#8221;fadeIn&#8221; css=&#8221;.vc_custom_1582494673163{padding-top: 200px !important;padding-right: 15px !important;padding-bottom: 15px !important;padding-left: 15px !important;background: #f2f2f2 url(https:\/\/www.dakarmania.cz\/wp-content\/uploads\/2020\/02\/19-qccr-al-attiyah-header-01.jpg?id=15334) !important;background-position: center !important;background-repeat: no-repeat !important;background-size: cover !important;}&#8221;]<\/p>\n<h1 style=\"text-align: left;\"><span style=\"background-color: #ee8027; opacity: 0.7;\"><span style=\"color: #ffffff; padding: 10px;\">QATAR CROSS-COUNTRY<\/span><br \/>\n<span style=\"color: #ffffff; padding: 10px;\">RALLY 2020<\/span><\/span><\/h1>\n<p>[\/vc_column_text][vc_empty_space height=&#8221;5px&#8221;][vc_row_inner el_id=&#8221;info&#8221;][vc_column_inner width=&#8221;1\/2&#8243;][vc_column_text css_animation=&#8221;fadeIn&#8221;]<strong>9. ro\u010dn\u00edk | 22. a\u017e 27. \u00fanora | Dauh\u00e1, Katar<\/strong><\/p>\n<p>Celkem 2199 km, z toho 1426 km rychlostn\u00edch zkou\u0161ek | 6 rychlostn\u00edch zkou\u0161ek v 5 etap\u00e1ch<\/p>\n<p>1. podnik <a href=\"\/index.php\/sampionaty\/sp-fia-ccr-2020\/\"><span style=\"color: #ee8027;\">Sv\u011btov\u00e9ho poh\u00e1ru FIA v cross-country rally 2020<\/span><\/a>[\/vc_column_text][\/vc_column_inner][vc_column_inner width=&#8221;1\/2&#8243;][vc_btn title=&#8221;V\u00edt\u011bzov\u00e9&#8221; style=&#8221;outline&#8221; shape=&#8221;square&#8221; color=&#8221;warning&#8221; size=&#8221;sm&#8221; align=&#8221;center&#8221; i_icon_fontawesome=&#8221;fa fa-trophy&#8221; css_animation=&#8221;fadeIn&#8221; button_block=&#8221;true&#8221; add_icon=&#8221;true&#8221; link=&#8221;url:%2Findex.php%2Fsouteze%2Fqatar-ccr-vitezove%2F|||&#8221; css=&#8221;.vc_custom_1625071080216{margin-top: 2px !important;margin-right: 5px !important;margin-bottom: 2px !important;margin-left: 5px !important;}&#8221;][\/vc_column_inner][\/vc_row_inner][vc_row_inner][vc_column_inner][vc_column_text css_animation=&#8221;fadeIn&#8221;]<\/p>\n<h3><span style=\"color: #808080;\">V\u00fdsledky Manateq Qatar Cross-Country Rally 2020<\/span><\/h3>\n<p>[\/vc_column_text][vc_btn title=&#8221;V\u00fdsledky: AUTO (FIA)&#8221; style=&#8221;classic&#8221; shape=&#8221;square&#8221; color=&#8221;warning&#8221; size=&#8221;xs&#8221; css_animation=&#8221;fadeIn&#8221; link=&#8221;url:%2Findex.php%2Fsouteze%2Fqatar-ccr-2020%2F%23auto|||&#8221; css=&#8221;.vc_custom_1619190172102{margin-top: 2px !important;margin-right: 2px !important;margin-bottom: 2px !important;margin-left: 2px !important;}&#8221;][vc_btn title=&#8221;V\u00fdsledky: T3 (FIA)&#8221; style=&#8221;classic&#8221; shape=&#8221;square&#8221; color=&#8221;warning&#8221; size=&#8221;xs&#8221; css_animation=&#8221;fadeIn&#8221; link=&#8221;url:%2Findex.php%2Fsouteze%2Fqatar-ccr-2020%2F%23t3|||&#8221; css=&#8221;.vc_custom_1624280168971{margin-top: 2px !important;margin-right: 2px !important;margin-bottom: 2px !important;margin-left: 2px !important;}&#8221;][vc_btn title=&#8221;Program&#8221; style=&#8221;outline&#8221; shape=&#8221;square&#8221; color=&#8221;warning&#8221; size=&#8221;xs&#8221; css_animation=&#8221;fadeIn&#8221; link=&#8221;url:%2Findex.php%2Fsouteze%2Fqatar-ccr-2020%2F%23program|||&#8221; css=&#8221;.vc_custom_1624280149319{margin-top: 2px !important;margin-right: 2px !important;margin-bottom: 2px !important;margin-left: 2px !important;}&#8221;][\/vc_column_inner][\/vc_row_inner][vc_tta_pageable no_fill_content_area=&#8221;1&#8243; active_section=&#8221;1&#8243; pagination_style=&#8221;&#8221; css_animation=&#8221;fadeIn&#8221; el_id=&#8221;vysledky&#8221; css=&#8221;.vc_custom_1566586979997{padding-right: 10px !important;padding-left: 10px !important;background-color: #f4f4f4 !important;}&#8221;][vc_tta_section title=&#8221;Auto&#8221; tab_id=&#8221;auto&#8221;][vc_row_inner][vc_column_inner][vc_column_text css_animation=&#8221;fadeIn&#8221;]<\/p>\n<table style=\"width: 97.7654%;\" rules=\"rows\" cellpadding=\"4px\">\n<tbody>\n<tr style=\"background-color: #808080; color: white;\">\n<td style=\"text-align: center;\" colspan=\"4\"><span style=\"font-size: 10pt;\"><strong>QATAR CCR 2020 &#8211; AUTOMOBILY (FIA)<br \/>\nkone\u010dn\u00e9 v\u00fdsledky<\/strong><\/span><\/td>\n<\/tr>\n<tr style=\"background-color: #f2f2f2;\">\n<td>1.<\/td>\n<td><a href=\"\/index.php\/osobnosti\/nasser-al-attiyah\/\"><span style=\"color: #ee8027;\">Nasser Al-Attiyah<\/span><\/a> \/ <a href=\"\/index.php\/osobnosti\/mathieu-baumel\/\"><span style=\"color: #ee8027;\">Mathieu Baumel<\/span><\/a><\/td>\n<td>Toyota Hilux<\/td>\n<td style=\"text-align: right;\">11:48:56<\/td>\n<\/tr>\n<tr style=\"background-color: #dbd9d9;\">\n<td>2.<\/td>\n<td><a href=\"\/index.php\/osobnosti\/yazeed-al-rajhi\/\"><span style=\"color: #ee8027;\">Yazeed Al-Rajhi<\/span><\/a> \/ <a href=\"\/index.php\/osobnosti\/michael-orr\/\"><span style=\"color: #ee8027;\">Michael Orr<\/span><\/a><\/td>\n<td>Toyota Hilux<\/td>\n<td style=\"text-align: right;\">+ 1:31:40<\/td>\n<\/tr>\n<tr style=\"background-color: #f2f2f2;\">\n<td>3.<\/td>\n<td><a href=\"\/index.php\/osobnosti\/kuba-przygonski\/\"><span style=\"color: #ee8027;\">Kuba Przygo\u0144ski<\/span><\/a> \/ <a href=\"\/index.php\/osobnosti\/timo-gottschalk\/\"><span style=\"color: #ee8027;\">Timo Gottschalk<\/span><\/a><\/td>\n<td>Toyota Hilux<\/td>\n<td style=\"text-align: right;\">+ 2:01:23<\/td>\n<\/tr>\n<tr style=\"background-color: #dbd9d9;\">\n<td>4.<\/td>\n<td>Ahmed Al-Kuwari \/ Manuel Lucchese<\/td>\n<td>Can-Am Maverick X3<\/td>\n<td style=\"text-align: right;\">+ 3:36:13<\/td>\n<\/tr>\n<tr style=\"background-color: #f2f2f2;\">\n<td>5.<\/td>\n<td><a href=\"\/index.php\/osobnosti\/saleh-al-saif\/\"><span style=\"color: #ee8027;\">Saleh Al-Saif<\/span><\/a> \/ Ali Hassan Obaid<\/td>\n<td>Can-Am X3 2019<\/td>\n<td style=\"text-align: right;\">+ 3:47:10<\/td>\n<\/tr>\n<tr style=\"background-color: #dbd9d9;\">\n<td>6.<\/td>\n<td>Khalid Al Mohannadi \/ <a href=\"\/index.php\/osobnosti\/sebastien-delaunay\/\"><span style=\"color: #ee8027;\">S\u00e9bastien Delaunay<\/span><\/a><\/td>\n<td>Polaris RZR 1000 Turbo<\/td>\n<td style=\"text-align: right;\">+ 3:50:34<\/td>\n<\/tr>\n<tr style=\"background-color: #f2f2f2;\">\n<td>7.<\/td>\n<td>Kees Koolen \/ Serge Bruynkens<\/td>\n<td>OT3 Overdrive<\/td>\n<td style=\"text-align: right;\">+ 4:00:06<\/td>\n<\/tr>\n<tr style=\"background-color: #dbd9d9;\">\n<td>8.<\/td>\n<td>Bal\u00e1zs Szalay \/ L\u00e1szl\u00f3 Bunkoczi<\/td>\n<td>Opel Grandland X<\/td>\n<td style=\"text-align: right;\">+ 4:41:47<\/td>\n<\/tr>\n<tr style=\"background-color: #f2f2f2;\">\n<td>9.<\/td>\n<td>Alexej \u0160motev \/ Andrej Rudnitskij<\/td>\n<td>Can-Am Maverick<\/td>\n<td style=\"text-align: right;\">+ 6:31:06<\/td>\n<\/tr>\n<tr style=\"background-color: #dbd9d9;\">\n<td>10.<\/td>\n<td>Mohammed Al Harqan \/ Vili Oslaj<\/td>\n<td>Can-Am Maverick X3<\/td>\n<td style=\"text-align: right;\">+ 7:44:05<\/td>\n<\/tr>\n<tr style=\"background-color: #f2f2f2;\">\n<td>11.<\/td>\n<td>Rashid Al-Mohannadi \/ Pedro Santos<\/td>\n<td>Can-Am Maverick X3<\/td>\n<td style=\"text-align: right;\">+ 7:56:04<\/td>\n<\/tr>\n<tr style=\"background-color: #dbd9d9;\">\n<td>12.<\/td>\n<td>Mubarak Al-Hajri \/ <a href=\"\/index.php\/osobnosti\/laurent-lichtleuchter\/\"><span style=\"color: #ee8027;\">Laurent Lichtleuchter<\/span><\/a><\/td>\n<td>Can-Am Maverick X3<\/td>\n<td style=\"text-align: right;\">+ 14:52:32<\/td>\n<\/tr>\n<tr style=\"background-color: #f2f2f2;\">\n<td>13.<\/td>\n<td>Fjodor Vorobjov \/ Kirill \u0160ubin<\/td>\n<td>OT3 Overdrive<\/td>\n<td style=\"text-align: right;\">+ 19:17:18<\/td>\n<\/tr>\n<tr style=\"background-color: #dbd9d9;\">\n<td>14.<\/td>\n<td><a href=\"\/index.php\/osobnosti\/austin-jones\/\"><span style=\"color: #ee8027;\">Austin Jones<\/span><\/a> \/ <a href=\"\/index.php\/osobnosti\/gustavo-gugelmin\/\"><span style=\"color: #ee8027;\">Gustavo Gugelmin<\/span><\/a><\/td>\n<td>Can-Am Maverick<\/td>\n<td style=\"text-align: right;\">+ 27:00:57<\/td>\n<\/tr>\n<tr style=\"background-color: #f2f2f2;\">\n<td>15.<\/td>\n<td>Mohammed Al Meer \/ <a href=\"\/index.php\/osobnosti\/alexej-kuzmic\/\"><span style=\"color: #ee8027;\">Alexej Kuzmi\u010d<\/span><\/a><\/td>\n<td>Chevrolet Buggy<\/td>\n<td style=\"text-align: right;\">+ 90:19:21<\/td>\n<\/tr>\n<tr style=\"background-color: #808080;\">\n<td style=\"text-align: center;\" colspan=\"4\"><\/td>\n<\/tr>\n<tr style=\"background-color: #dbd9d9;\">\n<td>DNF<\/td>\n<td>Adel Abdulla \/ Jean-Michel Polato<\/td>\n<td>G-Force T3GF<\/td>\n<td style=\"text-align: right;\"><\/td>\n<\/tr>\n<tr style=\"background-color: #f2f2f2;\">\n<td>DNF<\/td>\n<td>Gonzalo S. Guayasamin \/ Ricardo Adrian Torlaschi<\/td>\n<td>Polaris RZR 1000 Turbo<\/td>\n<td style=\"text-align: right;\"><\/td>\n<\/tr>\n<tr style=\"background-color: #dbd9d9;\">\n<td>DNF<\/td>\n<td>Abdulla Al-Rabban \/ Igor \u010cudajkin<\/td>\n<td>Jeep<\/td>\n<td style=\"text-align: right;\"><\/td>\n<\/tr>\n<\/tbody>\n<\/table>\n<p>[\/vc_column_text][\/vc_column_inner][\/vc_row_inner][\/vc_tta_section][vc_tta_section title=&#8221;T3&#8243; tab_id=&#8221;t3&#8243;][vc_row_inner][vc_column_inner][vc_column_text css_animation=&#8221;fadeIn&#8221;]<\/p>\n<table style=\"width: 97.7654%;\" rules=\"rows\" cellpadding=\"4px\">\n<tbody>\n<tr style=\"background-color: #808080; color: white;\">\n<td style=\"text-align: center;\" colspan=\"4\"><span style=\"font-size: 10pt;\"><strong>QATAR CCR 2020 &#8211; SKUPINA T3 (FIA)<br \/>\nkone\u010dn\u00e9 v\u00fdsledky<\/strong><\/span><\/td>\n<\/tr>\n<tr style=\"background-color: #f2f2f2;\">\n<td>1.<\/td>\n<td>Ahmed Al-Kuwari \/ Manuel Lucchese<\/td>\n<td>Can-Am Maverick X3<\/td>\n<td style=\"text-align: right;\">15:25:09<\/td>\n<\/tr>\n<tr style=\"background-color: #dbd9d9;\">\n<td>2.<\/td>\n<td><a href=\"\/index.php\/osobnosti\/saleh-al-saif\/\"><span style=\"color: #ee8027;\">Saleh Al-Saif<\/span><\/a> \/ Ali Hassan Obaid<\/td>\n<td>Can-Am X3 2019<\/td>\n<td style=\"text-align: right;\">+ 10:57<\/td>\n<\/tr>\n<tr style=\"background-color: #f2f2f2;\">\n<td>3.<\/td>\n<td>Khalid Al Mohannadi \/ <a href=\"\/index.php\/osobnosti\/sebastien-delaunay\/\"><span style=\"color: #ee8027;\">S\u00e9bastien Delaunay<\/span><\/a><\/td>\n<td>Polaris RZR 1000 Turbo<\/td>\n<td style=\"text-align: right;\">+ 14:21<\/td>\n<\/tr>\n<tr style=\"background-color: #dbd9d9;\">\n<td>4.<\/td>\n<td>Kees Koolen \/ Serge Bruynkens<\/td>\n<td>OT3 Overdrive<\/td>\n<td style=\"text-align: right;\">+ 23:53<\/td>\n<\/tr>\n<tr style=\"background-color: #f2f2f2;\">\n<td>5.<\/td>\n<td>Alexej \u0160motev \/ Andrej Rudnitskij<\/td>\n<td>Can-Am Maverick<\/td>\n<td style=\"text-align: right;\">+ 2:54:53<\/td>\n<\/tr>\n<tr style=\"background-color: #dbd9d9;\">\n<td>6.<\/td>\n<td>Mohammed Al Harqan \/ Vili Oslaj<\/td>\n<td>Can-Am Maverick X3<\/td>\n<td style=\"text-align: right;\">+ 4:07:52<\/td>\n<\/tr>\n<tr style=\"background-color: #f2f2f2;\">\n<td>7.<\/td>\n<td>Rashid Al-Mohannadi \/ Pedro Santos<\/td>\n<td>Can-Am Maverick X3<\/td>\n<td style=\"text-align: right;\">+ 4:19:51<\/td>\n<\/tr>\n<tr style=\"background-color: #dbd9d9;\">\n<td>8.<\/td>\n<td>Mubarak Al-Hajri \/ <a href=\"\/index.php\/osobnosti\/laurent-lichtleuchter\/\"><span style=\"color: #ee8027;\">Laurent Lichtleuchter<\/span><\/a><\/td>\n<td>Can-Am Maverick X3<\/td>\n<td style=\"text-align: right;\">+ 11:16:19<\/td>\n<\/tr>\n<tr style=\"background-color: #f2f2f2;\">\n<td>9.<\/td>\n<td>Fjodor Vorobjov \/ Kirill \u0160ubin<\/td>\n<td>OT3 Overdrive<\/td>\n<td style=\"text-align: right;\">+ 15:41:05<\/td>\n<\/tr>\n<tr style=\"background-color: #dbd9d9;\">\n<td>10.<\/td>\n<td><a href=\"\/index.php\/osobnosti\/austin-jones\/\"><span style=\"color: #ee8027;\">Austin Jones<\/span><\/a> \/ <a href=\"\/index.php\/osobnosti\/gustavo-gugelmin\/\"><span style=\"color: #ee8027;\">Gustavo Gugelmin<\/span><\/a><\/td>\n<td>Can-Am Maverick<\/td>\n<td style=\"text-align: right;\">+ 23:24:44<\/td>\n<\/tr>\n<tr style=\"background-color: #808080;\">\n<td style=\"text-align: center;\" colspan=\"4\"><\/td>\n<\/tr>\n<tr style=\"background-color: #f2f2f2;\">\n<td>DNF<\/td>\n<td>Adel Abdulla \/ Jean-Michel Polato<\/td>\n<td>G-Force T3GF<\/td>\n<td style=\"text-align: right;\"><\/td>\n<\/tr>\n<tr style=\"background-color: #dbd9d9;\">\n<td>DNF<\/td>\n<td>Gonzalo S. Guayasamin \/ Ricardo Adrian Torlaschi<\/td>\n<td>Polaris RZR 1000 Turbo<\/td>\n<td style=\"text-align: right;\"><\/td>\n<\/tr>\n<\/tbody>\n<\/table>\n<p>[\/vc_column_text][\/vc_column_inner][\/vc_row_inner][\/vc_tta_section][vc_tta_section title=&#8221;Program&#8221; tab_id=&#8221;program&#8221;][vc_row_inner][vc_column_inner][vc_column_text css_animation=&#8221;fadeIn&#8221;]<\/p>\n<h3 style=\"text-align: center;\"><span style=\"color: #808080;\">PROGRAM<\/span><\/h3>\n<table style=\"width: 97.7654%;\" rules=\"rows\">\n<tbody>\n<tr style=\"background-color: #dbd9d9;\">\n<td>1. etapa<\/td>\n<td class=\"nomobile\">ned\u011ble<\/td>\n<td>23\/02<\/td>\n<td class=\"nomobile\" style=\"text-align: right;\">328 km<\/td>\n<td class=\"nomobile\" style=\"text-align: center;\">|<\/td>\n<td>RZ 170 km<\/td>\n<\/tr>\n<tr style=\"background-color: #f2f2f2;\">\n<td>2. etapa<\/td>\n<td class=\"nomobile\">pond\u011bl\u00ed<\/td>\n<td>24\/02<\/td>\n<td class=\"nomobile\" style=\"text-align: right;\">478 km<\/td>\n<td class=\"nomobile\" style=\"text-align: center;\">|<\/td>\n<td>RZ 317 km<\/td>\n<\/tr>\n<tr style=\"background-color: #dbd9d9;\">\n<td>3. etapa<\/td>\n<td class=\"nomobile\">\u00fater\u00fd<\/td>\n<td>25\/02<\/td>\n<td class=\"nomobile\" style=\"text-align: right;\">471 km<\/td>\n<td class=\"nomobile\" style=\"text-align: center;\">|<\/td>\n<td>RZ 341 km<\/td>\n<\/tr>\n<tr style=\"background-color: #f2f2f2;\">\n<td>4. etapa<\/td>\n<td class=\"nomobile\">st\u0159eda<\/td>\n<td>26\/02<\/td>\n<td class=\"nomobile\" style=\"text-align: right;\">545 km<\/td>\n<td class=\"nomobile\" style=\"text-align: center;\">|<\/td>\n<td>RZ 346 km<\/td>\n<\/tr>\n<tr style=\"background-color: #dbd9d9;\">\n<td>5. etapa<\/td>\n<td class=\"nomobile\">\u010dtvrtek<\/td>\n<td>27\/02<\/td>\n<td class=\"nomobile\" style=\"text-align: right;\">376 km<\/td>\n<td class=\"nomobile\" style=\"text-align: center;\">|<\/td>\n<td>RZ 253 km<\/td>\n<\/tr>\n<\/tbody>\n<\/table>\n<p>[\/vc_column_text][\/vc_column_inner][\/vc_row_inner][\/vc_tta_section][\/vc_tta_pageable][\/vc_column][\/vc_row][vc_row css_animation=&#8221;fadeIn&#8221; el_id=&#8221;clanky&#8221;][vc_column][vc_masonry_grid post_type=&#8221;post&#8221; max_items=&#8221;-1&#8243; style=&#8221;lazy&#8221; items_per_page=&#8221;3&#8243; show_filter=&#8221;yes&#8221; gap=&#8221;5&#8243; filter_style=&#8221;filled&#8221; item=&#8221;3404&#8243; grid_id=&#8221;vc_gid:1689878889611-6c422555-63a4-4&#8243; taxonomies=&#8221;1698&#8243; filter_source=&#8221;category&#8221;][\/vc_column][\/vc_row]<\/p>\n","protected":false},"excerpt":{"rendered":"<p>Qatar Cross-Country Rally 2020, \u00favodn\u00ed podnik sezony Sv\u011btov\u00e9ho poh\u00e1ru FIA v cross-country rally.<\/p>\n","protected":false},"author":1,"featured_media":15334,"parent":4410,"menu_order":0,"comment_status":"closed","ping_status":"closed","template":"page-templates\/builder.php","meta":{"footnotes":""},"class_list":["post-15380","page","type-page","status-publish","has-post-thumbnail","hentry"],"yoast_head":"<!-- This site is optimized with the Yoast SEO plugin v24.9 - https:\/\/yoast.com\/wordpress\/plugins\/seo\/ -->\n<title>Qatar Cross-Country Rally 2020 - DAKARMANIA.cz<\/title>\n<meta name=\"description\" content=\"Qatar Cross-Country Rally 2020, \u00favodn\u00ed podnik sezony Sv\u011btov\u00e9ho poh\u00e1ru FIA v cross-country rally.\" \/>\n<meta name=\"robots\" content=\"index, follow, max-snippet:-1, max-image-preview:large, max-video-preview:-1\" \/>\n<link rel=\"canonical\" href=\"https:\/\/www.dakarmania.cz\/index.php\/souteze\/qatar-ccr-2020\/\" \/>\n<meta property=\"og:locale\" content=\"cs_CZ\" \/>\n<meta property=\"og:type\" content=\"article\" \/>\n<meta property=\"og:title\" content=\"Qatar Cross-Country Rally 2020 - DAKARMANIA.cz\" \/>\n<meta property=\"og:description\" content=\"Qatar Cross-Country Rally 2020, \u00favodn\u00ed podnik sezony Sv\u011btov\u00e9ho poh\u00e1ru FIA v cross-country rally.\" \/>\n<meta property=\"og:url\" content=\"https:\/\/www.dakarmania.cz\/index.php\/souteze\/qatar-ccr-2020\/\" \/>\n<meta property=\"og:site_name\" content=\"DAKARMANIA.cz\" \/>\n<meta property=\"article:publisher\" content=\"https:\/\/www.facebook.com\/dakarmania\/\" \/>\n<meta property=\"article:modified_time\" content=\"2023-07-20T18:51:23+00:00\" \/>\n<meta property=\"og:image\" content=\"https:\/\/www.dakarmania.cz\/wp-content\/uploads\/2020\/02\/19-qccr-al-attiyah-header-01.jpg\" \/>\n\t<meta property=\"og:image:width\" content=\"1600\" \/>\n\t<meta property=\"og:image:height\" content=\"710\" \/>\n\t<meta property=\"og:image:type\" content=\"image\/jpeg\" \/>\n<meta name=\"twitter:card\" content=\"summary_large_image\" \/>\n<meta name=\"twitter:label1\" content=\"Odhadovan\u00e1 doba \u010dten\u00ed\" \/>\n\t<meta name=\"twitter:data1\" content=\"4 minuty\" \/>\n<script type=\"application\/ld+json\" class=\"yoast-schema-graph\">{\"@context\":\"https:\/\/schema.org\",\"@graph\":[{\"@type\":\"WebPage\",\"@id\":\"https:\/\/www.dakarmania.cz\/index.php\/souteze\/qatar-ccr-2020\/\",\"url\":\"https:\/\/www.dakarmania.cz\/index.php\/souteze\/qatar-ccr-2020\/\",\"name\":\"Qatar Cross-Country Rally 2020 - DAKARMANIA.cz\",\"isPartOf\":{\"@id\":\"https:\/\/www.dakarmania.cz\/#website\"},\"primaryImageOfPage\":{\"@id\":\"https:\/\/www.dakarmania.cz\/index.php\/souteze\/qatar-ccr-2020\/#primaryimage\"},\"image\":{\"@id\":\"https:\/\/www.dakarmania.cz\/index.php\/souteze\/qatar-ccr-2020\/#primaryimage\"},\"thumbnailUrl\":\"https:\/\/www.dakarmania.cz\/wp-content\/uploads\/2020\/02\/19-qccr-al-attiyah-header-01.jpg\",\"datePublished\":\"2020-02-23T22:14:00+00:00\",\"dateModified\":\"2023-07-20T18:51:23+00:00\",\"description\":\"Qatar Cross-Country Rally 2020, \u00favodn\u00ed podnik sezony Sv\u011btov\u00e9ho poh\u00e1ru FIA v cross-country rally.\",\"breadcrumb\":{\"@id\":\"https:\/\/www.dakarmania.cz\/index.php\/souteze\/qatar-ccr-2020\/#breadcrumb\"},\"inLanguage\":\"cs\",\"potentialAction\":[{\"@type\":\"ReadAction\",\"target\":[\"https:\/\/www.dakarmania.cz\/index.php\/souteze\/qatar-ccr-2020\/\"]}]},{\"@type\":\"ImageObject\",\"inLanguage\":\"cs\",\"@id\":\"https:\/\/www.dakarmania.cz\/index.php\/souteze\/qatar-ccr-2020\/#primaryimage\",\"url\":\"https:\/\/www.dakarmania.cz\/wp-content\/uploads\/2020\/02\/19-qccr-al-attiyah-header-01.jpg\",\"contentUrl\":\"https:\/\/www.dakarmania.cz\/wp-content\/uploads\/2020\/02\/19-qccr-al-attiyah-header-01.jpg\",\"width\":1600,\"height\":710,\"caption\":\"Nasser Al-Attiyah\/Mathieu Baumel, Toyota Hilux, Toyota Gazoo Racing SA. Qatar Cross-Country Rally 2019. \u00a9 Toyota\"},{\"@type\":\"BreadcrumbList\",\"@id\":\"https:\/\/www.dakarmania.cz\/index.php\/souteze\/qatar-ccr-2020\/#breadcrumb\",\"itemListElement\":[{\"@type\":\"ListItem\",\"position\":1,\"name\":\"Dom\u016f\",\"item\":\"https:\/\/www.dakarmania.cz\/\"},{\"@type\":\"ListItem\",\"position\":2,\"name\":\"Sout\u011b\u017ee\",\"item\":\"https:\/\/www.dakarmania.cz\/index.php\/souteze\/\"},{\"@type\":\"ListItem\",\"position\":3,\"name\":\"Qatar Cross-Country Rally 2020\"}]},{\"@type\":\"WebSite\",\"@id\":\"https:\/\/www.dakarmania.cz\/#website\",\"url\":\"https:\/\/www.dakarmania.cz\/\",\"name\":\"DAKARMANIA.cz\",\"description\":\"\u017dijeme Dakarem cel\u00fd rok\",\"publisher\":{\"@id\":\"https:\/\/www.dakarmania.cz\/#organization\"},\"potentialAction\":[{\"@type\":\"SearchAction\",\"target\":{\"@type\":\"EntryPoint\",\"urlTemplate\":\"https:\/\/www.dakarmania.cz\/?s={search_term_string}\"},\"query-input\":{\"@type\":\"PropertyValueSpecification\",\"valueRequired\":true,\"valueName\":\"search_term_string\"}}],\"inLanguage\":\"cs\"},{\"@type\":\"Organization\",\"@id\":\"https:\/\/www.dakarmania.cz\/#organization\",\"name\":\"DAKAR MANIA\",\"url\":\"https:\/\/www.dakarmania.cz\/\",\"logo\":{\"@type\":\"ImageObject\",\"inLanguage\":\"cs\",\"@id\":\"https:\/\/www.dakarmania.cz\/#\/schema\/logo\/image\/\",\"url\":\"https:\/\/www.dakarmania.cz\/wp-content\/uploads\/2018\/12\/Dakar-Mania-Logo-Square-Orange.png\",\"contentUrl\":\"https:\/\/www.dakarmania.cz\/wp-content\/uploads\/2018\/12\/Dakar-Mania-Logo-Square-Orange.png\",\"width\":992,\"height\":992,\"caption\":\"DAKAR MANIA\"},\"image\":{\"@id\":\"https:\/\/www.dakarmania.cz\/#\/schema\/logo\/image\/\"},\"sameAs\":[\"https:\/\/www.facebook.com\/dakarmania\/\"]}]}<\/script>\n<!-- \/ Yoast SEO plugin. -->","yoast_head_json":{"title":"Qatar Cross-Country Rally 2020 - DAKARMANIA.cz","description":"Qatar Cross-Country Rally 2020, \u00favodn\u00ed podnik sezony Sv\u011btov\u00e9ho poh\u00e1ru FIA v cross-country rally.","robots":{"index":"index","follow":"follow","max-snippet":"max-snippet:-1","max-image-preview":"max-image-preview:large","max-video-preview":"max-video-preview:-1"},"canonical":"https:\/\/www.dakarmania.cz\/index.php\/souteze\/qatar-ccr-2020\/","og_locale":"cs_CZ","og_type":"article","og_title":"Qatar Cross-Country Rally 2020 - DAKARMANIA.cz","og_description":"Qatar Cross-Country Rally 2020, \u00favodn\u00ed podnik sezony Sv\u011btov\u00e9ho poh\u00e1ru FIA v cross-country rally.","og_url":"https:\/\/www.dakarmania.cz\/index.php\/souteze\/qatar-ccr-2020\/","og_site_name":"DAKARMANIA.cz","article_publisher":"https:\/\/www.facebook.com\/dakarmania\/","article_modified_time":"2023-07-20T18:51:23+00:00","og_image":[{"width":1600,"height":710,"url":"https:\/\/www.dakarmania.cz\/wp-content\/uploads\/2020\/02\/19-qccr-al-attiyah-header-01.jpg","type":"image\/jpeg"}],"twitter_card":"summary_large_image","twitter_misc":{"Odhadovan\u00e1 doba \u010dten\u00ed":"4 minuty"},"schema":{"@context":"https:\/\/schema.org","@graph":[{"@type":"WebPage","@id":"https:\/\/www.dakarmania.cz\/index.php\/souteze\/qatar-ccr-2020\/","url":"https:\/\/www.dakarmania.cz\/index.php\/souteze\/qatar-ccr-2020\/","name":"Qatar Cross-Country Rally 2020 - DAKARMANIA.cz","isPartOf":{"@id":"https:\/\/www.dakarmania.cz\/#website"},"primaryImageOfPage":{"@id":"https:\/\/www.dakarmania.cz\/index.php\/souteze\/qatar-ccr-2020\/#primaryimage"},"image":{"@id":"https:\/\/www.dakarmania.cz\/index.php\/souteze\/qatar-ccr-2020\/#primaryimage"},"thumbnailUrl":"https:\/\/www.dakarmania.cz\/wp-content\/uploads\/2020\/02\/19-qccr-al-attiyah-header-01.jpg","datePublished":"2020-02-23T22:14:00+00:00","dateModified":"2023-07-20T18:51:23+00:00","description":"Qatar Cross-Country Rally 2020, \u00favodn\u00ed podnik sezony Sv\u011btov\u00e9ho poh\u00e1ru FIA v cross-country rally.","breadcrumb":{"@id":"https:\/\/www.dakarmania.cz\/index.php\/souteze\/qatar-ccr-2020\/#breadcrumb"},"inLanguage":"cs","potentialAction":[{"@type":"ReadAction","target":["https:\/\/www.dakarmania.cz\/index.php\/souteze\/qatar-ccr-2020\/"]}]},{"@type":"ImageObject","inLanguage":"cs","@id":"https:\/\/www.dakarmania.cz\/index.php\/souteze\/qatar-ccr-2020\/#primaryimage","url":"https:\/\/www.dakarmania.cz\/wp-content\/uploads\/2020\/02\/19-qccr-al-attiyah-header-01.jpg","contentUrl":"https:\/\/www.dakarmania.cz\/wp-content\/uploads\/2020\/02\/19-qccr-al-attiyah-header-01.jpg","width":1600,"height":710,"caption":"Nasser Al-Attiyah\/Mathieu Baumel, Toyota Hilux, Toyota Gazoo Racing SA. Qatar Cross-Country Rally 2019. \u00a9 Toyota"},{"@type":"BreadcrumbList","@id":"https:\/\/www.dakarmania.cz\/index.php\/souteze\/qatar-ccr-2020\/#breadcrumb","itemListElement":[{"@type":"ListItem","position":1,"name":"Dom\u016f","item":"https:\/\/www.dakarmania.cz\/"},{"@type":"ListItem","position":2,"name":"Sout\u011b\u017ee","item":"https:\/\/www.dakarmania.cz\/index.php\/souteze\/"},{"@type":"ListItem","position":3,"name":"Qatar Cross-Country Rally 2020"}]},{"@type":"WebSite","@id":"https:\/\/www.dakarmania.cz\/#website","url":"https:\/\/www.dakarmania.cz\/","name":"DAKARMANIA.cz","description":"\u017dijeme Dakarem cel\u00fd rok","publisher":{"@id":"https:\/\/www.dakarmania.cz\/#organization"},"potentialAction":[{"@type":"SearchAction","target":{"@type":"EntryPoint","urlTemplate":"https:\/\/www.dakarmania.cz\/?s={search_term_string}"},"query-input":{"@type":"PropertyValueSpecification","valueRequired":true,"valueName":"search_term_string"}}],"inLanguage":"cs"},{"@type":"Organization","@id":"https:\/\/www.dakarmania.cz\/#organization","name":"DAKAR MANIA","url":"https:\/\/www.dakarmania.cz\/","logo":{"@type":"ImageObject","inLanguage":"cs","@id":"https:\/\/www.dakarmania.cz\/#\/schema\/logo\/image\/","url":"https:\/\/www.dakarmania.cz\/wp-content\/uploads\/2018\/12\/Dakar-Mania-Logo-Square-Orange.png","contentUrl":"https:\/\/www.dakarmania.cz\/wp-content\/uploads\/2018\/12\/Dakar-Mania-Logo-Square-Orange.png","width":992,"height":992,"caption":"DAKAR MANIA"},"image":{"@id":"https:\/\/www.dakarmania.cz\/#\/schema\/logo\/image\/"},"sameAs":["https:\/\/www.facebook.com\/dakarmania\/"]}]}},"amp_enabled":false,"_links":{"self":[{"href":"https:\/\/www.dakarmania.cz\/index.php\/wp-json\/wp\/v2\/pages\/15380","targetHints":{"allow":["GET"]}}],"collection":[{"href":"https:\/\/www.dakarmania.cz\/index.php\/wp-json\/wp\/v2\/pages"}],"about":[{"href":"https:\/\/www.dakarmania.cz\/index.php\/wp-json\/wp\/v2\/types\/page"}],"author":[{"embeddable":true,"href":"https:\/\/www.dakarmania.cz\/index.php\/wp-json\/wp\/v2\/users\/1"}],"replies":[{"embeddable":true,"href":"https:\/\/www.dakarmania.cz\/index.php\/wp-json\/wp\/v2\/comments?post=15380"}],"version-history":[{"count":33,"href":"https:\/\/www.dakarmania.cz\/index.php\/wp-json\/wp\/v2\/pages\/15380\/revisions"}],"predecessor-version":[{"id":27957,"href":"https:\/\/www.dakarmania.cz\/index.php\/wp-json\/wp\/v2\/pages\/15380\/revisions\/27957"}],"up":[{"embeddable":true,"href":"https:\/\/www.dakarmania.cz\/index.php\/wp-json\/wp\/v2\/pages\/4410"}],"wp:featuredmedia":[{"embeddable":true,"href":"https:\/\/www.dakarmania.cz\/index.php\/wp-json\/wp\/v2\/media\/15334"}],"wp:attachment":[{"href":"https:\/\/www.dakarmania.cz\/index.php\/wp-json\/wp\/v2\/media?parent=15380"}],"curies":[{"name":"wp","href":"https:\/\/api.w.org\/{rel}","templated":true}]}}