{"id":17318,"date":"2020-12-27T11:54:31","date_gmt":"2020-12-27T10:54:31","guid":{"rendered":"https:\/\/www.dakarmania.cz\/?page_id=17318"},"modified":"2023-04-12T21:07:33","modified_gmt":"2023-04-12T19:07:33","slug":"khalid-alkendi","status":"publish","type":"page","link":"https:\/\/www.dakarmania.cz\/index.php\/osobnosti\/khalid-alkendi\/","title":{"rendered":"Khalid Alkendi"},"content":{"rendered":"<p>[vc_row][vc_column][vc_btn title=&#8221;Osobnosti&#8221; style=&#8221;outline&#8221; shape=&#8221;square&#8221; color=&#8221;warning&#8221; size=&#8221;xs&#8221; align=&#8221;right&#8221; i_align=&#8221;right&#8221; i_icon_fontawesome=&#8221;fa fa-chevron-up&#8221; css_animation=&#8221;fadeIn&#8221; add_icon=&#8221;true&#8221; css=&#8221;.vc_custom_1619647236504{padding-right: 1px !important;padding-left: 1px !important;}&#8221; link=&#8221;url:%2Findex.php%2Fosobnosti%2F|||&#8221;][vc_column_text css_animation=&#8221;fadeIn&#8221; css=&#8221;.vc_custom_1624921330085{padding-top: 200px !important;padding-right: 15px !important;padding-bottom: 15px !important;padding-left: 15px !important;background: #f2f2f2 url(https:\/\/www.dakarmania.cz\/wp-content\/uploads\/2020\/12\/profile-alkendi-01.jpg?id=17314) !important;background-position: center !important;background-repeat: no-repeat !important;background-size: cover !important;}&#8221;]<\/p>\n<h1 style=\"text-align: left;\"><span style=\"background-color: #ee8027; opacity: 0.7;\"><span style=\"color: #ffffff; padding: 10px;\">KHALID AHMAD BILAL<\/span><br \/>\n<span style=\"color: #ffffff; padding: 10px;\">ABDULLA ALKENDI<\/span><\/span><\/h1>\n<p>[\/vc_column_text][vc_column_text css_animation=&#8221;fadeIn&#8221; css=&#8221;.vc_custom_1681325374081{padding-top: 10px !important;padding-right: 10px !important;padding-bottom: 10px !important;padding-left: 10px !important;}&#8221;]<\/p>\n<p style=\"text-align: center;\"><img decoding=\"async\" style=\"border: 1px solid gray;\" src=\"\/wp-content\/uploads\/2019\/02\/flag-ae-18x12.png\" \/> <strong>Spojen\u00e9 arabsk\u00e9 emir\u00e1ty<\/strong> | * 6. dubna 1973, Dubaj<\/p>\n<p style=\"text-align: center;\">5. m\u00edsto na Rally Dakar (2021)<\/p>\n<p>[\/vc_column_text][\/vc_column][\/vc_row][vc_row][vc_column][vc_btn title=&#8221;Dakar&#8221; style=&#8221;classic&#8221; shape=&#8221;square&#8221; color=&#8221;warning&#8221; size=&#8221;xs&#8221; css_animation=&#8221;fadeIn&#8221; css=&#8221;.vc_custom_1624920594578{padding-right: 1px !important;padding-left: 1px !important;}&#8221; link=&#8221;url:%2Findex.php%2Fosobnosti%2Fkhalid-alkendi%2F%23dakar|||&#8221;][vc_btn title=&#8221;W2RC&#8221; style=&#8221;classic&#8221; shape=&#8221;square&#8221; color=&#8221;warning&#8221; size=&#8221;xs&#8221; css_animation=&#8221;fadeIn&#8221; css=&#8221;.vc_custom_1681325526278{padding-right: 1px !important;padding-left: 1px !important;}&#8221; link=&#8221;url:%2Findex.php%2Fosobnosti%2Fkhalid-alkendi%2F%23w2rc|||&#8221;][vc_tta_pageable no_fill_content_area=&#8221;1&#8243; active_section=&#8221;1&#8243; pagination_style=&#8221;&#8221; css_animation=&#8221;fadeIn&#8221;][vc_tta_section title=&#8221;Dakar&#8221; tab_id=&#8221;dakar&#8221;][vc_column_text css_animation=&#8221;fadeIn&#8221;]<\/p>\n<table style=\"width: 97.7654%;\" rules=\"rows\" cellpadding=\"4px\">\n<tbody>\n<tr style=\"background-color: #808080; color: white;\">\n<td style=\"text-align: center;\" colspan=\"7\"><span style=\"font-size: 12pt;\"><strong>RALLY DAKAR<\/strong><\/span><\/td>\n<\/tr>\n<tr style=\"vertical-align: top; background-color: #f2f2f2;\">\n<td style=\"text-align: center;\"><a href=\"\/index.php\/souteze\/dakar-2021\/\"><span style=\"color: #ee8027;\"><strong>2021<\/strong><\/span><\/a><\/td>\n<td class=\"nomobile\" style=\"text-align: center;\"><img decoding=\"async\" src=\"\/wp-content\/uploads\/2019\/03\/flag-sa-18x12.png\" \/><\/td>\n<td style=\"text-align: center;\"><strong>kamion<br \/>\n<\/strong>navig\u00e1tor<\/td>\n<td class=\"nomobile\" style=\"text-align: center;\">5. start<\/td>\n<td><strong>Praga V4S DKR<\/strong><br \/>\nInstaforex Loprais Praga Team<\/td>\n<td><a href=\"\/index.php\/osobnosti\/ales-loprais\/\"><span style=\"color: #ee8027;\">Ale\u0161 Loprais<\/span><\/a><br \/>\n<a href=\"\/index.php\/osobnosti\/petr-pokora\/\"><span style=\"color: #ee8027;\">Petr Pokora<\/span><\/a><\/td>\n<td style=\"text-align: center;\"><strong>5.<\/strong><\/td>\n<\/tr>\n<tr style=\"vertical-align: top; background-color: #dbd9d9;\">\n<td style=\"text-align: center;\"><a href=\"\/index.php\/souteze\/dakar-2020\/\"><span style=\"color: #ee8027;\"><strong>2020<\/strong><\/span><\/a><\/td>\n<td class=\"nomobile\" style=\"text-align: center;\"><img decoding=\"async\" src=\"\/wp-content\/uploads\/2019\/03\/flag-sa-18x12.png\" \/><\/td>\n<td style=\"text-align: center;\"><strong>kamion<\/strong><br \/>\nnavig\u00e1tor<\/td>\n<td class=\"nomobile\" style=\"text-align: center;\">4. start<\/td>\n<td><strong>Praga V4S DKR<\/strong><br \/>\nInstaforex Loprais Team<\/td>\n<td><a href=\"\/index.php\/osobnosti\/ales-loprais\/\"><span style=\"color: #ee8027;\">Ale\u0161 Loprais<\/span><\/a><br \/>\n<a href=\"\/index.php\/osobnosti\/petr-pokora\/\"><span style=\"color: #ee8027;\">Petr Pokora<\/span><\/a><\/td>\n<td style=\"text-align: center;\"><strong>7.<\/strong><\/td>\n<\/tr>\n<tr style=\"vertical-align: top; background-color: #f2f2f2;\">\n<td style=\"text-align: center;\"><strong>2013<\/strong><\/td>\n<td class=\"nomobile\" style=\"text-align: center;\"><img decoding=\"async\" src=\"\/wp-content\/uploads\/2019\/03\/flag-pe-18x12.png\" \/> <img decoding=\"async\" src=\"\/wp-content\/uploads\/2019\/06\/flag-ar-18x12.png\" \/> <img decoding=\"async\" src=\"\/wp-content\/uploads\/2019\/03\/flag-cl-18x12.png\" \/><\/td>\n<td style=\"text-align: center;\"><strong>auto<\/strong><br \/>\nnavig\u00e1tor<\/td>\n<td class=\"nomobile\" style=\"text-align: center;\">3. start<\/td>\n<td><strong>Toyota KDJ 120<\/strong><br \/>\nSkydive Dubai<\/td>\n<td>Abdulla Alheraiz<\/td>\n<td style=\"text-align: center;\"><strong>31.<\/strong><\/td>\n<\/tr>\n<tr style=\"vertical-align: top; background-color: #dbd9d9;\">\n<td style=\"text-align: center;\"><strong>2012<\/strong><\/td>\n<td class=\"nomobile\" style=\"text-align: center;\"><img decoding=\"async\" src=\"\/wp-content\/uploads\/2019\/06\/flag-ar-18x12.png\" \/> <img decoding=\"async\" src=\"\/wp-content\/uploads\/2019\/03\/flag-cl-18x12.png\" \/> <img decoding=\"async\" src=\"\/wp-content\/uploads\/2019\/03\/flag-pe-18x12.png\" \/><\/td>\n<td style=\"text-align: center;\"><strong>auto<\/strong><br \/>\nnavig\u00e1tor<\/td>\n<td class=\"nomobile\" style=\"text-align: center;\">2. start<\/td>\n<td><strong>Toyota Land Cruiser<\/strong><br \/>\nTeam Lardeau Comp\u00e9tition<\/td>\n<td>Abdulla Alheraiz<\/td>\n<td style=\"text-align: center;\"><strong>29.<\/strong><\/td>\n<\/tr>\n<tr style=\"vertical-align: top; background-color: #f2f2f2;\">\n<td style=\"text-align: center;\"><strong>2011<\/strong><\/td>\n<td class=\"nomobile\" style=\"text-align: center;\"><img decoding=\"async\" src=\"\/wp-content\/uploads\/2019\/06\/flag-ar-18x12.png\" \/> <img decoding=\"async\" src=\"\/wp-content\/uploads\/2019\/03\/flag-cl-18x12.png\" \/><\/td>\n<td style=\"text-align: center;\"><strong>auto<\/strong><br \/>\nnavig\u00e1tor<\/td>\n<td class=\"nomobile\" style=\"text-align: center;\">1. start<\/td>\n<td><strong>Toyota Land Cruiser 120<\/strong><br \/>\nTeam Lardeau Comp\u00e9tition<\/td>\n<td>Abdulla Alheraiz<\/td>\n<td style=\"text-align: center;\"><strong>26.<\/strong><\/td>\n<\/tr>\n<\/tbody>\n<\/table>\n<p>[\/vc_column_text][\/vc_tta_section][vc_tta_section title=&#8221;W2RC&#8221; tab_id=&#8221;w2rc&#8221;][vc_column_text css_animation=&#8221;fadeIn&#8221;]<\/p>\n<table style=\"width: 97.7654%;\" rules=\"rows\" cellpadding=\"4px\">\n<tbody>\n<tr style=\"background-color: #808080; color: white;\">\n<td style=\"text-align: center;\" colspan=\"6\"><span style=\"font-size: 12pt;\"><strong>MISTROVSTV\u00cd SV\u011aTA V D\u00c1LKOV\u00ddCH RALLY<\/strong><\/span><br \/>\n<strong> World Rally-Raid Championship<\/strong><\/td>\n<\/tr>\n<tr style=\"background-color: #9e9d9d; color: #ffffff;\">\n<td><a href=\"\/index.php\/w2rc\/w2rc-2023\/\"><span style=\"color: #ee8027;\"><strong><span style=\"color: #ffffff;\">2023<\/span><\/strong><\/span><\/a><\/td>\n<td style=\"text-align: right;\" colspan=\"5\">NC <sup>(\u2217)<\/sup><\/td>\n<\/tr>\n<tr style=\"vertical-align: top; background-color: #f2f2f2;\">\n<td><strong><a href=\"\/index.php\/w2rc\/addc-2023\/\"><span style=\"color: #ee8027;\">Abu Dhabi Desert Challenge<\/span><\/a><\/strong><\/td>\n<td class=\"nomobile\" style=\"text-align: center;\"><img decoding=\"async\" src=\"\/wp-content\/uploads\/2019\/02\/flag-ae-18x12.png\" \/><\/td>\n<td style=\"text-align: center;\"><strong>auto <\/strong>(T1)<br \/>\nnavig\u00e1tor<\/td>\n<td><strong>Nissan Pick Up<\/strong><\/td>\n<td>Yahya Al Helei<\/td>\n<td style=\"text-align: right;\"><strong>DNF<\/strong><\/td>\n<\/tr>\n<tr style=\"background-color: #9e9d9d; color: #ffffff;\">\n<td><a href=\"\/index.php\/w2rc\/w2rc-2022\/\"><span style=\"color: #ee8027;\"><strong><span style=\"color: #ffffff;\">2022<\/span><\/strong><\/span><\/a><\/td>\n<td style=\"text-align: right;\" colspan=\"5\">NC <sup>(\u2217)<\/sup><\/td>\n<\/tr>\n<tr style=\"vertical-align: top; background-color: #dbd9d9;\">\n<td><strong><a href=\"\/index.php\/w2rc\/addc-2022\/\"><span style=\"color: #ee8027;\">Abu Dhabi Desert Challenge<\/span><\/a><\/strong><\/td>\n<td class=\"nomobile\" style=\"text-align: center;\"><img decoding=\"async\" src=\"\/wp-content\/uploads\/2019\/02\/flag-ae-18x12.png\" \/><\/td>\n<td style=\"text-align: center;\"><strong>auto <\/strong>(T1)<br \/>\nnavig\u00e1tor<\/td>\n<td><strong>Nissan Pick Up<\/strong><\/td>\n<td>Yahya Al Helei<\/td>\n<td style=\"text-align: right;\"><strong>24. <\/strong> (FIA)<\/td>\n<\/tr>\n<tr style=\"background-color: #808080; color: white;\">\n<td style=\"text-align: left;\" colspan=\"6\"><span style=\"font-size: 8pt;\"><sup>(\u2217)<\/sup> Neklasifikov\u00e1n. Nebyli p\u0159ihl\u00e1\u0161eni do \u0161ampion\u00e1tu. Mohli se tedy \u00fa\u010dastnit jednotliv\u00fdch podnik\u016f, ale bez n\u00e1roku na zisk bod\u016f do celkov\u00e9ho hodnocen\u00ed \u0161ampion\u00e1tu.<\/span><\/td>\n<\/tr>\n<\/tbody>\n<\/table>\n<p>[\/vc_column_text][\/vc_tta_section][vc_tta_section title=&#8221;SP FIA CCR&#8221; tab_id=&#8221;sp-fia-ccr&#8221;][vc_column_text css_animation=&#8221;fadeIn&#8221;]<\/p>\n<table style=\"width: 97.7654%;\" rules=\"rows\" cellpadding=\"4px\">\n<tbody>\n<tr style=\"background-color: #808080; color: white;\">\n<td style=\"text-align: center;\" colspan=\"6\"><span style=\"font-size: 12pt;\"><strong>SV\u011aTOV\u00dd POH\u00c1R FIA V CROSS-COUNTRY RALLY<\/strong><\/span><\/td>\n<\/tr>\n<tr style=\"background-color: #9e9d9d; color: #ffffff;\">\n<td><a href=\"\/index.php\/sampionaty\/svetovy-pohar-fia-v-cross-country-rally-2019\/\"><span style=\"color: #ee8027;\"><strong><span style=\"color: #ffffff;\">2019<\/span><\/strong><\/span><\/a><\/td>\n<td style=\"text-align: right;\" colspan=\"5\"><\/td>\n<\/tr>\n<tr style=\"vertical-align: top; background-color: #dbd9d9;\">\n<td><strong><a href=\"\/index.php\/sampionaty\/svetovy-pohar-fia-v-cross-country-rally-2019\/addc-2019\/\"><span style=\"color: #ee8027;\">Abu Dhabi Desert Challenge<\/span><\/a><\/strong><\/td>\n<td class=\"nomobile\" style=\"text-align: center;\"><img decoding=\"async\" src=\"\/wp-content\/uploads\/2019\/02\/flag-ae-18x12.png\" \/><\/td>\n<td style=\"text-align: center;\">navig\u00e1tor<\/td>\n<td><strong>Nissan Pick-up<\/strong><\/td>\n<td>Yahya Al Helei<\/td>\n<td><strong>21.<\/strong><\/td>\n<\/tr>\n<\/tbody>\n<\/table>\n<p>[\/vc_column_text][\/vc_tta_section][vc_tta_section title=&#8221;SP FIA baja&#8221; tab_id=&#8221;sp-fia-baja&#8221;][vc_column_text css_animation=&#8221;fadeIn&#8221;]<\/p>\n<table style=\"width: 97.7654%;\" rules=\"rows\" cellpadding=\"4px\">\n<tbody>\n<tr style=\"background-color: #808080; color: white;\">\n<td style=\"text-align: center;\" colspan=\"6\"><span style=\"font-size: 12pt;\"><strong>SV\u011aTOV\u00dd POH\u00c1R FIA V CROSS-COUNTRY BAJ\u00c1CH<\/strong><\/span><\/td>\n<\/tr>\n<tr style=\"background-color: #9e9d9d; color: #ffffff;\">\n<td><a href=\"\/index.php\/sampionaty\/sp-fia-baja-2021\/\"><span style=\"color: #ee8027;\"><strong><span style=\"color: #ffffff;\">2021<\/span><\/strong><\/span><\/a><\/td>\n<td style=\"text-align: right;\" colspan=\"5\"><\/td>\n<\/tr>\n<tr style=\"vertical-align: top; background-color: #dbd9d9;\">\n<td><strong><a href=\"\/index.php\/souteze\/dubai-baja-2021\/\"><span style=\"color: #ee8027;\">Dubai International Baja<\/span><\/a><\/strong><\/td>\n<td class=\"nomobile\" style=\"text-align: center;\"><img decoding=\"async\" src=\"\/wp-content\/uploads\/2019\/02\/flag-ae-18x12.png\" \/><\/td>\n<td style=\"text-align: center;\">navig\u00e1tor<\/td>\n<td><strong>Nissan Pick-up<\/strong><\/td>\n<td>Yahya Al Helei<\/td>\n<td><strong>DNF<\/strong><\/td>\n<\/tr>\n<\/tbody>\n<\/table>\n<p>[\/vc_column_text][\/vc_tta_section][\/vc_tta_pageable][\/vc_column][\/vc_row][vc_row][vc_column][vc_masonry_grid post_type=&#8221;post&#8221; max_items=&#8221;-1&#8243; style=&#8221;lazy&#8221; items_per_page=&#8221;3&#8243; gap=&#8221;5&#8243; item=&#8221;3404&#8243; grid_id=&#8221;vc_gid:1681325822351-b20c9f38-1c9d-0&#8243; taxonomies=&#8221;1526&#8243;][\/vc_column][\/vc_row]<\/p>\n","protected":false},"excerpt":{"rendered":"<p>Khalid Alkendi je navig\u00e1tor ze Spojen\u00fdch arabsk\u00fdch emir\u00e1t\u016f, \u00fa\u010dastn\u00edk Rally Dakar a dal\u0161\u00edch mezin\u00e1rodn\u00edch cross-country rally.<\/p>\n","protected":false},"author":1,"featured_media":17314,"parent":3629,"menu_order":6,"comment_status":"closed","ping_status":"closed","template":"page-templates\/builder.php","meta":{"footnotes":""},"class_list":["post-17318","page","type-page","status-publish","has-post-thumbnail","hentry"],"yoast_head":"<!-- This site is optimized with the Yoast SEO plugin v24.9 - https:\/\/yoast.com\/wordpress\/plugins\/seo\/ -->\n<title>Khalid Alkendi - DAKARMANIA.cz<\/title>\n<meta name=\"description\" content=\"Khalid Alkendi je navig\u00e1tor ze Spojen\u00fdch arabsk\u00fdch emir\u00e1t\u016f, n\u011bkolikan\u00e1sobn\u00fd \u00fa\u010dastn\u00edk Rally Dakar a dal\u0161\u00edch mezin\u00e1rodn\u00edch cross-country rally.\" \/>\n<meta name=\"robots\" content=\"index, follow, max-snippet:-1, max-image-preview:large, max-video-preview:-1\" \/>\n<link rel=\"canonical\" href=\"https:\/\/www.dakarmania.cz\/index.php\/osobnosti\/khalid-alkendi\/\" \/>\n<meta property=\"og:locale\" content=\"cs_CZ\" \/>\n<meta property=\"og:type\" content=\"article\" \/>\n<meta property=\"og:title\" content=\"Khalid Alkendi - DAKARMANIA.cz\" \/>\n<meta property=\"og:description\" content=\"Khalid Alkendi je navig\u00e1tor ze Spojen\u00fdch arabsk\u00fdch emir\u00e1t\u016f, n\u011bkolikan\u00e1sobn\u00fd \u00fa\u010dastn\u00edk Rally Dakar a dal\u0161\u00edch mezin\u00e1rodn\u00edch cross-country rally.\" \/>\n<meta property=\"og:url\" content=\"https:\/\/www.dakarmania.cz\/index.php\/osobnosti\/khalid-alkendi\/\" \/>\n<meta property=\"og:site_name\" content=\"DAKARMANIA.cz\" \/>\n<meta property=\"article:publisher\" content=\"https:\/\/www.facebook.com\/dakarmania\/\" \/>\n<meta property=\"article:modified_time\" content=\"2023-04-12T19:07:33+00:00\" \/>\n<meta property=\"og:image\" content=\"https:\/\/www.dakarmania.cz\/wp-content\/uploads\/2020\/12\/profile-alkendi-01.jpg\" \/>\n\t<meta property=\"og:image:width\" content=\"1300\" \/>\n\t<meta property=\"og:image:height\" content=\"578\" \/>\n\t<meta property=\"og:image:type\" content=\"image\/jpeg\" \/>\n<meta name=\"twitter:card\" content=\"summary_large_image\" \/>\n<meta name=\"twitter:label1\" content=\"Odhadovan\u00e1 doba \u010dten\u00ed\" \/>\n\t<meta name=\"twitter:data1\" content=\"5 minut\" \/>\n<script type=\"application\/ld+json\" class=\"yoast-schema-graph\">{\"@context\":\"https:\/\/schema.org\",\"@graph\":[{\"@type\":\"WebPage\",\"@id\":\"https:\/\/www.dakarmania.cz\/index.php\/osobnosti\/khalid-alkendi\/\",\"url\":\"https:\/\/www.dakarmania.cz\/index.php\/osobnosti\/khalid-alkendi\/\",\"name\":\"Khalid Alkendi - DAKARMANIA.cz\",\"isPartOf\":{\"@id\":\"https:\/\/www.dakarmania.cz\/#website\"},\"primaryImageOfPage\":{\"@id\":\"https:\/\/www.dakarmania.cz\/index.php\/osobnosti\/khalid-alkendi\/#primaryimage\"},\"image\":{\"@id\":\"https:\/\/www.dakarmania.cz\/index.php\/osobnosti\/khalid-alkendi\/#primaryimage\"},\"thumbnailUrl\":\"https:\/\/www.dakarmania.cz\/wp-content\/uploads\/2020\/12\/profile-alkendi-01.jpg\",\"datePublished\":\"2020-12-27T10:54:31+00:00\",\"dateModified\":\"2023-04-12T19:07:33+00:00\",\"description\":\"Khalid Alkendi je navig\u00e1tor ze Spojen\u00fdch arabsk\u00fdch emir\u00e1t\u016f, n\u011bkolikan\u00e1sobn\u00fd \u00fa\u010dastn\u00edk Rally Dakar a dal\u0161\u00edch mezin\u00e1rodn\u00edch cross-country rally.\",\"breadcrumb\":{\"@id\":\"https:\/\/www.dakarmania.cz\/index.php\/osobnosti\/khalid-alkendi\/#breadcrumb\"},\"inLanguage\":\"cs\",\"potentialAction\":[{\"@type\":\"ReadAction\",\"target\":[\"https:\/\/www.dakarmania.cz\/index.php\/osobnosti\/khalid-alkendi\/\"]}]},{\"@type\":\"ImageObject\",\"inLanguage\":\"cs\",\"@id\":\"https:\/\/www.dakarmania.cz\/index.php\/osobnosti\/khalid-alkendi\/#primaryimage\",\"url\":\"https:\/\/www.dakarmania.cz\/wp-content\/uploads\/2020\/12\/profile-alkendi-01.jpg\",\"contentUrl\":\"https:\/\/www.dakarmania.cz\/wp-content\/uploads\/2020\/12\/profile-alkendi-01.jpg\",\"width\":1300,\"height\":578,\"caption\":\"Khalid Alkendi, Instaforex Loprais Team. Testov\u00e1n\u00ed na Slovensku, podzim 2019. \u00a9 Instaforex Loprais Team\"},{\"@type\":\"BreadcrumbList\",\"@id\":\"https:\/\/www.dakarmania.cz\/index.php\/osobnosti\/khalid-alkendi\/#breadcrumb\",\"itemListElement\":[{\"@type\":\"ListItem\",\"position\":1,\"name\":\"Dom\u016f\",\"item\":\"https:\/\/www.dakarmania.cz\/\"},{\"@type\":\"ListItem\",\"position\":2,\"name\":\"Osobnosti\",\"item\":\"https:\/\/www.dakarmania.cz\/index.php\/osobnosti\/\"},{\"@type\":\"ListItem\",\"position\":3,\"name\":\"Khalid Alkendi\"}]},{\"@type\":\"WebSite\",\"@id\":\"https:\/\/www.dakarmania.cz\/#website\",\"url\":\"https:\/\/www.dakarmania.cz\/\",\"name\":\"DAKARMANIA.cz\",\"description\":\"\u017dijeme Dakarem cel\u00fd rok\",\"publisher\":{\"@id\":\"https:\/\/www.dakarmania.cz\/#organization\"},\"potentialAction\":[{\"@type\":\"SearchAction\",\"target\":{\"@type\":\"EntryPoint\",\"urlTemplate\":\"https:\/\/www.dakarmania.cz\/?s={search_term_string}\"},\"query-input\":{\"@type\":\"PropertyValueSpecification\",\"valueRequired\":true,\"valueName\":\"search_term_string\"}}],\"inLanguage\":\"cs\"},{\"@type\":\"Organization\",\"@id\":\"https:\/\/www.dakarmania.cz\/#organization\",\"name\":\"DAKAR MANIA\",\"url\":\"https:\/\/www.dakarmania.cz\/\",\"logo\":{\"@type\":\"ImageObject\",\"inLanguage\":\"cs\",\"@id\":\"https:\/\/www.dakarmania.cz\/#\/schema\/logo\/image\/\",\"url\":\"https:\/\/www.dakarmania.cz\/wp-content\/uploads\/2018\/12\/Dakar-Mania-Logo-Square-Orange.png\",\"contentUrl\":\"https:\/\/www.dakarmania.cz\/wp-content\/uploads\/2018\/12\/Dakar-Mania-Logo-Square-Orange.png\",\"width\":992,\"height\":992,\"caption\":\"DAKAR MANIA\"},\"image\":{\"@id\":\"https:\/\/www.dakarmania.cz\/#\/schema\/logo\/image\/\"},\"sameAs\":[\"https:\/\/www.facebook.com\/dakarmania\/\"]}]}<\/script>\n<!-- \/ Yoast SEO plugin. -->","yoast_head_json":{"title":"Khalid Alkendi - DAKARMANIA.cz","description":"Khalid Alkendi je navig\u00e1tor ze Spojen\u00fdch arabsk\u00fdch emir\u00e1t\u016f, n\u011bkolikan\u00e1sobn\u00fd \u00fa\u010dastn\u00edk Rally Dakar a dal\u0161\u00edch mezin\u00e1rodn\u00edch cross-country rally.","robots":{"index":"index","follow":"follow","max-snippet":"max-snippet:-1","max-image-preview":"max-image-preview:large","max-video-preview":"max-video-preview:-1"},"canonical":"https:\/\/www.dakarmania.cz\/index.php\/osobnosti\/khalid-alkendi\/","og_locale":"cs_CZ","og_type":"article","og_title":"Khalid Alkendi - DAKARMANIA.cz","og_description":"Khalid Alkendi je navig\u00e1tor ze Spojen\u00fdch arabsk\u00fdch emir\u00e1t\u016f, n\u011bkolikan\u00e1sobn\u00fd \u00fa\u010dastn\u00edk Rally Dakar a dal\u0161\u00edch mezin\u00e1rodn\u00edch cross-country rally.","og_url":"https:\/\/www.dakarmania.cz\/index.php\/osobnosti\/khalid-alkendi\/","og_site_name":"DAKARMANIA.cz","article_publisher":"https:\/\/www.facebook.com\/dakarmania\/","article_modified_time":"2023-04-12T19:07:33+00:00","og_image":[{"width":1300,"height":578,"url":"https:\/\/www.dakarmania.cz\/wp-content\/uploads\/2020\/12\/profile-alkendi-01.jpg","type":"image\/jpeg"}],"twitter_card":"summary_large_image","twitter_misc":{"Odhadovan\u00e1 doba \u010dten\u00ed":"5 minut"},"schema":{"@context":"https:\/\/schema.org","@graph":[{"@type":"WebPage","@id":"https:\/\/www.dakarmania.cz\/index.php\/osobnosti\/khalid-alkendi\/","url":"https:\/\/www.dakarmania.cz\/index.php\/osobnosti\/khalid-alkendi\/","name":"Khalid Alkendi - DAKARMANIA.cz","isPartOf":{"@id":"https:\/\/www.dakarmania.cz\/#website"},"primaryImageOfPage":{"@id":"https:\/\/www.dakarmania.cz\/index.php\/osobnosti\/khalid-alkendi\/#primaryimage"},"image":{"@id":"https:\/\/www.dakarmania.cz\/index.php\/osobnosti\/khalid-alkendi\/#primaryimage"},"thumbnailUrl":"https:\/\/www.dakarmania.cz\/wp-content\/uploads\/2020\/12\/profile-alkendi-01.jpg","datePublished":"2020-12-27T10:54:31+00:00","dateModified":"2023-04-12T19:07:33+00:00","description":"Khalid Alkendi je navig\u00e1tor ze Spojen\u00fdch arabsk\u00fdch emir\u00e1t\u016f, n\u011bkolikan\u00e1sobn\u00fd \u00fa\u010dastn\u00edk Rally Dakar a dal\u0161\u00edch mezin\u00e1rodn\u00edch cross-country rally.","breadcrumb":{"@id":"https:\/\/www.dakarmania.cz\/index.php\/osobnosti\/khalid-alkendi\/#breadcrumb"},"inLanguage":"cs","potentialAction":[{"@type":"ReadAction","target":["https:\/\/www.dakarmania.cz\/index.php\/osobnosti\/khalid-alkendi\/"]}]},{"@type":"ImageObject","inLanguage":"cs","@id":"https:\/\/www.dakarmania.cz\/index.php\/osobnosti\/khalid-alkendi\/#primaryimage","url":"https:\/\/www.dakarmania.cz\/wp-content\/uploads\/2020\/12\/profile-alkendi-01.jpg","contentUrl":"https:\/\/www.dakarmania.cz\/wp-content\/uploads\/2020\/12\/profile-alkendi-01.jpg","width":1300,"height":578,"caption":"Khalid Alkendi, Instaforex Loprais Team. Testov\u00e1n\u00ed na Slovensku, podzim 2019. \u00a9 Instaforex Loprais Team"},{"@type":"BreadcrumbList","@id":"https:\/\/www.dakarmania.cz\/index.php\/osobnosti\/khalid-alkendi\/#breadcrumb","itemListElement":[{"@type":"ListItem","position":1,"name":"Dom\u016f","item":"https:\/\/www.dakarmania.cz\/"},{"@type":"ListItem","position":2,"name":"Osobnosti","item":"https:\/\/www.dakarmania.cz\/index.php\/osobnosti\/"},{"@type":"ListItem","position":3,"name":"Khalid Alkendi"}]},{"@type":"WebSite","@id":"https:\/\/www.dakarmania.cz\/#website","url":"https:\/\/www.dakarmania.cz\/","name":"DAKARMANIA.cz","description":"\u017dijeme Dakarem cel\u00fd rok","publisher":{"@id":"https:\/\/www.dakarmania.cz\/#organization"},"potentialAction":[{"@type":"SearchAction","target":{"@type":"EntryPoint","urlTemplate":"https:\/\/www.dakarmania.cz\/?s={search_term_string}"},"query-input":{"@type":"PropertyValueSpecification","valueRequired":true,"valueName":"search_term_string"}}],"inLanguage":"cs"},{"@type":"Organization","@id":"https:\/\/www.dakarmania.cz\/#organization","name":"DAKAR MANIA","url":"https:\/\/www.dakarmania.cz\/","logo":{"@type":"ImageObject","inLanguage":"cs","@id":"https:\/\/www.dakarmania.cz\/#\/schema\/logo\/image\/","url":"https:\/\/www.dakarmania.cz\/wp-content\/uploads\/2018\/12\/Dakar-Mania-Logo-Square-Orange.png","contentUrl":"https:\/\/www.dakarmania.cz\/wp-content\/uploads\/2018\/12\/Dakar-Mania-Logo-Square-Orange.png","width":992,"height":992,"caption":"DAKAR MANIA"},"image":{"@id":"https:\/\/www.dakarmania.cz\/#\/schema\/logo\/image\/"},"sameAs":["https:\/\/www.facebook.com\/dakarmania\/"]}]}},"amp_enabled":false,"_links":{"self":[{"href":"https:\/\/www.dakarmania.cz\/index.php\/wp-json\/wp\/v2\/pages\/17318","targetHints":{"allow":["GET"]}}],"collection":[{"href":"https:\/\/www.dakarmania.cz\/index.php\/wp-json\/wp\/v2\/pages"}],"about":[{"href":"https:\/\/www.dakarmania.cz\/index.php\/wp-json\/wp\/v2\/types\/page"}],"author":[{"embeddable":true,"href":"https:\/\/www.dakarmania.cz\/index.php\/wp-json\/wp\/v2\/users\/1"}],"replies":[{"embeddable":true,"href":"https:\/\/www.dakarmania.cz\/index.php\/wp-json\/wp\/v2\/comments?post=17318"}],"version-history":[{"count":13,"href":"https:\/\/www.dakarmania.cz\/index.php\/wp-json\/wp\/v2\/pages\/17318\/revisions"}],"predecessor-version":[{"id":26883,"href":"https:\/\/www.dakarmania.cz\/index.php\/wp-json\/wp\/v2\/pages\/17318\/revisions\/26883"}],"up":[{"embeddable":true,"href":"https:\/\/www.dakarmania.cz\/index.php\/wp-json\/wp\/v2\/pages\/3629"}],"wp:featuredmedia":[{"embeddable":true,"href":"https:\/\/www.dakarmania.cz\/index.php\/wp-json\/wp\/v2\/media\/17314"}],"wp:attachment":[{"href":"https:\/\/www.dakarmania.cz\/index.php\/wp-json\/wp\/v2\/media?parent=17318"}],"curies":[{"name":"wp","href":"https:\/\/api.w.org\/{rel}","templated":true}]}}