{"id":18863,"date":"2021-04-18T19:07:12","date_gmt":"2021-04-18T17:07:12","guid":{"rendered":"https:\/\/www.dakarmania.cz\/?page_id=18863"},"modified":"2021-08-20T16:17:54","modified_gmt":"2021-08-20T14:17:54","slug":"ms-fim-ccr-2021","status":"publish","type":"page","link":"https:\/\/www.dakarmania.cz\/index.php\/sampionaty\/ms-fim-ccr-2021\/","title":{"rendered":"Mistrovstv\u00ed sv\u011bta FIM v cross-country rally 2021"},"content":{"rendered":"<p>[vc_row][vc_column][vc_btn title=&#8221;\u0160ampion\u00e1ty&#8221; style=&#8221;outline&#8221; shape=&#8221;square&#8221; color=&#8221;warning&#8221; size=&#8221;xs&#8221; align=&#8221;right&#8221; i_align=&#8221;right&#8221; i_icon_fontawesome=&#8221;fa fa-chevron-up&#8221; css_animation=&#8221;fadeIn&#8221; add_icon=&#8221;true&#8221; css=&#8221;.vc_custom_1618765690588{padding-right: 1px !important;padding-left: 1px !important;}&#8221; link=&#8221;url:%2Findex.php%2Fsampionaty%2F|||&#8221;][vc_column_text css_animation=&#8221;fadeIn&#8221; css=&#8221;.vc_custom_1618764581132{padding-top: 20px !important;padding-right: 20px !important;padding-bottom: 20px !important;padding-left: 20px !important;background: #f2f2f2 url(https:\/\/www.dakarmania.cz\/wp-content\/uploads\/2021\/04\/19-swr-sunderland-header-18.jpg?id=18862) !important;background-position: center !important;background-repeat: no-repeat !important;background-size: cover !important;}&#8221;]<\/p>\n<h1 style=\"text-align: left;\"><span style=\"background-color: #ee8027; opacity: 0.7;\"><span style=\"color: #ffffff; padding: 10px;\">MISTROVSTV\u00cd SV\u011aTA FIM<\/span><br \/>\n<span style=\"color: #ffffff; padding: 10px;\">V CROSS-COUNTRY<\/span><br \/>\n<span style=\"color: #ffffff; padding: 10px;\">RALLY 2021<\/span><\/span><\/h1>\n<p style=\"text-align: left;\"><span style=\"background-color: #ee8027; opacity: 0.7;\"><span style=\"color: #ffffff; padding: 10px;\">2021 FIM Cross-Country Rallies World Championship<\/span><\/span><\/p>\n<p>[\/vc_column_text][vc_empty_space height=&#8221;2px&#8221;][vc_row_inner][vc_column_inner width=&#8221;1\/2&#8243;][vc_column_text css_animation=&#8221;fadeIn&#8221;]18. sezona <a href=\"\/index.php\/sampionaty\/#fim-rally\"><span style=\"color: #ee8027;\">Mistrovstv\u00ed sv\u011bta FIM v cross-country rally<\/span><\/a> | 5 podnik\u016f[\/vc_column_text][vc_column_text css_animation=&#8221;fadeIn&#8221;]<\/p>\n<table style=\"width: 97.7654%;\" rules=\"rows\" cellpadding=\"4px\">\n<tbody>\n<tr style=\"background-color: #808080; color: white;\">\n<td style=\"text-align: center;\" colspan=\"3\"><strong>Kalend\u00e1\u0159 Mistrovstv\u00ed sv\u011bta FIM v cross-country rally 2021<\/strong><\/td>\n<\/tr>\n<tr style=\"vertical-align: top; background-color: #dbd9d9;\">\n<td>07\/06 &#8211; 13\/06<\/td>\n<td><a href=\"\/index.php\/souteze\/rally-kazakhstan-2021\/\"><span style=\"color: #ee8027;\">Rally Kazakhstan<\/span><\/a><\/td>\n<td style=\"text-align: center;\"><img decoding=\"async\" src=\"\/wp-content\/uploads\/2019\/02\/flag-kz-18x12.png\" \/><\/td>\n<\/tr>\n<tr style=\"vertical-align: top; background-color: #f2f2f2;\">\n<td>01\/07 &#8211; 06\/07<\/td>\n<td><a href=\"\/index.php\/souteze\/swr-2021\/\"><span style=\"color: #ee8027;\">Silk Way Rally<\/span><\/a><\/td>\n<td style=\"text-align: center;\"><img decoding=\"async\" src=\"\/wp-content\/uploads\/2019\/02\/flag-ru-18x12.png\" \/><\/td>\n<\/tr>\n<tr style=\"vertical-align: top; background-color: #dbd9d9;\">\n<td>13\/08 &#8211; 22\/08<\/td>\n<td>Rally dos Sert\u00f5es<\/td>\n<td style=\"text-align: center;\"><img decoding=\"async\" src=\"\/wp-content\/uploads\/2019\/06\/flag-br-18x12.png\" \/><\/td>\n<\/tr>\n<tr style=\"vertical-align: top; background-color: #f2f2f2;\">\n<td>08\/10 &#8211; 13\/10<\/td>\n<td><a href=\"\/index.php\/souteze\/maroc-2021\/\"><span style=\"color: #ee8027;\">Rallye du Maroc<\/span><\/a><\/td>\n<td style=\"text-align: center;\"><img decoding=\"async\" class=\"aligncenter\" src=\"\/wp-content\/uploads\/2019\/02\/flag-ma-18x12.png\" \/><\/td>\n<\/tr>\n<tr style=\"vertical-align: top; background-color: #dbd9d9;\">\n<td>06\/11 &#8211; 12\/11<\/td>\n<td>Abu Dhabi Desert Challenge<\/td>\n<td style=\"text-align: center;\"><img decoding=\"async\" src=\"\/wp-content\/uploads\/2019\/02\/flag-ae-18x12.png\" \/><\/td>\n<\/tr>\n<\/tbody>\n<\/table>\n<p>[\/vc_column_text][\/vc_column_inner][vc_column_inner width=&#8221;1\/2&#8243;][vc_btn title=&#8221;V\u00edt\u011bzov\u00e9&#8221; style=&#8221;outline&#8221; shape=&#8221;square&#8221; color=&#8221;warning&#8221; size=&#8221;sm&#8221; align=&#8221;center&#8221; i_icon_fontawesome=&#8221;fa fa-trophy&#8221; css_animation=&#8221;fadeIn&#8221; button_block=&#8221;true&#8221; add_icon=&#8221;true&#8221; link=&#8221;url:%2Findex.php%2Fsampionaty%2Fms-fim-ccr-vitezove%2F|||&#8221; css=&#8221;.vc_custom_1624459844104{margin-top: 1px !important;margin-right: 1px !important;margin-bottom: 1px !important;margin-left: 1px !important;}&#8221;][vc_btn title=&#8221;\u010ce\u0161i v MS FIM CCR&#8221; style=&#8221;outline&#8221; shape=&#8221;square&#8221; color=&#8221;warning&#8221; size=&#8221;sm&#8221; align=&#8221;center&#8221; i_icon_fontawesome=&#8221;fa fa-user-circle&#8221; css_animation=&#8221;fadeIn&#8221; button_block=&#8221;true&#8221; add_icon=&#8221;true&#8221; link=&#8221;url:%2Findex.php%2Fsampionaty%2Fms-fim-ccr-cesi%2F|||&#8221; css=&#8221;.vc_custom_1618784779107{margin-top: 2px !important;margin-right: 2px !important;margin-bottom: 2px !important;margin-left: 2px !important;}&#8221;][\/vc_column_inner][\/vc_row_inner][\/vc_column][\/vc_row][vc_row css_animation=&#8221;fadeIn&#8221;][vc_column css_animation=&#8221;fadeIn&#8221; el_id=&#8221;clanky&#8221;][vc_masonry_grid post_type=&#8221;post&#8221; max_items=&#8221;-1&#8243; style=&#8221;lazy&#8221; items_per_page=&#8221;3&#8243; gap=&#8221;5&#8243; item=&#8221;3404&#8243; grid_id=&#8221;vc_gid:1629468981469-8982c9a9-3885-1&#8243; taxonomies=&#8221;1738&#8243;][\/vc_column][\/vc_row]<\/p>\n","protected":false},"excerpt":{"rendered":"<p>Mistrovstv\u00ed sv\u011bta FIM v cross-country rally 2021 | 18. sezona sv\u011btov\u00e9ho \u0161ampion\u00e1tu Mezin\u00e1rodn\u00ed motocyklov\u00e9 federace.<\/p>\n","protected":false},"author":1,"featured_media":18862,"parent":3273,"menu_order":0,"comment_status":"closed","ping_status":"closed","template":"page-templates\/builder.php","meta":{"footnotes":""},"class_list":["post-18863","page","type-page","status-publish","has-post-thumbnail","hentry"],"yoast_head":"<!-- This site is optimized with the Yoast SEO plugin v24.9 - https:\/\/yoast.com\/wordpress\/plugins\/seo\/ -->\n<title>Mistrovstv\u00ed sv\u011bta FIM v cross-country rally 2021 - DAKARMANIA.cz<\/title>\n<meta name=\"description\" content=\"Mistrovstv\u00ed sv\u011bta FIM v cross-country rally 2021 | 18. sezona sv\u011btov\u00e9ho \u0161ampion\u00e1tu Mezin\u00e1rodn\u00ed motocyklov\u00e9 federace.\" \/>\n<meta name=\"robots\" content=\"index, follow, max-snippet:-1, max-image-preview:large, max-video-preview:-1\" \/>\n<link rel=\"canonical\" href=\"https:\/\/www.dakarmania.cz\/index.php\/sampionaty\/ms-fim-ccr-2021\/\" \/>\n<meta property=\"og:locale\" content=\"cs_CZ\" \/>\n<meta property=\"og:type\" content=\"article\" \/>\n<meta property=\"og:title\" content=\"Mistrovstv\u00ed sv\u011bta FIM v cross-country rally 2021 - DAKARMANIA.cz\" \/>\n<meta property=\"og:description\" content=\"Mistrovstv\u00ed sv\u011bta FIM v cross-country rally 2021 | 18. sezona sv\u011btov\u00e9ho \u0161ampion\u00e1tu Mezin\u00e1rodn\u00ed motocyklov\u00e9 federace.\" \/>\n<meta property=\"og:url\" content=\"https:\/\/www.dakarmania.cz\/index.php\/sampionaty\/ms-fim-ccr-2021\/\" \/>\n<meta property=\"og:site_name\" content=\"DAKARMANIA.cz\" \/>\n<meta property=\"article:publisher\" content=\"https:\/\/www.facebook.com\/dakarmania\/\" \/>\n<meta property=\"article:modified_time\" content=\"2021-08-20T14:17:54+00:00\" \/>\n<meta property=\"og:image\" content=\"https:\/\/www.dakarmania.cz\/wp-content\/uploads\/2021\/04\/19-swr-sunderland-header-18.jpg\" \/>\n\t<meta property=\"og:image:width\" content=\"1600\" \/>\n\t<meta property=\"og:image:height\" content=\"710\" \/>\n\t<meta property=\"og:image:type\" content=\"image\/jpeg\" \/>\n<meta name=\"twitter:card\" content=\"summary_large_image\" \/>\n<meta name=\"twitter:label1\" content=\"Odhadovan\u00e1 doba \u010dten\u00ed\" \/>\n\t<meta name=\"twitter:data1\" content=\"2 minuty\" \/>\n<script type=\"application\/ld+json\" class=\"yoast-schema-graph\">{\"@context\":\"https:\/\/schema.org\",\"@graph\":[{\"@type\":\"WebPage\",\"@id\":\"https:\/\/www.dakarmania.cz\/index.php\/sampionaty\/ms-fim-ccr-2021\/\",\"url\":\"https:\/\/www.dakarmania.cz\/index.php\/sampionaty\/ms-fim-ccr-2021\/\",\"name\":\"Mistrovstv\u00ed sv\u011bta FIM v cross-country rally 2021 - DAKARMANIA.cz\",\"isPartOf\":{\"@id\":\"https:\/\/www.dakarmania.cz\/#website\"},\"primaryImageOfPage\":{\"@id\":\"https:\/\/www.dakarmania.cz\/index.php\/sampionaty\/ms-fim-ccr-2021\/#primaryimage\"},\"image\":{\"@id\":\"https:\/\/www.dakarmania.cz\/index.php\/sampionaty\/ms-fim-ccr-2021\/#primaryimage\"},\"thumbnailUrl\":\"https:\/\/www.dakarmania.cz\/wp-content\/uploads\/2021\/04\/19-swr-sunderland-header-18.jpg\",\"datePublished\":\"2021-04-18T17:07:12+00:00\",\"dateModified\":\"2021-08-20T14:17:54+00:00\",\"description\":\"Mistrovstv\u00ed sv\u011bta FIM v cross-country rally 2021 | 18. sezona sv\u011btov\u00e9ho \u0161ampion\u00e1tu Mezin\u00e1rodn\u00ed motocyklov\u00e9 federace.\",\"breadcrumb\":{\"@id\":\"https:\/\/www.dakarmania.cz\/index.php\/sampionaty\/ms-fim-ccr-2021\/#breadcrumb\"},\"inLanguage\":\"cs\",\"potentialAction\":[{\"@type\":\"ReadAction\",\"target\":[\"https:\/\/www.dakarmania.cz\/index.php\/sampionaty\/ms-fim-ccr-2021\/\"]}]},{\"@type\":\"ImageObject\",\"inLanguage\":\"cs\",\"@id\":\"https:\/\/www.dakarmania.cz\/index.php\/sampionaty\/ms-fim-ccr-2021\/#primaryimage\",\"url\":\"https:\/\/www.dakarmania.cz\/wp-content\/uploads\/2021\/04\/19-swr-sunderland-header-18.jpg\",\"contentUrl\":\"https:\/\/www.dakarmania.cz\/wp-content\/uploads\/2021\/04\/19-swr-sunderland-header-18.jpg\",\"width\":1600,\"height\":710,\"caption\":\"Sam Sunderland, KTM 450 Rally, Red Bull KTM Factory Racing. Silk Way Rally 2019. \u00a9 KTM\"},{\"@type\":\"BreadcrumbList\",\"@id\":\"https:\/\/www.dakarmania.cz\/index.php\/sampionaty\/ms-fim-ccr-2021\/#breadcrumb\",\"itemListElement\":[{\"@type\":\"ListItem\",\"position\":1,\"name\":\"Dom\u016f\",\"item\":\"https:\/\/www.dakarmania.cz\/\"},{\"@type\":\"ListItem\",\"position\":2,\"name\":\"\u0160ampion\u00e1ty\",\"item\":\"https:\/\/www.dakarmania.cz\/index.php\/sampionaty\/\"},{\"@type\":\"ListItem\",\"position\":3,\"name\":\"Mistrovstv\u00ed sv\u011bta FIM v cross-country rally 2021\"}]},{\"@type\":\"WebSite\",\"@id\":\"https:\/\/www.dakarmania.cz\/#website\",\"url\":\"https:\/\/www.dakarmania.cz\/\",\"name\":\"DAKARMANIA.cz\",\"description\":\"\u017dijeme Dakarem cel\u00fd rok\",\"publisher\":{\"@id\":\"https:\/\/www.dakarmania.cz\/#organization\"},\"potentialAction\":[{\"@type\":\"SearchAction\",\"target\":{\"@type\":\"EntryPoint\",\"urlTemplate\":\"https:\/\/www.dakarmania.cz\/?s={search_term_string}\"},\"query-input\":{\"@type\":\"PropertyValueSpecification\",\"valueRequired\":true,\"valueName\":\"search_term_string\"}}],\"inLanguage\":\"cs\"},{\"@type\":\"Organization\",\"@id\":\"https:\/\/www.dakarmania.cz\/#organization\",\"name\":\"DAKAR MANIA\",\"url\":\"https:\/\/www.dakarmania.cz\/\",\"logo\":{\"@type\":\"ImageObject\",\"inLanguage\":\"cs\",\"@id\":\"https:\/\/www.dakarmania.cz\/#\/schema\/logo\/image\/\",\"url\":\"https:\/\/www.dakarmania.cz\/wp-content\/uploads\/2018\/12\/Dakar-Mania-Logo-Square-Orange.png\",\"contentUrl\":\"https:\/\/www.dakarmania.cz\/wp-content\/uploads\/2018\/12\/Dakar-Mania-Logo-Square-Orange.png\",\"width\":992,\"height\":992,\"caption\":\"DAKAR MANIA\"},\"image\":{\"@id\":\"https:\/\/www.dakarmania.cz\/#\/schema\/logo\/image\/\"},\"sameAs\":[\"https:\/\/www.facebook.com\/dakarmania\/\"]}]}<\/script>\n<!-- \/ Yoast SEO plugin. -->","yoast_head_json":{"title":"Mistrovstv\u00ed sv\u011bta FIM v cross-country rally 2021 - DAKARMANIA.cz","description":"Mistrovstv\u00ed sv\u011bta FIM v cross-country rally 2021 | 18. sezona sv\u011btov\u00e9ho \u0161ampion\u00e1tu Mezin\u00e1rodn\u00ed motocyklov\u00e9 federace.","robots":{"index":"index","follow":"follow","max-snippet":"max-snippet:-1","max-image-preview":"max-image-preview:large","max-video-preview":"max-video-preview:-1"},"canonical":"https:\/\/www.dakarmania.cz\/index.php\/sampionaty\/ms-fim-ccr-2021\/","og_locale":"cs_CZ","og_type":"article","og_title":"Mistrovstv\u00ed sv\u011bta FIM v cross-country rally 2021 - DAKARMANIA.cz","og_description":"Mistrovstv\u00ed sv\u011bta FIM v cross-country rally 2021 | 18. sezona sv\u011btov\u00e9ho \u0161ampion\u00e1tu Mezin\u00e1rodn\u00ed motocyklov\u00e9 federace.","og_url":"https:\/\/www.dakarmania.cz\/index.php\/sampionaty\/ms-fim-ccr-2021\/","og_site_name":"DAKARMANIA.cz","article_publisher":"https:\/\/www.facebook.com\/dakarmania\/","article_modified_time":"2021-08-20T14:17:54+00:00","og_image":[{"width":1600,"height":710,"url":"https:\/\/www.dakarmania.cz\/wp-content\/uploads\/2021\/04\/19-swr-sunderland-header-18.jpg","type":"image\/jpeg"}],"twitter_card":"summary_large_image","twitter_misc":{"Odhadovan\u00e1 doba \u010dten\u00ed":"2 minuty"},"schema":{"@context":"https:\/\/schema.org","@graph":[{"@type":"WebPage","@id":"https:\/\/www.dakarmania.cz\/index.php\/sampionaty\/ms-fim-ccr-2021\/","url":"https:\/\/www.dakarmania.cz\/index.php\/sampionaty\/ms-fim-ccr-2021\/","name":"Mistrovstv\u00ed sv\u011bta FIM v cross-country rally 2021 - DAKARMANIA.cz","isPartOf":{"@id":"https:\/\/www.dakarmania.cz\/#website"},"primaryImageOfPage":{"@id":"https:\/\/www.dakarmania.cz\/index.php\/sampionaty\/ms-fim-ccr-2021\/#primaryimage"},"image":{"@id":"https:\/\/www.dakarmania.cz\/index.php\/sampionaty\/ms-fim-ccr-2021\/#primaryimage"},"thumbnailUrl":"https:\/\/www.dakarmania.cz\/wp-content\/uploads\/2021\/04\/19-swr-sunderland-header-18.jpg","datePublished":"2021-04-18T17:07:12+00:00","dateModified":"2021-08-20T14:17:54+00:00","description":"Mistrovstv\u00ed sv\u011bta FIM v cross-country rally 2021 | 18. sezona sv\u011btov\u00e9ho \u0161ampion\u00e1tu Mezin\u00e1rodn\u00ed motocyklov\u00e9 federace.","breadcrumb":{"@id":"https:\/\/www.dakarmania.cz\/index.php\/sampionaty\/ms-fim-ccr-2021\/#breadcrumb"},"inLanguage":"cs","potentialAction":[{"@type":"ReadAction","target":["https:\/\/www.dakarmania.cz\/index.php\/sampionaty\/ms-fim-ccr-2021\/"]}]},{"@type":"ImageObject","inLanguage":"cs","@id":"https:\/\/www.dakarmania.cz\/index.php\/sampionaty\/ms-fim-ccr-2021\/#primaryimage","url":"https:\/\/www.dakarmania.cz\/wp-content\/uploads\/2021\/04\/19-swr-sunderland-header-18.jpg","contentUrl":"https:\/\/www.dakarmania.cz\/wp-content\/uploads\/2021\/04\/19-swr-sunderland-header-18.jpg","width":1600,"height":710,"caption":"Sam Sunderland, KTM 450 Rally, Red Bull KTM Factory Racing. Silk Way Rally 2019. \u00a9 KTM"},{"@type":"BreadcrumbList","@id":"https:\/\/www.dakarmania.cz\/index.php\/sampionaty\/ms-fim-ccr-2021\/#breadcrumb","itemListElement":[{"@type":"ListItem","position":1,"name":"Dom\u016f","item":"https:\/\/www.dakarmania.cz\/"},{"@type":"ListItem","position":2,"name":"\u0160ampion\u00e1ty","item":"https:\/\/www.dakarmania.cz\/index.php\/sampionaty\/"},{"@type":"ListItem","position":3,"name":"Mistrovstv\u00ed sv\u011bta FIM v cross-country rally 2021"}]},{"@type":"WebSite","@id":"https:\/\/www.dakarmania.cz\/#website","url":"https:\/\/www.dakarmania.cz\/","name":"DAKARMANIA.cz","description":"\u017dijeme Dakarem cel\u00fd rok","publisher":{"@id":"https:\/\/www.dakarmania.cz\/#organization"},"potentialAction":[{"@type":"SearchAction","target":{"@type":"EntryPoint","urlTemplate":"https:\/\/www.dakarmania.cz\/?s={search_term_string}"},"query-input":{"@type":"PropertyValueSpecification","valueRequired":true,"valueName":"search_term_string"}}],"inLanguage":"cs"},{"@type":"Organization","@id":"https:\/\/www.dakarmania.cz\/#organization","name":"DAKAR MANIA","url":"https:\/\/www.dakarmania.cz\/","logo":{"@type":"ImageObject","inLanguage":"cs","@id":"https:\/\/www.dakarmania.cz\/#\/schema\/logo\/image\/","url":"https:\/\/www.dakarmania.cz\/wp-content\/uploads\/2018\/12\/Dakar-Mania-Logo-Square-Orange.png","contentUrl":"https:\/\/www.dakarmania.cz\/wp-content\/uploads\/2018\/12\/Dakar-Mania-Logo-Square-Orange.png","width":992,"height":992,"caption":"DAKAR MANIA"},"image":{"@id":"https:\/\/www.dakarmania.cz\/#\/schema\/logo\/image\/"},"sameAs":["https:\/\/www.facebook.com\/dakarmania\/"]}]}},"amp_enabled":false,"_links":{"self":[{"href":"https:\/\/www.dakarmania.cz\/index.php\/wp-json\/wp\/v2\/pages\/18863","targetHints":{"allow":["GET"]}}],"collection":[{"href":"https:\/\/www.dakarmania.cz\/index.php\/wp-json\/wp\/v2\/pages"}],"about":[{"href":"https:\/\/www.dakarmania.cz\/index.php\/wp-json\/wp\/v2\/types\/page"}],"author":[{"embeddable":true,"href":"https:\/\/www.dakarmania.cz\/index.php\/wp-json\/wp\/v2\/users\/1"}],"replies":[{"embeddable":true,"href":"https:\/\/www.dakarmania.cz\/index.php\/wp-json\/wp\/v2\/comments?post=18863"}],"version-history":[{"count":12,"href":"https:\/\/www.dakarmania.cz\/index.php\/wp-json\/wp\/v2\/pages\/18863\/revisions"}],"predecessor-version":[{"id":23053,"href":"https:\/\/www.dakarmania.cz\/index.php\/wp-json\/wp\/v2\/pages\/18863\/revisions\/23053"}],"up":[{"embeddable":true,"href":"https:\/\/www.dakarmania.cz\/index.php\/wp-json\/wp\/v2\/pages\/3273"}],"wp:featuredmedia":[{"embeddable":true,"href":"https:\/\/www.dakarmania.cz\/index.php\/wp-json\/wp\/v2\/media\/18862"}],"wp:attachment":[{"href":"https:\/\/www.dakarmania.cz\/index.php\/wp-json\/wp\/v2\/media?parent=18863"}],"curies":[{"name":"wp","href":"https:\/\/api.w.org\/{rel}","templated":true}]}}