{"id":21469,"date":"2021-08-01T10:34:41","date_gmt":"2021-08-01T08:34:41","guid":{"rendered":"https:\/\/www.dakarmania.cz\/?page_id=21469"},"modified":"2021-08-01T11:07:10","modified_gmt":"2021-08-01T09:07:10","slug":"sp-fia-ccr","status":"publish","type":"page","link":"https:\/\/www.dakarmania.cz\/index.php\/sampionaty\/sp-fia-ccr\/","title":{"rendered":"Sv\u011btov\u00fd poh\u00e1r FIA v cross-country rally"},"content":{"rendered":"<p>[vc_row][vc_column][vc_btn title=&#8221;\u0160ampion\u00e1ty&#8221; style=&#8221;outline&#8221; shape=&#8221;square&#8221; color=&#8221;warning&#8221; size=&#8221;xs&#8221; align=&#8221;right&#8221; i_align=&#8221;right&#8221; i_icon_fontawesome=&#8221;fa fa-chevron-up&#8221; css_animation=&#8221;fadeIn&#8221; add_icon=&#8221;true&#8221; css=&#8221;.vc_custom_1627806726195{padding-right: 1px !important;padding-left: 1px !important;}&#8221; link=&#8221;url:%2Findex.php%2Fsampionaty%2F|||&#8221;][vc_column_text css_animation=&#8221;fadeIn&#8221; css=&#8221;.vc_custom_1627806783407{padding-top: 200px !important;padding-right: 20px !important;padding-bottom: 20px !important;padding-left: 20px !important;background: #f2f2f2 url(https:\/\/www.dakarmania.cz\/wp-content\/uploads\/2019\/10\/19-maroc-peterhansel-header-01.jpg?id=12568) !important;background-position: center !important;background-repeat: no-repeat !important;background-size: cover !important;}&#8221;]<\/p>\n<h1 style=\"text-align: left;\"><span style=\"background-color: #ee8027; opacity: 0.7;\"><span style=\"color: #ffffff; padding: 10px;\">SV\u011aTOV\u00dd POH\u00c1R FIA<\/span><br \/>\n<span style=\"color: #ffffff; padding: 10px;\">V CROSS-COUNTRY RALLY<\/span><\/span><\/h1>\n<p style=\"text-align: left;\"><span style=\"background-color: #ee8027; opacity: 0.7;\"><span style=\"color: #ffffff; padding: 10px;\">FIA World Cup for Cross-Country Rallies<\/span><\/span><\/p>\n<p>[\/vc_column_text][vc_empty_space height=&#8221;1px&#8221;][vc_row_inner][vc_column_inner width=&#8221;1\/2&#8243;][vc_btn title=&#8221;2021&#8243; style=&#8221;classic&#8221; shape=&#8221;square&#8221; color=&#8221;warning&#8221; size=&#8221;sm&#8221; align=&#8221;center&#8221; css_animation=&#8221;fadeIn&#8221; button_block=&#8221;true&#8221; link=&#8221;url:%2Findex.php%2Fsampionaty%2Fsp-fia-ccr-2021%2F|||&#8221; css=&#8221;.vc_custom_1618588976881{margin-top: 2px !important;margin-right: 2px !important;margin-bottom: 2px !important;margin-left: 2px !important;}&#8221;][vc_btn title=&#8221;2020&#8243; style=&#8221;outline&#8221; shape=&#8221;square&#8221; color=&#8221;warning&#8221; size=&#8221;sm&#8221; css_animation=&#8221;fadeIn&#8221; link=&#8221;url:%2Findex.php%2Fsampionaty%2Fsp-fia-ccr-2020%2F|||&#8221; css=&#8221;.vc_custom_1618588988719{margin-top: 2px !important;margin-right: 2px !important;margin-bottom: 2px !important;margin-left: 2px !important;}&#8221;][vc_btn title=&#8221;2019&#8243; style=&#8221;outline&#8221; shape=&#8221;square&#8221; color=&#8221;warning&#8221; size=&#8221;sm&#8221; css_animation=&#8221;fadeIn&#8221; link=&#8221;url:%2Findex.php%2Fsampionaty%2Fsvetovy-pohar-fia-v-cross-country-rally-2019%2F|||&#8221; css=&#8221;.vc_custom_1618589000565{margin-top: 2px !important;margin-right: 2px !important;margin-bottom: 2px !important;margin-left: 2px !important;}&#8221;][vc_btn title=&#8221;2018&#8243; style=&#8221;outline&#8221; shape=&#8221;square&#8221; color=&#8221;default&#8221; size=&#8221;sm&#8221; css_animation=&#8221;fadeIn&#8221; link=&#8221;url:%2Findex.php%2Fpripravujeme%2F|||&#8221; css=&#8221;.vc_custom_1618589129774{margin-top: 2px !important;margin-right: 2px !important;margin-bottom: 2px !important;margin-left: 2px !important;}&#8221;][vc_btn title=&#8221;2017&#8243; style=&#8221;outline&#8221; shape=&#8221;square&#8221; color=&#8221;default&#8221; size=&#8221;sm&#8221; css_animation=&#8221;fadeIn&#8221; link=&#8221;url:%2Findex.php%2Fpripravujeme%2F|||&#8221; css=&#8221;.vc_custom_1618589181364{margin-top: 2px !important;margin-right: 2px !important;margin-bottom: 2px !important;margin-left: 2px !important;}&#8221;][vc_btn title=&#8221;2016&#8243; style=&#8221;outline&#8221; shape=&#8221;square&#8221; color=&#8221;default&#8221; size=&#8221;sm&#8221; css_animation=&#8221;fadeIn&#8221; link=&#8221;url:%2Findex.php%2Fpripravujeme%2F|||&#8221; css=&#8221;.vc_custom_1618589190941{margin-top: 2px !important;margin-right: 2px !important;margin-bottom: 2px !important;margin-left: 2px !important;}&#8221;][vc_btn title=&#8221;2015&#8243; style=&#8221;outline&#8221; shape=&#8221;square&#8221; color=&#8221;default&#8221; size=&#8221;sm&#8221; css_animation=&#8221;fadeIn&#8221; link=&#8221;url:%2Findex.php%2Fpripravujeme%2F|||&#8221; css=&#8221;.vc_custom_1618589200579{margin-top: 2px !important;margin-right: 2px !important;margin-bottom: 2px !important;margin-left: 2px !important;}&#8221;][vc_btn title=&#8221;2014&#8243; style=&#8221;outline&#8221; shape=&#8221;square&#8221; color=&#8221;default&#8221; size=&#8221;sm&#8221; css_animation=&#8221;fadeIn&#8221; link=&#8221;url:%2Findex.php%2Fpripravujeme%2F|||&#8221; css=&#8221;.vc_custom_1618589215234{margin-top: 2px !important;margin-right: 2px !important;margin-bottom: 2px !important;margin-left: 2px !important;}&#8221;][vc_btn title=&#8221;2013&#8243; style=&#8221;outline&#8221; shape=&#8221;square&#8221; color=&#8221;default&#8221; size=&#8221;sm&#8221; css_animation=&#8221;fadeIn&#8221; link=&#8221;url:%2Findex.php%2Fpripravujeme%2F|||&#8221; css=&#8221;.vc_custom_1618589226069{margin-top: 2px !important;margin-right: 2px !important;margin-bottom: 2px !important;margin-left: 2px !important;}&#8221;][vc_btn title=&#8221;2012&#8243; style=&#8221;outline&#8221; shape=&#8221;square&#8221; color=&#8221;default&#8221; size=&#8221;sm&#8221; css_animation=&#8221;fadeIn&#8221; link=&#8221;url:%2Findex.php%2Fpripravujeme%2F|||&#8221; css=&#8221;.vc_custom_1618589235254{margin-top: 2px !important;margin-right: 2px !important;margin-bottom: 2px !important;margin-left: 2px !important;}&#8221;][vc_btn title=&#8221;2011&#8243; style=&#8221;outline&#8221; shape=&#8221;square&#8221; color=&#8221;default&#8221; size=&#8221;sm&#8221; css_animation=&#8221;fadeIn&#8221; link=&#8221;url:%2Findex.php%2Fpripravujeme%2F|||&#8221; css=&#8221;.vc_custom_1618589245012{margin-top: 2px !important;margin-right: 2px !important;margin-bottom: 2px !important;margin-left: 2px !important;}&#8221;][vc_btn title=&#8221;2010&#8243; style=&#8221;outline&#8221; shape=&#8221;square&#8221; color=&#8221;default&#8221; size=&#8221;sm&#8221; css_animation=&#8221;fadeIn&#8221; link=&#8221;url:%2Findex.php%2Fpripravujeme%2F|||&#8221; css=&#8221;.vc_custom_1618589254727{margin-top: 2px !important;margin-right: 2px !important;margin-bottom: 2px !important;margin-left: 2px !important;}&#8221;][vc_btn title=&#8221;2009&#8243; style=&#8221;outline&#8221; shape=&#8221;square&#8221; color=&#8221;default&#8221; size=&#8221;sm&#8221; css_animation=&#8221;fadeIn&#8221; link=&#8221;url:%2Findex.php%2Fpripravujeme%2F|||&#8221; css=&#8221;.vc_custom_1618589265407{margin-top: 2px !important;margin-right: 2px !important;margin-bottom: 2px !important;margin-left: 2px !important;}&#8221;][vc_btn title=&#8221;2008&#8243; style=&#8221;outline&#8221; shape=&#8221;square&#8221; color=&#8221;default&#8221; size=&#8221;sm&#8221; css_animation=&#8221;fadeIn&#8221; link=&#8221;url:%2Findex.php%2Fpripravujeme%2F|||&#8221; css=&#8221;.vc_custom_1618589275474{margin-top: 2px !important;margin-right: 2px !important;margin-bottom: 2px !important;margin-left: 2px !important;}&#8221;][vc_btn title=&#8221;2007&#8243; style=&#8221;outline&#8221; shape=&#8221;square&#8221; color=&#8221;default&#8221; size=&#8221;sm&#8221; css_animation=&#8221;fadeIn&#8221; link=&#8221;url:%2Findex.php%2Fpripravujeme%2F|||&#8221; css=&#8221;.vc_custom_1618589285884{margin-top: 2px !important;margin-right: 2px !important;margin-bottom: 2px !important;margin-left: 2px !important;}&#8221;][vc_btn title=&#8221;2006&#8243; style=&#8221;outline&#8221; shape=&#8221;square&#8221; color=&#8221;default&#8221; size=&#8221;sm&#8221; css_animation=&#8221;fadeIn&#8221; link=&#8221;url:%2Findex.php%2Fpripravujeme%2F|||&#8221; css=&#8221;.vc_custom_1618589295651{margin-top: 2px !important;margin-right: 2px !important;margin-bottom: 2px !important;margin-left: 2px !important;}&#8221;][vc_btn title=&#8221;2005&#8243; style=&#8221;outline&#8221; shape=&#8221;square&#8221; color=&#8221;default&#8221; size=&#8221;sm&#8221; css_animation=&#8221;fadeIn&#8221; link=&#8221;url:%2Findex.php%2Fpripravujeme%2F|||&#8221; css=&#8221;.vc_custom_1618589305370{margin-top: 2px !important;margin-right: 2px !important;margin-bottom: 2px !important;margin-left: 2px !important;}&#8221;][vc_btn title=&#8221;2004&#8243; style=&#8221;outline&#8221; shape=&#8221;square&#8221; color=&#8221;default&#8221; size=&#8221;sm&#8221; css_animation=&#8221;fadeIn&#8221; link=&#8221;url:%2Findex.php%2Fpripravujeme%2F|||&#8221; css=&#8221;.vc_custom_1618589314237{margin-top: 2px !important;margin-right: 2px !important;margin-bottom: 2px !important;margin-left: 2px !important;}&#8221;][vc_btn title=&#8221;2003&#8243; style=&#8221;outline&#8221; shape=&#8221;square&#8221; color=&#8221;default&#8221; size=&#8221;sm&#8221; css_animation=&#8221;fadeIn&#8221; link=&#8221;url:%2Findex.php%2Fpripravujeme%2F|||&#8221; css=&#8221;.vc_custom_1618589323117{margin-top: 2px !important;margin-right: 2px !important;margin-bottom: 2px !important;margin-left: 2px !important;}&#8221;][vc_btn title=&#8221;2002&#8243; style=&#8221;outline&#8221; shape=&#8221;square&#8221; color=&#8221;default&#8221; size=&#8221;sm&#8221; css_animation=&#8221;fadeIn&#8221; link=&#8221;url:%2Findex.php%2Fpripravujeme%2F|||&#8221; css=&#8221;.vc_custom_1618589333228{margin-top: 2px !important;margin-right: 2px !important;margin-bottom: 2px !important;margin-left: 2px !important;}&#8221;][vc_btn title=&#8221;2001&#8243; style=&#8221;outline&#8221; shape=&#8221;square&#8221; color=&#8221;default&#8221; size=&#8221;sm&#8221; css_animation=&#8221;fadeIn&#8221; link=&#8221;url:%2Findex.php%2Fpripravujeme%2F|||&#8221; css=&#8221;.vc_custom_1618589342743{margin-top: 2px !important;margin-right: 2px !important;margin-bottom: 2px !important;margin-left: 2px !important;}&#8221;][vc_btn title=&#8221;2000&#8243; style=&#8221;outline&#8221; shape=&#8221;square&#8221; color=&#8221;default&#8221; size=&#8221;sm&#8221; css_animation=&#8221;fadeIn&#8221; link=&#8221;url:%2Findex.php%2Fpripravujeme%2F|||&#8221; css=&#8221;.vc_custom_1618589355278{margin-top: 2px !important;margin-right: 2px !important;margin-bottom: 2px !important;margin-left: 2px !important;}&#8221;][vc_btn title=&#8221;1999&#8243; style=&#8221;outline&#8221; shape=&#8221;square&#8221; color=&#8221;warning&#8221; size=&#8221;sm&#8221; css_animation=&#8221;fadeIn&#8221; link=&#8221;url:%2Findex.php%2Fsampionaty%2Fsp-fia-ccr-1999%2F|||&#8221; css=&#8221;.vc_custom_1618589011849{margin-top: 2px !important;margin-right: 2px !important;margin-bottom: 2px !important;margin-left: 2px !important;}&#8221;][vc_btn title=&#8221;1998&#8243; style=&#8221;outline&#8221; shape=&#8221;square&#8221; color=&#8221;default&#8221; size=&#8221;sm&#8221; css_animation=&#8221;fadeIn&#8221; link=&#8221;url:%2Findex.php%2Fpripravujeme%2F|||&#8221; css=&#8221;.vc_custom_1618589467360{margin-top: 2px !important;margin-right: 2px !important;margin-bottom: 2px !important;margin-left: 2px !important;}&#8221;][vc_btn title=&#8221;1997&#8243; style=&#8221;outline&#8221; shape=&#8221;square&#8221; color=&#8221;default&#8221; size=&#8221;sm&#8221; css_animation=&#8221;fadeIn&#8221; link=&#8221;url:%2Findex.php%2Fpripravujeme%2F|||&#8221; css=&#8221;.vc_custom_1618589485592{margin-top: 2px !important;margin-right: 2px !important;margin-bottom: 2px !important;margin-left: 2px !important;}&#8221;][vc_btn title=&#8221;1996&#8243; style=&#8221;outline&#8221; shape=&#8221;square&#8221; color=&#8221;default&#8221; size=&#8221;sm&#8221; css_animation=&#8221;fadeIn&#8221; link=&#8221;url:%2Findex.php%2Fpripravujeme%2F|||&#8221; css=&#8221;.vc_custom_1618589495396{margin-top: 2px !important;margin-right: 2px !important;margin-bottom: 2px !important;margin-left: 2px !important;}&#8221;][vc_btn title=&#8221;1995&#8243; style=&#8221;outline&#8221; shape=&#8221;square&#8221; color=&#8221;default&#8221; size=&#8221;sm&#8221; css_animation=&#8221;fadeIn&#8221; link=&#8221;url:%2Findex.php%2Fpripravujeme%2F|||&#8221; css=&#8221;.vc_custom_1618589505228{margin-top: 2px !important;margin-right: 2px !important;margin-bottom: 2px !important;margin-left: 2px !important;}&#8221;][vc_btn title=&#8221;1994&#8243; style=&#8221;outline&#8221; shape=&#8221;square&#8221; color=&#8221;default&#8221; size=&#8221;sm&#8221; css_animation=&#8221;fadeIn&#8221; link=&#8221;url:%2Findex.php%2Fpripravujeme%2F|||&#8221; css=&#8221;.vc_custom_1618589514982{margin-top: 2px !important;margin-right: 2px !important;margin-bottom: 2px !important;margin-left: 2px !important;}&#8221;][vc_btn title=&#8221;1993&#8243; style=&#8221;outline&#8221; shape=&#8221;square&#8221; color=&#8221;default&#8221; size=&#8221;sm&#8221; css_animation=&#8221;fadeIn&#8221; link=&#8221;url:%2Findex.php%2Fpripravujeme%2F|||&#8221; css=&#8221;.vc_custom_1618589523928{margin-top: 2px !important;margin-right: 2px !important;margin-bottom: 2px !important;margin-left: 2px !important;}&#8221;][\/vc_column_inner][vc_column_inner width=&#8221;1\/2&#8243;][vc_btn title=&#8221;V\u00edt\u011bzov\u00e9&#8221; style=&#8221;outline&#8221; shape=&#8221;square&#8221; color=&#8221;warning&#8221; size=&#8221;sm&#8221; align=&#8221;center&#8221; i_icon_fontawesome=&#8221;fa fa-trophy&#8221; css_animation=&#8221;fadeIn&#8221; button_block=&#8221;true&#8221; add_icon=&#8221;true&#8221; link=&#8221;url:%2Findex.php%2Fsampionaty%2Fsp-fia-ccr-vitezove%2F|||&#8221; css=&#8221;.vc_custom_1626738057148{margin-top: 2px !important;margin-right: 2px !important;margin-bottom: 2px !important;margin-left: 2px !important;}&#8221;][vc_btn title=&#8221;\u010ce\u0161i v SP FIA CCR&#8221; style=&#8221;outline&#8221; shape=&#8221;square&#8221; color=&#8221;warning&#8221; size=&#8221;sm&#8221; align=&#8221;center&#8221; i_icon_fontawesome=&#8221;fa fa-user-circle&#8221; css_animation=&#8221;fadeIn&#8221; button_block=&#8221;true&#8221; add_icon=&#8221;true&#8221; link=&#8221;url:%2Findex.php%2Fsampionaty%2Fsp-fia-ccr-cesi%2F|||&#8221; css=&#8221;.vc_custom_1618940017753{margin-top: 2px !important;margin-right: 2px !important;margin-bottom: 2px !important;margin-left: 2px !important;}&#8221;][\/vc_column_inner][\/vc_row_inner][\/vc_column][\/vc_row][vc_row css_animation=&#8221;fadeIn&#8221;][vc_column css_animation=&#8221;fadeIn&#8221; el_id=&#8221;clanky&#8221;][vc_masonry_grid post_type=&#8221;post&#8221; max_items=&#8221;-1&#8243; style=&#8221;lazy&#8221; items_per_page=&#8221;3&#8243; gap=&#8221;5&#8243; item=&#8221;3404&#8243; grid_id=&#8221;vc_gid:1627808274373-9fddf861-2954-10&#8243; taxonomies=&#8221;105&#8243;][\/vc_column][\/vc_row]<\/p>\n","protected":false},"excerpt":{"rendered":"<p>Sv\u011btov\u00fd poh\u00e1r FIA v cross-country rally | S\u00e9rie vypisovan\u00e1 pod z\u00e1\u0161titou Mezin\u00e1rodn\u00ed automobilov\u00e9 federace v letech 1993-2021<\/p>\n","protected":false},"author":1,"featured_media":12568,"parent":3273,"menu_order":0,"comment_status":"closed","ping_status":"closed","template":"page-templates\/builder.php","meta":{"footnotes":""},"class_list":["post-21469","page","type-page","status-publish","has-post-thumbnail","hentry"],"yoast_head":"<!-- This site is optimized with the Yoast SEO plugin v24.9 - https:\/\/yoast.com\/wordpress\/plugins\/seo\/ -->\n<title>Sv\u011btov\u00fd poh\u00e1r FIA v cross-country rally - DAKARMANIA.cz<\/title>\n<meta name=\"description\" content=\"Sv\u011btov\u00fd poh\u00e1r FIA v cross-country rally | S\u00e9rie vypisovan\u00e1 pod z\u00e1\u0161titou Mezin\u00e1rodn\u00ed automobilov\u00e9 federace v letech 1993-2021\" \/>\n<meta name=\"robots\" content=\"index, follow, max-snippet:-1, max-image-preview:large, max-video-preview:-1\" \/>\n<link rel=\"canonical\" href=\"https:\/\/www.dakarmania.cz\/index.php\/sampionaty\/sp-fia-ccr\/\" \/>\n<meta property=\"og:locale\" content=\"cs_CZ\" \/>\n<meta property=\"og:type\" content=\"article\" \/>\n<meta property=\"og:title\" content=\"Sv\u011btov\u00fd poh\u00e1r FIA v cross-country rally - DAKARMANIA.cz\" \/>\n<meta property=\"og:description\" content=\"Sv\u011btov\u00fd poh\u00e1r FIA v cross-country rally | S\u00e9rie vypisovan\u00e1 pod z\u00e1\u0161titou Mezin\u00e1rodn\u00ed automobilov\u00e9 federace v letech 1993-2021\" \/>\n<meta property=\"og:url\" content=\"https:\/\/www.dakarmania.cz\/index.php\/sampionaty\/sp-fia-ccr\/\" \/>\n<meta property=\"og:site_name\" content=\"DAKARMANIA.cz\" \/>\n<meta property=\"article:publisher\" content=\"https:\/\/www.facebook.com\/dakarmania\/\" \/>\n<meta property=\"article:modified_time\" content=\"2021-08-01T09:07:10+00:00\" \/>\n<meta property=\"og:image\" content=\"https:\/\/www.dakarmania.cz\/wp-content\/uploads\/2019\/10\/19-maroc-peterhansel-header-01.jpg\" \/>\n\t<meta property=\"og:image:width\" content=\"1024\" \/>\n\t<meta property=\"og:image:height\" content=\"455\" \/>\n\t<meta property=\"og:image:type\" content=\"image\/jpeg\" \/>\n<meta name=\"twitter:card\" content=\"summary_large_image\" \/>\n<meta name=\"twitter:label1\" content=\"Odhadovan\u00e1 doba \u010dten\u00ed\" \/>\n\t<meta name=\"twitter:data1\" content=\"3 minuty\" \/>\n<script type=\"application\/ld+json\" class=\"yoast-schema-graph\">{\"@context\":\"https:\/\/schema.org\",\"@graph\":[{\"@type\":\"WebPage\",\"@id\":\"https:\/\/www.dakarmania.cz\/index.php\/sampionaty\/sp-fia-ccr\/\",\"url\":\"https:\/\/www.dakarmania.cz\/index.php\/sampionaty\/sp-fia-ccr\/\",\"name\":\"Sv\u011btov\u00fd poh\u00e1r FIA v cross-country rally - DAKARMANIA.cz\",\"isPartOf\":{\"@id\":\"https:\/\/www.dakarmania.cz\/#website\"},\"primaryImageOfPage\":{\"@id\":\"https:\/\/www.dakarmania.cz\/index.php\/sampionaty\/sp-fia-ccr\/#primaryimage\"},\"image\":{\"@id\":\"https:\/\/www.dakarmania.cz\/index.php\/sampionaty\/sp-fia-ccr\/#primaryimage\"},\"thumbnailUrl\":\"https:\/\/www.dakarmania.cz\/wp-content\/uploads\/2019\/10\/19-maroc-peterhansel-header-01.jpg\",\"datePublished\":\"2021-08-01T08:34:41+00:00\",\"dateModified\":\"2021-08-01T09:07:10+00:00\",\"description\":\"Sv\u011btov\u00fd poh\u00e1r FIA v cross-country rally | S\u00e9rie vypisovan\u00e1 pod z\u00e1\u0161titou Mezin\u00e1rodn\u00ed automobilov\u00e9 federace v letech 1993-2021\",\"breadcrumb\":{\"@id\":\"https:\/\/www.dakarmania.cz\/index.php\/sampionaty\/sp-fia-ccr\/#breadcrumb\"},\"inLanguage\":\"cs\",\"potentialAction\":[{\"@type\":\"ReadAction\",\"target\":[\"https:\/\/www.dakarmania.cz\/index.php\/sampionaty\/sp-fia-ccr\/\"]}]},{\"@type\":\"ImageObject\",\"inLanguage\":\"cs\",\"@id\":\"https:\/\/www.dakarmania.cz\/index.php\/sampionaty\/sp-fia-ccr\/#primaryimage\",\"url\":\"https:\/\/www.dakarmania.cz\/wp-content\/uploads\/2019\/10\/19-maroc-peterhansel-header-01.jpg\",\"contentUrl\":\"https:\/\/www.dakarmania.cz\/wp-content\/uploads\/2019\/10\/19-maroc-peterhansel-header-01.jpg\",\"width\":1024,\"height\":455,\"caption\":\"St\u00e9phane Peterhansel\/Andrea Peterhansel, Mini JCW Buggy, X-raid. Rallye du Maroc 2019. \u00a9 Red Bull Content Pool\"},{\"@type\":\"BreadcrumbList\",\"@id\":\"https:\/\/www.dakarmania.cz\/index.php\/sampionaty\/sp-fia-ccr\/#breadcrumb\",\"itemListElement\":[{\"@type\":\"ListItem\",\"position\":1,\"name\":\"Dom\u016f\",\"item\":\"https:\/\/www.dakarmania.cz\/\"},{\"@type\":\"ListItem\",\"position\":2,\"name\":\"\u0160ampion\u00e1ty\",\"item\":\"https:\/\/www.dakarmania.cz\/index.php\/sampionaty\/\"},{\"@type\":\"ListItem\",\"position\":3,\"name\":\"Sv\u011btov\u00fd poh\u00e1r FIA v cross-country rally\"}]},{\"@type\":\"WebSite\",\"@id\":\"https:\/\/www.dakarmania.cz\/#website\",\"url\":\"https:\/\/www.dakarmania.cz\/\",\"name\":\"DAKARMANIA.cz\",\"description\":\"\u017dijeme Dakarem cel\u00fd rok\",\"publisher\":{\"@id\":\"https:\/\/www.dakarmania.cz\/#organization\"},\"potentialAction\":[{\"@type\":\"SearchAction\",\"target\":{\"@type\":\"EntryPoint\",\"urlTemplate\":\"https:\/\/www.dakarmania.cz\/?s={search_term_string}\"},\"query-input\":{\"@type\":\"PropertyValueSpecification\",\"valueRequired\":true,\"valueName\":\"search_term_string\"}}],\"inLanguage\":\"cs\"},{\"@type\":\"Organization\",\"@id\":\"https:\/\/www.dakarmania.cz\/#organization\",\"name\":\"DAKAR MANIA\",\"url\":\"https:\/\/www.dakarmania.cz\/\",\"logo\":{\"@type\":\"ImageObject\",\"inLanguage\":\"cs\",\"@id\":\"https:\/\/www.dakarmania.cz\/#\/schema\/logo\/image\/\",\"url\":\"https:\/\/www.dakarmania.cz\/wp-content\/uploads\/2018\/12\/Dakar-Mania-Logo-Square-Orange.png\",\"contentUrl\":\"https:\/\/www.dakarmania.cz\/wp-content\/uploads\/2018\/12\/Dakar-Mania-Logo-Square-Orange.png\",\"width\":992,\"height\":992,\"caption\":\"DAKAR MANIA\"},\"image\":{\"@id\":\"https:\/\/www.dakarmania.cz\/#\/schema\/logo\/image\/\"},\"sameAs\":[\"https:\/\/www.facebook.com\/dakarmania\/\"]}]}<\/script>\n<!-- \/ Yoast SEO plugin. -->","yoast_head_json":{"title":"Sv\u011btov\u00fd poh\u00e1r FIA v cross-country rally - DAKARMANIA.cz","description":"Sv\u011btov\u00fd poh\u00e1r FIA v cross-country rally | S\u00e9rie vypisovan\u00e1 pod z\u00e1\u0161titou Mezin\u00e1rodn\u00ed automobilov\u00e9 federace v letech 1993-2021","robots":{"index":"index","follow":"follow","max-snippet":"max-snippet:-1","max-image-preview":"max-image-preview:large","max-video-preview":"max-video-preview:-1"},"canonical":"https:\/\/www.dakarmania.cz\/index.php\/sampionaty\/sp-fia-ccr\/","og_locale":"cs_CZ","og_type":"article","og_title":"Sv\u011btov\u00fd poh\u00e1r FIA v cross-country rally - DAKARMANIA.cz","og_description":"Sv\u011btov\u00fd poh\u00e1r FIA v cross-country rally | S\u00e9rie vypisovan\u00e1 pod z\u00e1\u0161titou Mezin\u00e1rodn\u00ed automobilov\u00e9 federace v letech 1993-2021","og_url":"https:\/\/www.dakarmania.cz\/index.php\/sampionaty\/sp-fia-ccr\/","og_site_name":"DAKARMANIA.cz","article_publisher":"https:\/\/www.facebook.com\/dakarmania\/","article_modified_time":"2021-08-01T09:07:10+00:00","og_image":[{"width":1024,"height":455,"url":"https:\/\/www.dakarmania.cz\/wp-content\/uploads\/2019\/10\/19-maroc-peterhansel-header-01.jpg","type":"image\/jpeg"}],"twitter_card":"summary_large_image","twitter_misc":{"Odhadovan\u00e1 doba \u010dten\u00ed":"3 minuty"},"schema":{"@context":"https:\/\/schema.org","@graph":[{"@type":"WebPage","@id":"https:\/\/www.dakarmania.cz\/index.php\/sampionaty\/sp-fia-ccr\/","url":"https:\/\/www.dakarmania.cz\/index.php\/sampionaty\/sp-fia-ccr\/","name":"Sv\u011btov\u00fd poh\u00e1r FIA v cross-country rally - DAKARMANIA.cz","isPartOf":{"@id":"https:\/\/www.dakarmania.cz\/#website"},"primaryImageOfPage":{"@id":"https:\/\/www.dakarmania.cz\/index.php\/sampionaty\/sp-fia-ccr\/#primaryimage"},"image":{"@id":"https:\/\/www.dakarmania.cz\/index.php\/sampionaty\/sp-fia-ccr\/#primaryimage"},"thumbnailUrl":"https:\/\/www.dakarmania.cz\/wp-content\/uploads\/2019\/10\/19-maroc-peterhansel-header-01.jpg","datePublished":"2021-08-01T08:34:41+00:00","dateModified":"2021-08-01T09:07:10+00:00","description":"Sv\u011btov\u00fd poh\u00e1r FIA v cross-country rally | S\u00e9rie vypisovan\u00e1 pod z\u00e1\u0161titou Mezin\u00e1rodn\u00ed automobilov\u00e9 federace v letech 1993-2021","breadcrumb":{"@id":"https:\/\/www.dakarmania.cz\/index.php\/sampionaty\/sp-fia-ccr\/#breadcrumb"},"inLanguage":"cs","potentialAction":[{"@type":"ReadAction","target":["https:\/\/www.dakarmania.cz\/index.php\/sampionaty\/sp-fia-ccr\/"]}]},{"@type":"ImageObject","inLanguage":"cs","@id":"https:\/\/www.dakarmania.cz\/index.php\/sampionaty\/sp-fia-ccr\/#primaryimage","url":"https:\/\/www.dakarmania.cz\/wp-content\/uploads\/2019\/10\/19-maroc-peterhansel-header-01.jpg","contentUrl":"https:\/\/www.dakarmania.cz\/wp-content\/uploads\/2019\/10\/19-maroc-peterhansel-header-01.jpg","width":1024,"height":455,"caption":"St\u00e9phane Peterhansel\/Andrea Peterhansel, Mini JCW Buggy, X-raid. Rallye du Maroc 2019. \u00a9 Red Bull Content Pool"},{"@type":"BreadcrumbList","@id":"https:\/\/www.dakarmania.cz\/index.php\/sampionaty\/sp-fia-ccr\/#breadcrumb","itemListElement":[{"@type":"ListItem","position":1,"name":"Dom\u016f","item":"https:\/\/www.dakarmania.cz\/"},{"@type":"ListItem","position":2,"name":"\u0160ampion\u00e1ty","item":"https:\/\/www.dakarmania.cz\/index.php\/sampionaty\/"},{"@type":"ListItem","position":3,"name":"Sv\u011btov\u00fd poh\u00e1r FIA v cross-country rally"}]},{"@type":"WebSite","@id":"https:\/\/www.dakarmania.cz\/#website","url":"https:\/\/www.dakarmania.cz\/","name":"DAKARMANIA.cz","description":"\u017dijeme Dakarem cel\u00fd rok","publisher":{"@id":"https:\/\/www.dakarmania.cz\/#organization"},"potentialAction":[{"@type":"SearchAction","target":{"@type":"EntryPoint","urlTemplate":"https:\/\/www.dakarmania.cz\/?s={search_term_string}"},"query-input":{"@type":"PropertyValueSpecification","valueRequired":true,"valueName":"search_term_string"}}],"inLanguage":"cs"},{"@type":"Organization","@id":"https:\/\/www.dakarmania.cz\/#organization","name":"DAKAR MANIA","url":"https:\/\/www.dakarmania.cz\/","logo":{"@type":"ImageObject","inLanguage":"cs","@id":"https:\/\/www.dakarmania.cz\/#\/schema\/logo\/image\/","url":"https:\/\/www.dakarmania.cz\/wp-content\/uploads\/2018\/12\/Dakar-Mania-Logo-Square-Orange.png","contentUrl":"https:\/\/www.dakarmania.cz\/wp-content\/uploads\/2018\/12\/Dakar-Mania-Logo-Square-Orange.png","width":992,"height":992,"caption":"DAKAR MANIA"},"image":{"@id":"https:\/\/www.dakarmania.cz\/#\/schema\/logo\/image\/"},"sameAs":["https:\/\/www.facebook.com\/dakarmania\/"]}]}},"amp_enabled":false,"_links":{"self":[{"href":"https:\/\/www.dakarmania.cz\/index.php\/wp-json\/wp\/v2\/pages\/21469","targetHints":{"allow":["GET"]}}],"collection":[{"href":"https:\/\/www.dakarmania.cz\/index.php\/wp-json\/wp\/v2\/pages"}],"about":[{"href":"https:\/\/www.dakarmania.cz\/index.php\/wp-json\/wp\/v2\/types\/page"}],"author":[{"embeddable":true,"href":"https:\/\/www.dakarmania.cz\/index.php\/wp-json\/wp\/v2\/users\/1"}],"replies":[{"embeddable":true,"href":"https:\/\/www.dakarmania.cz\/index.php\/wp-json\/wp\/v2\/comments?post=21469"}],"version-history":[{"count":5,"href":"https:\/\/www.dakarmania.cz\/index.php\/wp-json\/wp\/v2\/pages\/21469\/revisions"}],"predecessor-version":[{"id":21482,"href":"https:\/\/www.dakarmania.cz\/index.php\/wp-json\/wp\/v2\/pages\/21469\/revisions\/21482"}],"up":[{"embeddable":true,"href":"https:\/\/www.dakarmania.cz\/index.php\/wp-json\/wp\/v2\/pages\/3273"}],"wp:featuredmedia":[{"embeddable":true,"href":"https:\/\/www.dakarmania.cz\/index.php\/wp-json\/wp\/v2\/media\/12568"}],"wp:attachment":[{"href":"https:\/\/www.dakarmania.cz\/index.php\/wp-json\/wp\/v2\/media?parent=21469"}],"curies":[{"name":"wp","href":"https:\/\/api.w.org\/{rel}","templated":true}]}}