{"id":21501,"date":"2021-08-01T12:39:41","date_gmt":"2021-08-01T10:39:41","guid":{"rendered":"https:\/\/www.dakarmania.cz\/?page_id=21501"},"modified":"2021-08-08T10:29:12","modified_gmt":"2021-08-08T08:29:12","slug":"sp-fim-baja-2021","status":"publish","type":"page","link":"https:\/\/www.dakarmania.cz\/index.php\/sampionaty\/sp-fim-baja-2021\/","title":{"rendered":"Sv\u011btov\u00fd poh\u00e1r FIM v baj\u00e1ch 2021"},"content":{"rendered":"<p>[vc_row][vc_column][vc_btn title=&#8221;\u0160ampion\u00e1ty&#8221; style=&#8221;outline&#8221; shape=&#8221;square&#8221; color=&#8221;warning&#8221; size=&#8221;xs&#8221; align=&#8221;right&#8221; i_align=&#8221;right&#8221; i_icon_fontawesome=&#8221;fa fa-chevron-up&#8221; css_animation=&#8221;fadeIn&#8221; add_icon=&#8221;true&#8221; css=&#8221;.vc_custom_1619629223084{padding-right: 1px !important;padding-left: 1px !important;}&#8221; link=&#8221;url:%2Findex.php%2Fsampionaty%2F|||&#8221;][vc_row_inner][vc_column_inner el_id=&#8221;info&#8221;][vc_column_text css_animation=&#8221;fadeIn&#8221; css=&#8221;.vc_custom_1627813547000{padding-top: 200px !important;padding-right: 20px !important;padding-bottom: 20px !important;padding-left: 20px !important;background: #f2f2f2 url(https:\/\/www.dakarmania.cz\/wp-content\/uploads\/2021\/08\/21-jordan-balooshi-header-01.jpg?id=21499) !important;background-position: center !important;background-repeat: no-repeat !important;background-size: cover !important;}&#8221;]<\/p>\n<h1 style=\"text-align: left;\"><span style=\"background-color: #ee8027; opacity: 0.7;\"><span style=\"color: #ffffff; padding: 10px;\">SV\u011aTOV\u00dd POH\u00c1R FIM<\/span><br \/>\n<span style=\"color: #ffffff; padding: 10px;\">V BAJ\u00c1CH 2021<\/span><\/span><\/h1>\n<p style=\"text-align: left;\"><span style=\"background-color: #ee8027; opacity: 0.7;\"><span style=\"color: #ffffff; padding: 10px;\">2021 FIM Bajas World Cup<\/span><\/span><\/p>\n<p>[\/vc_column_text][\/vc_column_inner][\/vc_row_inner][vc_row_inner][vc_column_inner width=&#8221;1\/2&#8243;][vc_column_text css_animation=&#8221;fadeIn&#8221;]10. sezona <a href=\"\/index.php\/sampionaty\/sp-fim-baja\/\"><span style=\"color: #ee8027;\">Sv\u011btov\u00e9ho poh\u00e1ru FIM v baj\u00e1ch<\/span><\/a> | 7 podnik\u016f[\/vc_column_text][vc_column_text css_animation=&#8221;fadeIn&#8221;]<\/p>\n<table style=\"width: 97.7654%;\" rules=\"rows\" cellpadding=\"4px\">\n<tbody>\n<tr style=\"background-color: #808080; color: white;\">\n<td style=\"text-align: center;\" colspan=\"3\"><strong>Kalend\u00e1\u0159 Sv\u011btov\u00e9ho poh\u00e1ru FIM v baj\u00e1ch 2021<\/strong><\/td>\n<\/tr>\n<tr style=\"vertical-align: top; background-color: #dbd9d9;\">\n<td>18\/02 &#8211; 20\/02<\/td>\n<td><a href=\"\/index.php\/souteze\/dubai-baja-2021\/\"><span style=\"color: #ee8027;\">Dubai International Baja<\/span><\/a><\/td>\n<td><img decoding=\"async\" class=\"aligncenter\" src=\"\/wp-content\/uploads\/2019\/02\/flag-ae-18x12.png\" \/><\/td>\n<\/tr>\n<tr style=\"vertical-align: top; background-color: #f2f2f2;\">\n<td>18\/03 &#8211; 20\/03<\/td>\n<td><a href=\"\/index.php\/souteze\/jordan-baja-2021\/\"><span style=\"color: #ee8027;\">Jordan Baja<\/span><\/a><\/td>\n<td><img decoding=\"async\" class=\"aligncenter\" src=\"\/wp-content\/uploads\/2019\/02\/flag-jo-18x12.png\" \/><\/td>\n<\/tr>\n<tr style=\"vertical-align: top; background-color: #dbd9d9;\">\n<td>23\/07 &#8211; 25\/07<\/td>\n<td><a href=\"\/index.php\/souteze\/baja-aragon-2021\/\"><span style=\"color: #ee8027;\">Baja Espa\u00f1a Arag\u00f3n<\/span><\/a><\/td>\n<td><img decoding=\"async\" class=\"aligncenter\" src=\"\/wp-content\/uploads\/2019\/02\/flag-es-18x12.png\" \/><\/td>\n<\/tr>\n<tr style=\"vertical-align: top; background-color: #f2f2f2;\">\n<td>05\/08 &#8211; 08\/08<\/td>\n<td><a href=\"\/index.php\/souteze\/hungarian-baja-2021\/\"><span style=\"color: #ee8027;\">Hungarian Baja<\/span><\/a><\/td>\n<td><img decoding=\"async\" class=\"aligncenter\" src=\"\/wp-content\/uploads\/2019\/02\/flag-hu-18x12.png\" \/><\/td>\n<\/tr>\n<tr style=\"vertical-align: top; background-color: #dbd9d9;\">\n<td>30\/09 &#8211; 02\/10<\/td>\n<td>Qatar International Baja<\/td>\n<td><img decoding=\"async\" class=\"aligncenter\" src=\"\/wp-content\/uploads\/2019\/02\/flag-qa-18x12.png\" \/><\/td>\n<\/tr>\n<tr style=\"vertical-align: top; background-color: #f2f2f2;\">\n<td>15\/10 &#8211; 17\/10<\/td>\n<td>Baja do Oeste<\/td>\n<td><img decoding=\"async\" class=\"aligncenter\" src=\"\/wp-content\/uploads\/2019\/02\/flag-pt-18x12.png\" \/><\/td>\n<\/tr>\n<tr style=\"vertical-align: top; background-color: #dbd9d9;\">\n<td>28\/10 &#8211; 30\/10<\/td>\n<td>Baja Portalegre<\/td>\n<td><img decoding=\"async\" class=\"aligncenter\" src=\"\/wp-content\/uploads\/2019\/02\/flag-pt-18x12.png\" \/><\/td>\n<\/tr>\n<\/tbody>\n<\/table>\n<p>[\/vc_column_text][\/vc_column_inner][vc_column_inner width=&#8221;1\/2&#8243;][vc_btn title=&#8221;V\u00edt\u011bzov\u00e9&#8221; style=&#8221;outline&#8221; shape=&#8221;square&#8221; color=&#8221;warning&#8221; size=&#8221;sm&#8221; align=&#8221;center&#8221; i_icon_fontawesome=&#8221;fa fa-trophy&#8221; css_animation=&#8221;fadeIn&#8221; button_block=&#8221;true&#8221; add_icon=&#8221;true&#8221; css=&#8221;.vc_custom_1627908213332{margin-top: 2px !important;margin-right: 2px !important;margin-bottom: 2px !important;margin-left: 2px !important;}&#8221; link=&#8221;url:https%3A%2F%2Fwww.dakarmania.cz%2Findex.php%2Fsampionaty%2Fsp-fim-baja-vitezove%2F|||&#8221;][vc_btn title=&#8221;\u010ce\u0161i v SP FIM baja&#8221; style=&#8221;outline&#8221; shape=&#8221;square&#8221; color=&#8221;warning&#8221; size=&#8221;sm&#8221; align=&#8221;center&#8221; i_icon_fontawesome=&#8221;fa fa-user-circle&#8221; css_animation=&#8221;fadeIn&#8221; button_block=&#8221;true&#8221; add_icon=&#8221;true&#8221; css=&#8221;.vc_custom_1627908244888{margin-top: 2px !important;margin-right: 2px !important;margin-bottom: 2px !important;margin-left: 2px !important;}&#8221; link=&#8221;url:%2Findex.php%2Fsampionaty%2Fsp-fim-baja-cesi%2F|||&#8221;][\/vc_column_inner][\/vc_row_inner][\/vc_column][\/vc_row][vc_row css_animation=&#8221;fadeIn&#8221;][vc_column css_animation=&#8221;fadeIn&#8221; el_id=&#8221;clanky&#8221;][vc_masonry_grid post_type=&#8221;post&#8221; max_items=&#8221;-1&#8243; style=&#8221;lazy&#8221; items_per_page=&#8221;3&#8243; gap=&#8221;5&#8243; item=&#8221;3404&#8243; grid_id=&#8221;vc_gid:1628411298056-f6475530-12cc-3&#8243; taxonomies=&#8221;1739&#8243;][\/vc_column][\/vc_row]<\/p>\n","protected":false},"excerpt":{"rendered":"<p>Sv\u011btov\u00fd poh\u00e1r FIM v baj\u00e1ch 2021 (FIM Bajas World Cup) | 10. sezona | 7 podnik\u016f<\/p>\n","protected":false},"author":1,"featured_media":21499,"parent":3273,"menu_order":0,"comment_status":"closed","ping_status":"closed","template":"page-templates\/builder.php","meta":{"footnotes":""},"class_list":["post-21501","page","type-page","status-publish","has-post-thumbnail","hentry"],"yoast_head":"<!-- This site is optimized with the Yoast SEO plugin v24.9 - https:\/\/yoast.com\/wordpress\/plugins\/seo\/ -->\n<title>Sv\u011btov\u00fd poh\u00e1r FIM v baj\u00e1ch 2021 - DAKARMANIA.cz<\/title>\n<meta name=\"description\" content=\"Sv\u011btov\u00fd poh\u00e1r FIM v baj\u00e1ch 2021 (FIM Bajas World Cup) | 10. sezona | 7 podnik\u016f\" \/>\n<meta name=\"robots\" content=\"index, follow, max-snippet:-1, max-image-preview:large, max-video-preview:-1\" \/>\n<link rel=\"canonical\" href=\"https:\/\/www.dakarmania.cz\/index.php\/sampionaty\/sp-fim-baja-2021\/\" \/>\n<meta property=\"og:locale\" content=\"cs_CZ\" \/>\n<meta property=\"og:type\" content=\"article\" \/>\n<meta property=\"og:title\" content=\"Sv\u011btov\u00fd poh\u00e1r FIM v baj\u00e1ch 2021 - DAKARMANIA.cz\" \/>\n<meta property=\"og:description\" content=\"Sv\u011btov\u00fd poh\u00e1r FIM v baj\u00e1ch 2021 (FIM Bajas World Cup) | 10. sezona | 7 podnik\u016f\" \/>\n<meta property=\"og:url\" content=\"https:\/\/www.dakarmania.cz\/index.php\/sampionaty\/sp-fim-baja-2021\/\" \/>\n<meta property=\"og:site_name\" content=\"DAKARMANIA.cz\" \/>\n<meta property=\"article:publisher\" content=\"https:\/\/www.facebook.com\/dakarmania\/\" \/>\n<meta property=\"article:modified_time\" content=\"2021-08-08T08:29:12+00:00\" \/>\n<meta property=\"og:image\" content=\"https:\/\/www.dakarmania.cz\/wp-content\/uploads\/2021\/08\/21-jordan-balooshi-header-01.jpg\" \/>\n\t<meta property=\"og:image:width\" content=\"1600\" \/>\n\t<meta property=\"og:image:height\" content=\"711\" \/>\n\t<meta property=\"og:image:type\" content=\"image\/jpeg\" \/>\n<meta name=\"twitter:card\" content=\"summary_large_image\" \/>\n<meta name=\"twitter:label1\" content=\"Odhadovan\u00e1 doba \u010dten\u00ed\" \/>\n\t<meta name=\"twitter:data1\" content=\"3 minuty\" \/>\n<script type=\"application\/ld+json\" class=\"yoast-schema-graph\">{\"@context\":\"https:\/\/schema.org\",\"@graph\":[{\"@type\":\"WebPage\",\"@id\":\"https:\/\/www.dakarmania.cz\/index.php\/sampionaty\/sp-fim-baja-2021\/\",\"url\":\"https:\/\/www.dakarmania.cz\/index.php\/sampionaty\/sp-fim-baja-2021\/\",\"name\":\"Sv\u011btov\u00fd poh\u00e1r FIM v baj\u00e1ch 2021 - DAKARMANIA.cz\",\"isPartOf\":{\"@id\":\"https:\/\/www.dakarmania.cz\/#website\"},\"primaryImageOfPage\":{\"@id\":\"https:\/\/www.dakarmania.cz\/index.php\/sampionaty\/sp-fim-baja-2021\/#primaryimage\"},\"image\":{\"@id\":\"https:\/\/www.dakarmania.cz\/index.php\/sampionaty\/sp-fim-baja-2021\/#primaryimage\"},\"thumbnailUrl\":\"https:\/\/www.dakarmania.cz\/wp-content\/uploads\/2021\/08\/21-jordan-balooshi-header-01.jpg\",\"datePublished\":\"2021-08-01T10:39:41+00:00\",\"dateModified\":\"2021-08-08T08:29:12+00:00\",\"description\":\"Sv\u011btov\u00fd poh\u00e1r FIM v baj\u00e1ch 2021 (FIM Bajas World Cup) | 10. sezona | 7 podnik\u016f\",\"breadcrumb\":{\"@id\":\"https:\/\/www.dakarmania.cz\/index.php\/sampionaty\/sp-fim-baja-2021\/#breadcrumb\"},\"inLanguage\":\"cs\",\"potentialAction\":[{\"@type\":\"ReadAction\",\"target\":[\"https:\/\/www.dakarmania.cz\/index.php\/sampionaty\/sp-fim-baja-2021\/\"]}]},{\"@type\":\"ImageObject\",\"inLanguage\":\"cs\",\"@id\":\"https:\/\/www.dakarmania.cz\/index.php\/sampionaty\/sp-fim-baja-2021\/#primaryimage\",\"url\":\"https:\/\/www.dakarmania.cz\/wp-content\/uploads\/2021\/08\/21-jordan-balooshi-header-01.jpg\",\"contentUrl\":\"https:\/\/www.dakarmania.cz\/wp-content\/uploads\/2021\/08\/21-jordan-balooshi-header-01.jpg\",\"width\":1600,\"height\":711,\"caption\":\"Mohammed Al Balooshi, Husqvarna FC 450, MX Ride Dubai. Jordan Baja 2021. \u00a9 FIM\"},{\"@type\":\"BreadcrumbList\",\"@id\":\"https:\/\/www.dakarmania.cz\/index.php\/sampionaty\/sp-fim-baja-2021\/#breadcrumb\",\"itemListElement\":[{\"@type\":\"ListItem\",\"position\":1,\"name\":\"Dom\u016f\",\"item\":\"https:\/\/www.dakarmania.cz\/\"},{\"@type\":\"ListItem\",\"position\":2,\"name\":\"\u0160ampion\u00e1ty\",\"item\":\"https:\/\/www.dakarmania.cz\/index.php\/sampionaty\/\"},{\"@type\":\"ListItem\",\"position\":3,\"name\":\"Sv\u011btov\u00fd poh\u00e1r FIM v baj\u00e1ch 2021\"}]},{\"@type\":\"WebSite\",\"@id\":\"https:\/\/www.dakarmania.cz\/#website\",\"url\":\"https:\/\/www.dakarmania.cz\/\",\"name\":\"DAKARMANIA.cz\",\"description\":\"\u017dijeme Dakarem cel\u00fd rok\",\"publisher\":{\"@id\":\"https:\/\/www.dakarmania.cz\/#organization\"},\"potentialAction\":[{\"@type\":\"SearchAction\",\"target\":{\"@type\":\"EntryPoint\",\"urlTemplate\":\"https:\/\/www.dakarmania.cz\/?s={search_term_string}\"},\"query-input\":{\"@type\":\"PropertyValueSpecification\",\"valueRequired\":true,\"valueName\":\"search_term_string\"}}],\"inLanguage\":\"cs\"},{\"@type\":\"Organization\",\"@id\":\"https:\/\/www.dakarmania.cz\/#organization\",\"name\":\"DAKAR MANIA\",\"url\":\"https:\/\/www.dakarmania.cz\/\",\"logo\":{\"@type\":\"ImageObject\",\"inLanguage\":\"cs\",\"@id\":\"https:\/\/www.dakarmania.cz\/#\/schema\/logo\/image\/\",\"url\":\"https:\/\/www.dakarmania.cz\/wp-content\/uploads\/2018\/12\/Dakar-Mania-Logo-Square-Orange.png\",\"contentUrl\":\"https:\/\/www.dakarmania.cz\/wp-content\/uploads\/2018\/12\/Dakar-Mania-Logo-Square-Orange.png\",\"width\":992,\"height\":992,\"caption\":\"DAKAR MANIA\"},\"image\":{\"@id\":\"https:\/\/www.dakarmania.cz\/#\/schema\/logo\/image\/\"},\"sameAs\":[\"https:\/\/www.facebook.com\/dakarmania\/\"]}]}<\/script>\n<!-- \/ Yoast SEO plugin. -->","yoast_head_json":{"title":"Sv\u011btov\u00fd poh\u00e1r FIM v baj\u00e1ch 2021 - DAKARMANIA.cz","description":"Sv\u011btov\u00fd poh\u00e1r FIM v baj\u00e1ch 2021 (FIM Bajas World Cup) | 10. sezona | 7 podnik\u016f","robots":{"index":"index","follow":"follow","max-snippet":"max-snippet:-1","max-image-preview":"max-image-preview:large","max-video-preview":"max-video-preview:-1"},"canonical":"https:\/\/www.dakarmania.cz\/index.php\/sampionaty\/sp-fim-baja-2021\/","og_locale":"cs_CZ","og_type":"article","og_title":"Sv\u011btov\u00fd poh\u00e1r FIM v baj\u00e1ch 2021 - DAKARMANIA.cz","og_description":"Sv\u011btov\u00fd poh\u00e1r FIM v baj\u00e1ch 2021 (FIM Bajas World Cup) | 10. sezona | 7 podnik\u016f","og_url":"https:\/\/www.dakarmania.cz\/index.php\/sampionaty\/sp-fim-baja-2021\/","og_site_name":"DAKARMANIA.cz","article_publisher":"https:\/\/www.facebook.com\/dakarmania\/","article_modified_time":"2021-08-08T08:29:12+00:00","og_image":[{"width":1600,"height":711,"url":"https:\/\/www.dakarmania.cz\/wp-content\/uploads\/2021\/08\/21-jordan-balooshi-header-01.jpg","type":"image\/jpeg"}],"twitter_card":"summary_large_image","twitter_misc":{"Odhadovan\u00e1 doba \u010dten\u00ed":"3 minuty"},"schema":{"@context":"https:\/\/schema.org","@graph":[{"@type":"WebPage","@id":"https:\/\/www.dakarmania.cz\/index.php\/sampionaty\/sp-fim-baja-2021\/","url":"https:\/\/www.dakarmania.cz\/index.php\/sampionaty\/sp-fim-baja-2021\/","name":"Sv\u011btov\u00fd poh\u00e1r FIM v baj\u00e1ch 2021 - DAKARMANIA.cz","isPartOf":{"@id":"https:\/\/www.dakarmania.cz\/#website"},"primaryImageOfPage":{"@id":"https:\/\/www.dakarmania.cz\/index.php\/sampionaty\/sp-fim-baja-2021\/#primaryimage"},"image":{"@id":"https:\/\/www.dakarmania.cz\/index.php\/sampionaty\/sp-fim-baja-2021\/#primaryimage"},"thumbnailUrl":"https:\/\/www.dakarmania.cz\/wp-content\/uploads\/2021\/08\/21-jordan-balooshi-header-01.jpg","datePublished":"2021-08-01T10:39:41+00:00","dateModified":"2021-08-08T08:29:12+00:00","description":"Sv\u011btov\u00fd poh\u00e1r FIM v baj\u00e1ch 2021 (FIM Bajas World Cup) | 10. sezona | 7 podnik\u016f","breadcrumb":{"@id":"https:\/\/www.dakarmania.cz\/index.php\/sampionaty\/sp-fim-baja-2021\/#breadcrumb"},"inLanguage":"cs","potentialAction":[{"@type":"ReadAction","target":["https:\/\/www.dakarmania.cz\/index.php\/sampionaty\/sp-fim-baja-2021\/"]}]},{"@type":"ImageObject","inLanguage":"cs","@id":"https:\/\/www.dakarmania.cz\/index.php\/sampionaty\/sp-fim-baja-2021\/#primaryimage","url":"https:\/\/www.dakarmania.cz\/wp-content\/uploads\/2021\/08\/21-jordan-balooshi-header-01.jpg","contentUrl":"https:\/\/www.dakarmania.cz\/wp-content\/uploads\/2021\/08\/21-jordan-balooshi-header-01.jpg","width":1600,"height":711,"caption":"Mohammed Al Balooshi, Husqvarna FC 450, MX Ride Dubai. Jordan Baja 2021. \u00a9 FIM"},{"@type":"BreadcrumbList","@id":"https:\/\/www.dakarmania.cz\/index.php\/sampionaty\/sp-fim-baja-2021\/#breadcrumb","itemListElement":[{"@type":"ListItem","position":1,"name":"Dom\u016f","item":"https:\/\/www.dakarmania.cz\/"},{"@type":"ListItem","position":2,"name":"\u0160ampion\u00e1ty","item":"https:\/\/www.dakarmania.cz\/index.php\/sampionaty\/"},{"@type":"ListItem","position":3,"name":"Sv\u011btov\u00fd poh\u00e1r FIM v baj\u00e1ch 2021"}]},{"@type":"WebSite","@id":"https:\/\/www.dakarmania.cz\/#website","url":"https:\/\/www.dakarmania.cz\/","name":"DAKARMANIA.cz","description":"\u017dijeme Dakarem cel\u00fd rok","publisher":{"@id":"https:\/\/www.dakarmania.cz\/#organization"},"potentialAction":[{"@type":"SearchAction","target":{"@type":"EntryPoint","urlTemplate":"https:\/\/www.dakarmania.cz\/?s={search_term_string}"},"query-input":{"@type":"PropertyValueSpecification","valueRequired":true,"valueName":"search_term_string"}}],"inLanguage":"cs"},{"@type":"Organization","@id":"https:\/\/www.dakarmania.cz\/#organization","name":"DAKAR MANIA","url":"https:\/\/www.dakarmania.cz\/","logo":{"@type":"ImageObject","inLanguage":"cs","@id":"https:\/\/www.dakarmania.cz\/#\/schema\/logo\/image\/","url":"https:\/\/www.dakarmania.cz\/wp-content\/uploads\/2018\/12\/Dakar-Mania-Logo-Square-Orange.png","contentUrl":"https:\/\/www.dakarmania.cz\/wp-content\/uploads\/2018\/12\/Dakar-Mania-Logo-Square-Orange.png","width":992,"height":992,"caption":"DAKAR MANIA"},"image":{"@id":"https:\/\/www.dakarmania.cz\/#\/schema\/logo\/image\/"},"sameAs":["https:\/\/www.facebook.com\/dakarmania\/"]}]}},"amp_enabled":false,"_links":{"self":[{"href":"https:\/\/www.dakarmania.cz\/index.php\/wp-json\/wp\/v2\/pages\/21501","targetHints":{"allow":["GET"]}}],"collection":[{"href":"https:\/\/www.dakarmania.cz\/index.php\/wp-json\/wp\/v2\/pages"}],"about":[{"href":"https:\/\/www.dakarmania.cz\/index.php\/wp-json\/wp\/v2\/types\/page"}],"author":[{"embeddable":true,"href":"https:\/\/www.dakarmania.cz\/index.php\/wp-json\/wp\/v2\/users\/1"}],"replies":[{"embeddable":true,"href":"https:\/\/www.dakarmania.cz\/index.php\/wp-json\/wp\/v2\/comments?post=21501"}],"version-history":[{"count":7,"href":"https:\/\/www.dakarmania.cz\/index.php\/wp-json\/wp\/v2\/pages\/21501\/revisions"}],"predecessor-version":[{"id":22099,"href":"https:\/\/www.dakarmania.cz\/index.php\/wp-json\/wp\/v2\/pages\/21501\/revisions\/22099"}],"up":[{"embeddable":true,"href":"https:\/\/www.dakarmania.cz\/index.php\/wp-json\/wp\/v2\/pages\/3273"}],"wp:featuredmedia":[{"embeddable":true,"href":"https:\/\/www.dakarmania.cz\/index.php\/wp-json\/wp\/v2\/media\/21499"}],"wp:attachment":[{"href":"https:\/\/www.dakarmania.cz\/index.php\/wp-json\/wp\/v2\/media?parent=21501"}],"curies":[{"name":"wp","href":"https:\/\/api.w.org\/{rel}","templated":true}]}}