{"id":21636,"date":"2021-08-03T00:03:00","date_gmt":"2021-08-02T22:03:00","guid":{"rendered":"https:\/\/www.dakarmania.cz\/?page_id=21636"},"modified":"2023-08-08T12:53:59","modified_gmt":"2023-08-08T10:53:59","slug":"sharqiyah-baja-2021","status":"publish","type":"page","link":"https:\/\/www.dakarmania.cz\/index.php\/souteze\/sharqiyah-baja-2021\/","title":{"rendered":"Sharqiyah Baja 2021"},"content":{"rendered":"<p>[vc_row css_animation=&#8221;fadeIn&#8221; no_sep_borders=&#8221;yes&#8221;][vc_column][vc_btn title=&#8221;Sout\u011b\u017ee&#8221; style=&#8221;outline&#8221; shape=&#8221;square&#8221; color=&#8221;warning&#8221; size=&#8221;xs&#8221; align=&#8221;right&#8221; i_align=&#8221;right&#8221; i_icon_fontawesome=&#8221;fa fa-chevron-up&#8221; css_animation=&#8221;fadeIn&#8221; add_icon=&#8221;true&#8221; css=&#8221;.vc_custom_1627940488441{padding-right: 1px !important;padding-left: 1px !important;}&#8221; link=&#8221;url:%2Findex.php%2Fsouteze%2F|||&#8221;][vc_column_text css_animation=&#8221;fadeIn&#8221; css=&#8221;.vc_custom_1627940552264{padding-top: 200px !important;padding-right: 15px !important;padding-bottom: 15px !important;padding-left: 15px !important;background: #f2f2f2 url(https:\/\/www.dakarmania.cz\/wp-content\/uploads\/2021\/08\/21-sharqiyah-seaidan-header-01.jpg?id=21633) !important;background-position: center !important;background-repeat: no-repeat !important;background-size: cover !important;}&#8221;]<\/p>\n<h1 style=\"text-align: left;\"><span style=\"background-color: #ee8027; opacity: 0.7;\"><span style=\"color: #ffffff; padding: 10px;\">SHARQIYAH BAJA 2021<\/span><\/span><\/h1>\n<p>[\/vc_column_text][vc_empty_space height=&#8221;2px&#8221;][vc_row_inner el_id=&#8221;info&#8221;][vc_column_inner width=&#8221;1\/2&#8243;][vc_column_text css_animation=&#8221;fadeIn&#8221;]<strong>2. ro\u010dn\u00edk | 3. a\u017e 6. b\u0159ezna | Khobar, Sa\u00fadsk\u00e1 Ar\u00e1bie<\/strong><\/p>\n<p>Celkem 844 km, z toho 450 km rychlostn\u00edch zkou\u0161ek<\/p>\n<p>3. podnik <a href=\"\/index.php\/sampionaty\/sp-fia-baja-2021\/\"><span style=\"color: #ee8027;\">Sv\u011btov\u00e9ho poh\u00e1ru FIA v cross-country baj\u00e1ch 2021<\/span><\/a>[\/vc_column_text][\/vc_column_inner][vc_column_inner width=&#8221;1\/2&#8243;][vc_btn title=&#8221;V\u00edt\u011bzov\u00e9&#8221; style=&#8221;outline&#8221; shape=&#8221;square&#8221; color=&#8221;warning&#8221; size=&#8221;sm&#8221; align=&#8221;center&#8221; i_icon_fontawesome=&#8221;fa fa-trophy&#8221; css_animation=&#8221;fadeIn&#8221; button_block=&#8221;true&#8221; add_icon=&#8221;true&#8221; link=&#8221;url:%2Findex.php%2Fsouteze%2Fsharqiyah-baja-vitezove%2F|||&#8221; css=&#8221;.vc_custom_1627976547313{margin-top: 2px !important;margin-right: 5px !important;margin-bottom: 2px !important;margin-left: 5px !important;}&#8221;][vc_btn title=&#8221;\u010ce\u0161i na Sharqiyah Baja&#8221; style=&#8221;outline&#8221; shape=&#8221;square&#8221; color=&#8221;warning&#8221; size=&#8221;sm&#8221; align=&#8221;center&#8221; i_icon_fontawesome=&#8221;fa fa-user-circle&#8221; css_animation=&#8221;fadeIn&#8221; button_block=&#8221;true&#8221; add_icon=&#8221;true&#8221; link=&#8221;url:%2Findex.php%2Fsouteze%2Fsharqiyah-baja-cesi%2F|||&#8221; css=&#8221;.vc_custom_1627978278162{margin-top: 2px !important;margin-right: 5px !important;margin-bottom: 2px !important;margin-left: 5px !important;}&#8221;][\/vc_column_inner][\/vc_row_inner][vc_btn title=&#8221;AUTO (SP FIA)&#8221; style=&#8221;classic&#8221; shape=&#8221;square&#8221; color=&#8221;warning&#8221; size=&#8221;xs&#8221; i_icon_fontawesome=&#8221;fa fa-list-ol&#8221; css_animation=&#8221;fadeIn&#8221; add_icon=&#8221;true&#8221; css=&#8221;.vc_custom_1627940922522{padding-right: 1px !important;padding-left: 1px !important;}&#8221; link=&#8221;url:%2Findex.php%2Fsouteze%2Fsharqiyah-baja-2021%2F%23sp-fia|||&#8221;][vc_btn title=&#8221;T3 (SP FIA)&#8221; style=&#8221;classic&#8221; shape=&#8221;square&#8221; color=&#8221;warning&#8221; size=&#8221;xs&#8221; i_icon_fontawesome=&#8221;fa fa-list-ol&#8221; css_animation=&#8221;fadeIn&#8221; add_icon=&#8221;true&#8221; css=&#8221;.vc_custom_1627940933835{padding-right: 1px !important;padding-left: 1px !important;}&#8221; link=&#8221;url:%2Findex.php%2Fsouteze%2Fsharqiyah-baja-2021%2F%23t3|||&#8221;][vc_btn title=&#8221;T4 (SP FIA)&#8221; style=&#8221;classic&#8221; shape=&#8221;square&#8221; color=&#8221;warning&#8221; size=&#8221;xs&#8221; i_icon_fontawesome=&#8221;fa fa-list-ol&#8221; css_animation=&#8221;fadeIn&#8221; add_icon=&#8221;true&#8221; css=&#8221;.vc_custom_1627940945996{padding-right: 1px !important;padding-left: 1px !important;}&#8221; link=&#8221;url:%2Findex.php%2Fsouteze%2Fsharqiyah-baja-2021%2F%23t4|||&#8221;][vc_tta_pageable no_fill_content_area=&#8221;1&#8243; active_section=&#8221;1&#8243; pagination_style=&#8221;&#8221; css_animation=&#8221;fadeIn&#8221; el_id=&#8221;vysledky&#8221; css=&#8221;.vc_custom_1566586979997{padding-right: 10px !important;padding-left: 10px !important;background-color: #f4f4f4 !important;}&#8221;][vc_tta_section title=&#8221;SP FIA&#8221; tab_id=&#8221;sp-fia&#8221;][vc_row_inner][vc_column_inner][vc_column_text css_animation=&#8221;fadeIn&#8221;]<\/p>\n<table style=\"width: 97.7654%;\" rules=\"rows\" cellpadding=\"4px\">\n<tbody>\n<tr style=\"background-color: #808080; color: white;\">\n<td style=\"text-align: center;\" colspan=\"7\"><span style=\"font-size: 12pt;\"><strong>SHARQIYAH BAJA 2021 &#8211; AUTOMOBILY (SP FIA)<br \/>\nkone\u010dn\u00e9 v\u00fdsledky<\/strong><\/span><\/td>\n<\/tr>\n<tr style=\"vertical-align: top; background-color: #dbd9d9;\">\n<td>1.<\/td>\n<td class=\"nomobile\" style=\"text-align: center;\">201<\/td>\n<td><a href=\"\/index.php\/osobnosti\/yasir-seaidan\/\"><span style=\"color: #ee8027;\">Yasir Seaidan<\/span><\/a> \/ <a href=\"\/index.php\/osobnosti\/alexej-kuzmic\/\"><span style=\"color: #ee8027;\">Alexej Kuzmi\u010d<\/span><\/a><\/td>\n<td>Mini JCW Rally<\/td>\n<td class=\"nomobile\">Race World<\/td>\n<td style=\"text-align: right;\">4:05:27<\/td>\n<\/tr>\n<tr style=\"vertical-align: top; background-color: #f2f2f2;\">\n<td>2.<\/td>\n<td class=\"nomobile\" style=\"text-align: center;\">203<\/td>\n<td><a href=\"\/index.php\/osobnosti\/miroslav-zapletal\/\"><span style=\"color: #ee8027;\">Miroslav Zapletal<\/span><\/a> \/ <a href=\"\/index.php\/osobnosti\/marek-sykora\/\"><span style=\"color: #ee8027;\">Marek S\u00fdkora<\/span><\/a><\/td>\n<td>Ford F-150 Evo<\/td>\n<td class=\"nomobile\">Offroadsport<\/td>\n<td style=\"text-align: right;\">+13:38<\/td>\n<\/tr>\n<tr style=\"vertical-align: top; background-color: #dbd9d9;\">\n<td>3.<\/td>\n<td class=\"nomobile\" style=\"text-align: center;\">403<\/td>\n<td><a href=\"\/index.php\/osobnosti\/saleh-al-saif\/\"><span style=\"color: #ee8027;\">Saleh Al-Saif<\/span><\/a> \/ Oriol Vidal<\/td>\n<td>Can-Am Maverick X3<\/td>\n<td class=\"nomobile\"><\/td>\n<td style=\"text-align: right;\">+22:10<\/td>\n<\/tr>\n<tr style=\"vertical-align: top; background-color: #f2f2f2;\">\n<td>4.<\/td>\n<td class=\"nomobile\" style=\"text-align: center;\">401<\/td>\n<td>Mshari Althefiri \/ Nasser Al-Kuwari<\/td>\n<td>Can-Am Maverick X3<\/td>\n<td class=\"nomobile\">South Racing<\/td>\n<td style=\"text-align: right;\">+54:31<\/td>\n<\/tr>\n<tr style=\"vertical-align: top; background-color: #dbd9d9;\">\n<td>5.<\/td>\n<td class=\"nomobile\" style=\"text-align: center;\">405<\/td>\n<td>Saeed Zaki Almouri \/ Sergio Lafuente<\/td>\n<td>Can-Am Maverick X3<\/td>\n<td class=\"nomobile\">South Racing<\/td>\n<td style=\"text-align: right;\">+57:10<\/td>\n<\/tr>\n<tr style=\"vertical-align: top; background-color: #f2f2f2;\">\n<td>6.<\/td>\n<td class=\"nomobile\" style=\"text-align: center;\">400<\/td>\n<td><a href=\"\/index.php\/osobnosti\/claude-fournier\/\"><span style=\"color: #ee8027;\">Claude Fournier<\/span><\/a> \/ Szymon Gospodarczyk<\/td>\n<td>Can-Am Maverick X3<\/td>\n<td class=\"nomobile\">South Racing<\/td>\n<td style=\"text-align: right;\">+1:01:20<\/td>\n<\/tr>\n<tr style=\"vertical-align: top; background-color: #dbd9d9;\">\n<td>7.<\/td>\n<td class=\"nomobile\" style=\"text-align: center;\">202<\/td>\n<td>Erik van Loon \/ <a href=\"\/index.php\/osobnosti\/sebastien-delaunay\/\"><span style=\"color: #ee8027;\">S\u00e9bastien Delaunay<\/span><\/a><\/td>\n<td>Toyota Hilux<\/td>\n<td class=\"nomobile\">Overdrive SA<\/td>\n<td style=\"text-align: right;\">+1:05:10<\/td>\n<\/tr>\n<tr style=\"vertical-align: top; background-color: #f2f2f2;\">\n<td>8.<\/td>\n<td class=\"nomobile\" style=\"text-align: center;\">210<\/td>\n<td>Dania Saud Akeel \/ <a href=\"\/index.php\/osobnosti\/laurent-lichtleuchter\/\"><span style=\"color: #ee8027;\">Laurent Lichtleuchter<\/span><\/a><\/td>\n<td>Can-Am Maverick X3<\/td>\n<td class=\"nomobile\"><\/td>\n<td style=\"text-align: right;\">+1:44:17<\/td>\n<\/tr>\n<tr style=\"background-color: #808080;\">\n<td style=\"text-align: center;\" colspan=\"6\"><\/td>\n<\/tr>\n<tr style=\"vertical-align: top; background-color: #dbd9d9;\">\n<td>DNF<\/td>\n<td class=\"nomobile\" style=\"text-align: center;\">200<\/td>\n<td><a href=\"\/index.php\/osobnosti\/yazeed-al-rajhi\/\"><span style=\"color: #ee8027;\">Yazeed Al-Rajhi<\/span><\/a> \/ <a href=\"\/index.php\/osobnosti\/michael-orr\/\"><span style=\"color: #ee8027;\">Michael Orr<\/span><\/a><\/td>\n<td>Toyota Hilux<\/td>\n<td class=\"nomobile\">Overdrive SA<\/td>\n<td style=\"text-align: right;\"><\/td>\n<\/tr>\n<tr style=\"vertical-align: top; background-color: #f2f2f2;\">\n<td>DSQ<\/td>\n<td class=\"nomobile\" style=\"text-align: center;\">204<\/td>\n<td>Saleh Abdullah Al Abdulali \/ Mohammed Nasser Al Niem<\/td>\n<td>Hummer H3<\/td>\n<td class=\"nomobile\"><\/td>\n<td style=\"text-align: right;\"><\/td>\n<\/tr>\n<tr style=\"vertical-align: top; background-color: #dbd9d9;\">\n<td>DNF<\/td>\n<td class=\"nomobile\" style=\"text-align: center;\">206<\/td>\n<td>Khaled Ahmed Alferaihi \/ Omar Abdulleh Al Lahim<\/td>\n<td>Nissan Pick-up<\/td>\n<td class=\"nomobile\"><\/td>\n<td style=\"text-align: right;\"><\/td>\n<\/tr>\n<tr style=\"vertical-align: top; background-color: #f2f2f2;\">\n<td>DSQ<\/td>\n<td class=\"nomobile\" style=\"text-align: center;\">207<\/td>\n<td>Mohammed Altuwijri \/ Khalid Almarshoud<\/td>\n<td>Toyota Land Cruiser<\/td>\n<td class=\"nomobile\"><\/td>\n<td style=\"text-align: right;\"><\/td>\n<\/tr>\n<tr style=\"vertical-align: top; background-color: #dbd9d9;\">\n<td>DSQ<\/td>\n<td class=\"nomobile\" style=\"text-align: center;\">208<\/td>\n<td>Ibrahim Abdulrahman Bensahman \/ Nasser Mohammed Alkhamis<\/td>\n<td>Nissan Patrol<\/td>\n<td class=\"nomobile\"><\/td>\n<td style=\"text-align: right;\"><\/td>\n<\/tr>\n<tr style=\"vertical-align: top; background-color: #f2f2f2;\">\n<td>DNF<\/td>\n<td class=\"nomobile\" style=\"text-align: center;\">404<\/td>\n<td>Thomas Bell \/ <a href=\"\/index.php\/osobnosti\/armand-monleon\/\"><span style=\"color: #ee8027;\">Armand Monle\u00f3n<\/span><\/a><\/td>\n<td>Can-Am Maverick X3<\/td>\n<td class=\"nomobile\">South Racing<\/td>\n<td style=\"text-align: right;\"><\/td>\n<\/tr>\n<tr style=\"background-color: #808080; color: white;\">\n<td style=\"text-align: left;\" colspan=\"6\"><span style=\"font-size: 8pt;\">V r\u00e1mci hodnocen\u00ed FIA odstartovalo 14 vozidel, v c\u00edli klasifikov\u00e1no 8<\/span><\/td>\n<\/tr>\n<\/tbody>\n<\/table>\n<p>[\/vc_column_text][\/vc_column_inner][\/vc_row_inner][\/vc_tta_section][vc_tta_section title=&#8221;T3&#8243; tab_id=&#8221;t3&#8243;][vc_row_inner][vc_column_inner][vc_column_text css_animation=&#8221;fadeIn&#8221;]<\/p>\n<table style=\"width: 97.7654%;\" rules=\"rows\" cellpadding=\"4px\">\n<tbody>\n<tr style=\"background-color: #808080; color: white;\">\n<td style=\"text-align: center;\" colspan=\"7\"><span style=\"font-size: 12pt;\"><strong>SHARQIYAH BAJA 2021 &#8211; SKUPINA T3 (SP FIA)<br \/>\nkone\u010dn\u00e9 v\u00fdsledky<\/strong><\/span><\/td>\n<\/tr>\n<tr style=\"vertical-align: top; background-color: #dbd9d9;\">\n<td>1.<\/td>\n<td class=\"nomobile\" style=\"text-align: center;\">210<\/td>\n<td>Dania Saud Akeel \/ <a href=\"\/index.php\/osobnosti\/laurent-lichtleuchter\/\"><span style=\"color: #ee8027;\">Laurent Lichtleuchter<\/span><\/a><\/td>\n<td>Can-Am Maverick X3<\/td>\n<td class=\"nomobile\"><\/td>\n<td style=\"text-align: right;\">5:49:44<\/td>\n<\/tr>\n<tr style=\"background-color: #808080; color: white;\">\n<td style=\"text-align: left;\" colspan=\"6\"><span style=\"font-size: 8pt;\">V r\u00e1mci hodnocen\u00ed FIA odstartovalo 1 vozidlo skupiny T3 a sout\u011b\u017e dokon\u010dilo<\/span><\/td>\n<\/tr>\n<\/tbody>\n<\/table>\n<p>[\/vc_column_text][\/vc_column_inner][\/vc_row_inner][\/vc_tta_section][vc_tta_section title=&#8221;T4&#8243; tab_id=&#8221;t4&#8243;][vc_row_inner][vc_column_inner][vc_column_text css_animation=&#8221;fadeIn&#8221;]<\/p>\n<table style=\"width: 97.7654%;\" rules=\"rows\" cellpadding=\"4px\">\n<tbody>\n<tr style=\"background-color: #808080; color: white;\">\n<td style=\"text-align: center;\" colspan=\"7\"><span style=\"font-size: 12pt;\"><strong>SHARQIYAH BAJA 2021 &#8211; SKUPINA T4 (SP FIA)<br \/>\nkone\u010dn\u00e9 v\u00fdsledky<\/strong><\/span><\/td>\n<\/tr>\n<tr style=\"vertical-align: top; background-color: #dbd9d9;\">\n<td>1.<\/td>\n<td class=\"nomobile\" style=\"text-align: center;\">403<\/td>\n<td><a href=\"\/index.php\/osobnosti\/saleh-al-saif\/\"><span style=\"color: #ee8027;\">Saleh Al-Saif<\/span><\/a> \/ Oriol Vidal<\/td>\n<td>Can-Am Maverick X3<\/td>\n<td class=\"nomobile\"><\/td>\n<td style=\"text-align: right;\">4:27:37<\/td>\n<\/tr>\n<tr style=\"vertical-align: top; background-color: #f2f2f2;\">\n<td>2.<\/td>\n<td class=\"nomobile\" style=\"text-align: center;\">401<\/td>\n<td>Mshari Althefiri \/ Nasser Al-Kuwari<\/td>\n<td>Can-Am Maverick X3<\/td>\n<td class=\"nomobile\">South Racing<\/td>\n<td style=\"text-align: right;\">+32:21<\/td>\n<\/tr>\n<tr style=\"vertical-align: top; background-color: #dbd9d9;\">\n<td>3.<\/td>\n<td class=\"nomobile\" style=\"text-align: center;\">405<\/td>\n<td>Saeed Zaki Almouri \/ Sergio Lafuente<\/td>\n<td>Can-Am Maverick X3<\/td>\n<td class=\"nomobile\">South Racing<\/td>\n<td style=\"text-align: right;\">+35:00<\/td>\n<\/tr>\n<tr style=\"vertical-align: top; background-color: #f2f2f2;\">\n<td>4.<\/td>\n<td class=\"nomobile\" style=\"text-align: center;\">400<\/td>\n<td>Claude Fournier \/ Szymon Gospodarczyk<\/td>\n<td>Can-Am Maverick X3<\/td>\n<td class=\"nomobile\">South Racing<\/td>\n<td style=\"text-align: right;\">+39:10<\/td>\n<\/tr>\n<tr style=\"background-color: #808080; color: white;\">\n<td style=\"text-align: left;\" colspan=\"6\"><\/td>\n<\/tr>\n<tr style=\"vertical-align: top; background-color: #dbd9d9;\">\n<td>DNF<\/td>\n<td class=\"nomobile\" style=\"text-align: center;\">404<\/td>\n<td>Thomas Bell \/ <a href=\"\/index.php\/osobnosti\/armand-monleon\/\"><span style=\"color: #ee8027;\">Armand Monle\u00f3n<\/span><\/a><\/td>\n<td>Can-Am Maverick X3<\/td>\n<td class=\"nomobile\">South Racing<\/td>\n<td style=\"text-align: right;\"><\/td>\n<\/tr>\n<tr style=\"background-color: #808080; color: white;\">\n<td style=\"text-align: left;\" colspan=\"6\"><span style=\"font-size: 8pt;\">V r\u00e1mci hodnocen\u00ed FIA odstartovalo 5 vozidel skupiny T4, v c\u00edli klasifikov\u00e1na 4<\/span><\/td>\n<\/tr>\n<\/tbody>\n<\/table>\n<p>[\/vc_column_text][\/vc_column_inner][\/vc_row_inner][\/vc_tta_section][\/vc_tta_pageable][\/vc_column][\/vc_row]<\/p>\n","protected":false},"excerpt":{"rendered":"<p>Sharqiyah Baja | Khobar, Sa\u00fadsk\u00e1 Ar\u00e1bie | 3. podnik Sv\u011btov\u00e9ho poh\u00e1ru FIA v cross-country baj\u00e1ch 2021<\/p>\n","protected":false},"author":1,"featured_media":21633,"parent":4410,"menu_order":0,"comment_status":"closed","ping_status":"closed","template":"page-templates\/builder.php","meta":{"footnotes":""},"class_list":["post-21636","page","type-page","status-publish","has-post-thumbnail","hentry"],"yoast_head":"<!-- This site is optimized with the Yoast SEO plugin v24.9 - https:\/\/yoast.com\/wordpress\/plugins\/seo\/ -->\n<title>Sharqiyah Baja 2021 - DAKARMANIA.cz<\/title>\n<meta name=\"description\" content=\"Sharqiyah Baja | Khobar, Sa\u00fadsk\u00e1 Ar\u00e1bie | 3. podnik Sv\u011btov\u00e9ho poh\u00e1ru FIA v cross-country baj\u00e1ch 2021\" \/>\n<meta name=\"robots\" content=\"index, follow, max-snippet:-1, max-image-preview:large, max-video-preview:-1\" \/>\n<link rel=\"canonical\" href=\"https:\/\/www.dakarmania.cz\/index.php\/souteze\/sharqiyah-baja-2021\/\" \/>\n<meta property=\"og:locale\" content=\"cs_CZ\" \/>\n<meta property=\"og:type\" content=\"article\" \/>\n<meta property=\"og:title\" content=\"Sharqiyah Baja 2021 - DAKARMANIA.cz\" \/>\n<meta property=\"og:description\" content=\"Sharqiyah Baja | Khobar, Sa\u00fadsk\u00e1 Ar\u00e1bie | 3. podnik Sv\u011btov\u00e9ho poh\u00e1ru FIA v cross-country baj\u00e1ch 2021\" \/>\n<meta property=\"og:url\" content=\"https:\/\/www.dakarmania.cz\/index.php\/souteze\/sharqiyah-baja-2021\/\" \/>\n<meta property=\"og:site_name\" content=\"DAKARMANIA.cz\" \/>\n<meta property=\"article:publisher\" content=\"https:\/\/www.facebook.com\/dakarmania\/\" \/>\n<meta property=\"article:modified_time\" content=\"2023-08-08T10:53:59+00:00\" \/>\n<meta property=\"og:image\" content=\"https:\/\/www.dakarmania.cz\/wp-content\/uploads\/2021\/08\/21-sharqiyah-seaidan-header-01.jpg\" \/>\n\t<meta property=\"og:image:width\" content=\"1600\" \/>\n\t<meta property=\"og:image:height\" content=\"710\" \/>\n\t<meta property=\"og:image:type\" content=\"image\/jpeg\" \/>\n<meta name=\"twitter:card\" content=\"summary_large_image\" \/>\n<meta name=\"twitter:label1\" content=\"Odhadovan\u00e1 doba \u010dten\u00ed\" \/>\n\t<meta name=\"twitter:data1\" content=\"3 minuty\" \/>\n<script type=\"application\/ld+json\" class=\"yoast-schema-graph\">{\"@context\":\"https:\/\/schema.org\",\"@graph\":[{\"@type\":\"WebPage\",\"@id\":\"https:\/\/www.dakarmania.cz\/index.php\/souteze\/sharqiyah-baja-2021\/\",\"url\":\"https:\/\/www.dakarmania.cz\/index.php\/souteze\/sharqiyah-baja-2021\/\",\"name\":\"Sharqiyah Baja 2021 - DAKARMANIA.cz\",\"isPartOf\":{\"@id\":\"https:\/\/www.dakarmania.cz\/#website\"},\"primaryImageOfPage\":{\"@id\":\"https:\/\/www.dakarmania.cz\/index.php\/souteze\/sharqiyah-baja-2021\/#primaryimage\"},\"image\":{\"@id\":\"https:\/\/www.dakarmania.cz\/index.php\/souteze\/sharqiyah-baja-2021\/#primaryimage\"},\"thumbnailUrl\":\"https:\/\/www.dakarmania.cz\/wp-content\/uploads\/2021\/08\/21-sharqiyah-seaidan-header-01.jpg\",\"datePublished\":\"2021-08-02T22:03:00+00:00\",\"dateModified\":\"2023-08-08T10:53:59+00:00\",\"description\":\"Sharqiyah Baja | Khobar, Sa\u00fadsk\u00e1 Ar\u00e1bie | 3. podnik Sv\u011btov\u00e9ho poh\u00e1ru FIA v cross-country baj\u00e1ch 2021\",\"breadcrumb\":{\"@id\":\"https:\/\/www.dakarmania.cz\/index.php\/souteze\/sharqiyah-baja-2021\/#breadcrumb\"},\"inLanguage\":\"cs\",\"potentialAction\":[{\"@type\":\"ReadAction\",\"target\":[\"https:\/\/www.dakarmania.cz\/index.php\/souteze\/sharqiyah-baja-2021\/\"]}]},{\"@type\":\"ImageObject\",\"inLanguage\":\"cs\",\"@id\":\"https:\/\/www.dakarmania.cz\/index.php\/souteze\/sharqiyah-baja-2021\/#primaryimage\",\"url\":\"https:\/\/www.dakarmania.cz\/wp-content\/uploads\/2021\/08\/21-sharqiyah-seaidan-header-01.jpg\",\"contentUrl\":\"https:\/\/www.dakarmania.cz\/wp-content\/uploads\/2021\/08\/21-sharqiyah-seaidan-header-01.jpg\",\"width\":1600,\"height\":710,\"caption\":\"Yasir Seaidan\/Alexej Kuzmi\u010d, Mini JCW Rally, Race World. Sharqiyah Baja 2021. \u00a9 X-raid\"},{\"@type\":\"BreadcrumbList\",\"@id\":\"https:\/\/www.dakarmania.cz\/index.php\/souteze\/sharqiyah-baja-2021\/#breadcrumb\",\"itemListElement\":[{\"@type\":\"ListItem\",\"position\":1,\"name\":\"Dom\u016f\",\"item\":\"https:\/\/www.dakarmania.cz\/\"},{\"@type\":\"ListItem\",\"position\":2,\"name\":\"Sout\u011b\u017ee\",\"item\":\"https:\/\/www.dakarmania.cz\/index.php\/souteze\/\"},{\"@type\":\"ListItem\",\"position\":3,\"name\":\"Sharqiyah Baja 2021\"}]},{\"@type\":\"WebSite\",\"@id\":\"https:\/\/www.dakarmania.cz\/#website\",\"url\":\"https:\/\/www.dakarmania.cz\/\",\"name\":\"DAKARMANIA.cz\",\"description\":\"\u017dijeme Dakarem cel\u00fd rok\",\"publisher\":{\"@id\":\"https:\/\/www.dakarmania.cz\/#organization\"},\"potentialAction\":[{\"@type\":\"SearchAction\",\"target\":{\"@type\":\"EntryPoint\",\"urlTemplate\":\"https:\/\/www.dakarmania.cz\/?s={search_term_string}\"},\"query-input\":{\"@type\":\"PropertyValueSpecification\",\"valueRequired\":true,\"valueName\":\"search_term_string\"}}],\"inLanguage\":\"cs\"},{\"@type\":\"Organization\",\"@id\":\"https:\/\/www.dakarmania.cz\/#organization\",\"name\":\"DAKAR MANIA\",\"url\":\"https:\/\/www.dakarmania.cz\/\",\"logo\":{\"@type\":\"ImageObject\",\"inLanguage\":\"cs\",\"@id\":\"https:\/\/www.dakarmania.cz\/#\/schema\/logo\/image\/\",\"url\":\"https:\/\/www.dakarmania.cz\/wp-content\/uploads\/2018\/12\/Dakar-Mania-Logo-Square-Orange.png\",\"contentUrl\":\"https:\/\/www.dakarmania.cz\/wp-content\/uploads\/2018\/12\/Dakar-Mania-Logo-Square-Orange.png\",\"width\":992,\"height\":992,\"caption\":\"DAKAR MANIA\"},\"image\":{\"@id\":\"https:\/\/www.dakarmania.cz\/#\/schema\/logo\/image\/\"},\"sameAs\":[\"https:\/\/www.facebook.com\/dakarmania\/\"]}]}<\/script>\n<!-- \/ Yoast SEO plugin. -->","yoast_head_json":{"title":"Sharqiyah Baja 2021 - DAKARMANIA.cz","description":"Sharqiyah Baja | Khobar, Sa\u00fadsk\u00e1 Ar\u00e1bie | 3. podnik Sv\u011btov\u00e9ho poh\u00e1ru FIA v cross-country baj\u00e1ch 2021","robots":{"index":"index","follow":"follow","max-snippet":"max-snippet:-1","max-image-preview":"max-image-preview:large","max-video-preview":"max-video-preview:-1"},"canonical":"https:\/\/www.dakarmania.cz\/index.php\/souteze\/sharqiyah-baja-2021\/","og_locale":"cs_CZ","og_type":"article","og_title":"Sharqiyah Baja 2021 - DAKARMANIA.cz","og_description":"Sharqiyah Baja | Khobar, Sa\u00fadsk\u00e1 Ar\u00e1bie | 3. podnik Sv\u011btov\u00e9ho poh\u00e1ru FIA v cross-country baj\u00e1ch 2021","og_url":"https:\/\/www.dakarmania.cz\/index.php\/souteze\/sharqiyah-baja-2021\/","og_site_name":"DAKARMANIA.cz","article_publisher":"https:\/\/www.facebook.com\/dakarmania\/","article_modified_time":"2023-08-08T10:53:59+00:00","og_image":[{"width":1600,"height":710,"url":"https:\/\/www.dakarmania.cz\/wp-content\/uploads\/2021\/08\/21-sharqiyah-seaidan-header-01.jpg","type":"image\/jpeg"}],"twitter_card":"summary_large_image","twitter_misc":{"Odhadovan\u00e1 doba \u010dten\u00ed":"3 minuty"},"schema":{"@context":"https:\/\/schema.org","@graph":[{"@type":"WebPage","@id":"https:\/\/www.dakarmania.cz\/index.php\/souteze\/sharqiyah-baja-2021\/","url":"https:\/\/www.dakarmania.cz\/index.php\/souteze\/sharqiyah-baja-2021\/","name":"Sharqiyah Baja 2021 - DAKARMANIA.cz","isPartOf":{"@id":"https:\/\/www.dakarmania.cz\/#website"},"primaryImageOfPage":{"@id":"https:\/\/www.dakarmania.cz\/index.php\/souteze\/sharqiyah-baja-2021\/#primaryimage"},"image":{"@id":"https:\/\/www.dakarmania.cz\/index.php\/souteze\/sharqiyah-baja-2021\/#primaryimage"},"thumbnailUrl":"https:\/\/www.dakarmania.cz\/wp-content\/uploads\/2021\/08\/21-sharqiyah-seaidan-header-01.jpg","datePublished":"2021-08-02T22:03:00+00:00","dateModified":"2023-08-08T10:53:59+00:00","description":"Sharqiyah Baja | Khobar, Sa\u00fadsk\u00e1 Ar\u00e1bie | 3. podnik Sv\u011btov\u00e9ho poh\u00e1ru FIA v cross-country baj\u00e1ch 2021","breadcrumb":{"@id":"https:\/\/www.dakarmania.cz\/index.php\/souteze\/sharqiyah-baja-2021\/#breadcrumb"},"inLanguage":"cs","potentialAction":[{"@type":"ReadAction","target":["https:\/\/www.dakarmania.cz\/index.php\/souteze\/sharqiyah-baja-2021\/"]}]},{"@type":"ImageObject","inLanguage":"cs","@id":"https:\/\/www.dakarmania.cz\/index.php\/souteze\/sharqiyah-baja-2021\/#primaryimage","url":"https:\/\/www.dakarmania.cz\/wp-content\/uploads\/2021\/08\/21-sharqiyah-seaidan-header-01.jpg","contentUrl":"https:\/\/www.dakarmania.cz\/wp-content\/uploads\/2021\/08\/21-sharqiyah-seaidan-header-01.jpg","width":1600,"height":710,"caption":"Yasir Seaidan\/Alexej Kuzmi\u010d, Mini JCW Rally, Race World. Sharqiyah Baja 2021. \u00a9 X-raid"},{"@type":"BreadcrumbList","@id":"https:\/\/www.dakarmania.cz\/index.php\/souteze\/sharqiyah-baja-2021\/#breadcrumb","itemListElement":[{"@type":"ListItem","position":1,"name":"Dom\u016f","item":"https:\/\/www.dakarmania.cz\/"},{"@type":"ListItem","position":2,"name":"Sout\u011b\u017ee","item":"https:\/\/www.dakarmania.cz\/index.php\/souteze\/"},{"@type":"ListItem","position":3,"name":"Sharqiyah Baja 2021"}]},{"@type":"WebSite","@id":"https:\/\/www.dakarmania.cz\/#website","url":"https:\/\/www.dakarmania.cz\/","name":"DAKARMANIA.cz","description":"\u017dijeme Dakarem cel\u00fd rok","publisher":{"@id":"https:\/\/www.dakarmania.cz\/#organization"},"potentialAction":[{"@type":"SearchAction","target":{"@type":"EntryPoint","urlTemplate":"https:\/\/www.dakarmania.cz\/?s={search_term_string}"},"query-input":{"@type":"PropertyValueSpecification","valueRequired":true,"valueName":"search_term_string"}}],"inLanguage":"cs"},{"@type":"Organization","@id":"https:\/\/www.dakarmania.cz\/#organization","name":"DAKAR MANIA","url":"https:\/\/www.dakarmania.cz\/","logo":{"@type":"ImageObject","inLanguage":"cs","@id":"https:\/\/www.dakarmania.cz\/#\/schema\/logo\/image\/","url":"https:\/\/www.dakarmania.cz\/wp-content\/uploads\/2018\/12\/Dakar-Mania-Logo-Square-Orange.png","contentUrl":"https:\/\/www.dakarmania.cz\/wp-content\/uploads\/2018\/12\/Dakar-Mania-Logo-Square-Orange.png","width":992,"height":992,"caption":"DAKAR MANIA"},"image":{"@id":"https:\/\/www.dakarmania.cz\/#\/schema\/logo\/image\/"},"sameAs":["https:\/\/www.facebook.com\/dakarmania\/"]}]}},"amp_enabled":false,"_links":{"self":[{"href":"https:\/\/www.dakarmania.cz\/index.php\/wp-json\/wp\/v2\/pages\/21636","targetHints":{"allow":["GET"]}}],"collection":[{"href":"https:\/\/www.dakarmania.cz\/index.php\/wp-json\/wp\/v2\/pages"}],"about":[{"href":"https:\/\/www.dakarmania.cz\/index.php\/wp-json\/wp\/v2\/types\/page"}],"author":[{"embeddable":true,"href":"https:\/\/www.dakarmania.cz\/index.php\/wp-json\/wp\/v2\/users\/1"}],"replies":[{"embeddable":true,"href":"https:\/\/www.dakarmania.cz\/index.php\/wp-json\/wp\/v2\/comments?post=21636"}],"version-history":[{"count":17,"href":"https:\/\/www.dakarmania.cz\/index.php\/wp-json\/wp\/v2\/pages\/21636\/revisions"}],"predecessor-version":[{"id":28530,"href":"https:\/\/www.dakarmania.cz\/index.php\/wp-json\/wp\/v2\/pages\/21636\/revisions\/28530"}],"up":[{"embeddable":true,"href":"https:\/\/www.dakarmania.cz\/index.php\/wp-json\/wp\/v2\/pages\/4410"}],"wp:featuredmedia":[{"embeddable":true,"href":"https:\/\/www.dakarmania.cz\/index.php\/wp-json\/wp\/v2\/media\/21633"}],"wp:attachment":[{"href":"https:\/\/www.dakarmania.cz\/index.php\/wp-json\/wp\/v2\/media?parent=21636"}],"curies":[{"name":"wp","href":"https:\/\/api.w.org\/{rel}","templated":true}]}}