{"id":21844,"date":"2021-08-05T13:35:22","date_gmt":"2021-08-05T11:35:22","guid":{"rendered":"https:\/\/www.dakarmania.cz\/?page_id=21844"},"modified":"2021-08-31T16:48:46","modified_gmt":"2021-08-31T14:48:46","slug":"hungarian-baja-cesi","status":"publish","type":"page","link":"https:\/\/www.dakarmania.cz\/index.php\/souteze\/hungarian-baja-cesi\/","title":{"rendered":"Hungarian Baja: \u010ce\u0161i"},"content":{"rendered":"<p>[vc_row][vc_column][vc_btn title=&#8221;Hungarian Baja&#8221; style=&#8221;outline&#8221; shape=&#8221;square&#8221; color=&#8221;warning&#8221; size=&#8221;xs&#8221; align=&#8221;right&#8221; i_align=&#8221;right&#8221; i_icon_fontawesome=&#8221;fa fa-chevron-up&#8221; css_animation=&#8221;fadeIn&#8221; add_icon=&#8221;true&#8221; css=&#8221;.vc_custom_1628163352893{padding-right: 1px !important;padding-left: 1px !important;}&#8221; link=&#8221;url:%2Findex.php%2Fsouteze%2Fhungarian-baja%2F|||&#8221;][vc_column_text css_animation=&#8221;fadeIn&#8221; css=&#8221;.vc_custom_1628163015055{padding-top: 200px !important;padding-right: 15px !important;padding-bottom: 15px !important;padding-left: 15px !important;background: #f2f2f2 url(https:\/\/www.dakarmania.cz\/wp-content\/uploads\/2021\/08\/19-hungary-prokop-header-13.jpg?id=21843) !important;background-position: center !important;background-repeat: no-repeat !important;background-size: cover !important;}&#8221;]<\/p>\n<h1 style=\"text-align: left;\"><span style=\"background-color: #ee8027; opacity: 0.7;\"><span style=\"color: #ffffff; padding: 10px;\">\u010cE\u0160I<\/span><br \/>\n<span style=\"color: #ffffff; padding: 10px;\">NA HUNGARIAN BAJA<\/span><\/span><\/h1>\n<p>[\/vc_column_text][vc_empty_space height=&#8221;2px&#8221;][vc_tta_pageable no_fill_content_area=&#8221;1&#8243; active_section=&#8221;1&#8243; pagination_style=&#8221;&#8221; css_animation=&#8221;fadeIn&#8221;][vc_tta_section title=&#8221;Sekce 1&#8243; tab_id=&#8221;1618955037348-2783387a-fa2d9e39-bce54d31-20fa&#8221;][vc_row_inner][vc_column_inner][vc_column_text css_animation=&#8221;fadeIn&#8221;]<\/p>\n<table style=\"width: 97.7654%;\" rules=\"rows\" cellpadding=\"4px\">\n<tbody>\n<tr>\n<td style=\"text-align: left;\" colspan=\"4\">\n<h4><span style=\"color: #808080;\">AUTOMOBILY (SP FIA)<\/span><\/h4>\n<\/td>\n<\/tr>\n<tr style=\"vertical-align: top; background-color: #dbd9d9;\">\n<td style=\"text-align: center;\"><strong><a href=\"\/index.php\/souteze\/hungarian-baja-2021\/\"><span style=\"color: #ee8027;\">2021<\/span><\/a><\/strong><\/td>\n<td>4. m\u00edsto<\/td>\n<td><strong><a href=\"\/index.php\/osobnosti\/miroslav-zapletal\/\"><span style=\"color: #ee8027;\">Miroslav Zapletal<\/span><\/a><\/strong><br \/>\n<em><a href=\"\/index.php\/osobnosti\/marek-sykora\/\"><span style=\"color: #ee8027;\">Marek S\u00fdkora<\/span><\/a><\/em><\/td>\n<td style=\"text-align: left;\">Ford F-150 Evo<br \/>\nOffroadsport<\/td>\n<\/tr>\n<tr style=\"vertical-align: top; background-color: #f2f2f2;\">\n<td style=\"text-align: center;\"><span style=\"color: #999999;\"><strong>2020<\/strong><\/span><\/td>\n<td style=\"text-align: left;\" colspan=\"3\"><span style=\"color: #999999;\"><strong>sout\u011b\u017e se nekonala<\/strong><\/span><\/td>\n<\/tr>\n<tr style=\"vertical-align: top; background-color: #dbd9d9;\">\n<td style=\"text-align: center;\" rowspan=\"2\"><strong><a href=\"\/index.php\/souteze\/hungarian-baja-2019\/\"><span style=\"color: #ee8027;\">2019<\/span><\/a><\/strong><\/td>\n<td>2. m\u00edsto<\/td>\n<td><strong><a href=\"\/index.php\/osobnosti\/martin-prokop\/\"><span style=\"color: #ee8027;\">Martin Prokop<\/span><\/a><\/strong><br \/>\n<strong>Jan Tom\u00e1nek<\/strong><\/td>\n<td style=\"text-align: left;\">Ford Raptor RS Cross-Country<br \/>\nMP-Sports<\/td>\n<\/tr>\n<tr style=\"vertical-align: top; background-color: #dbd9d9;\">\n<td>6. m\u00edsto<\/td>\n<td><strong><a href=\"\/index.php\/osobnosti\/miroslav-zapletal\/\"><span style=\"color: #ee8027;\">Miroslav Zapletal<\/span><\/a><\/strong><br \/>\n<em><a href=\"\/index.php\/osobnosti\/marek-sykora\/\"><span style=\"color: #ee8027;\">Marek S\u00fdkora<\/span><\/a><\/em><\/td>\n<td style=\"text-align: left;\">Ford F-150 Evo<br \/>\nOffroadsport<\/td>\n<\/tr>\n<tr>\n<td style=\"text-align: left;\" colspan=\"4\">\n<h4><span style=\"color: #808080;\">MOTOCYKLY (SP FIM)<\/span><\/h4>\n<\/td>\n<\/tr>\n<tr style=\"vertical-align: top; background-color: #dbd9d9;\">\n<td style=\"text-align: center;\"><strong><a href=\"\/index.php\/souteze\/hungarian-baja-2021\/\"><span style=\"color: #ee8027;\">2021<\/span><\/a><\/strong><\/td>\n<td>5. m\u00edsto<\/td>\n<td><strong><a href=\"\/index.php\/osobnosti\/martin-michek\/\"><span style=\"color: #ee8027;\">Martin Michek<\/span><\/a><\/strong><\/td>\n<td style=\"text-align: left;\">KTM 450 Rally Replica<br \/>\nOrion &#8211; Moto Racing Group<\/td>\n<\/tr>\n<tr style=\"vertical-align: top; background-color: #f2f2f2;\">\n<td style=\"text-align: center;\"><span style=\"color: #999999;\"><strong>2020<\/strong><\/span><\/td>\n<td style=\"text-align: left;\" colspan=\"3\"><span style=\"color: #999999;\"><strong>sout\u011b\u017e se nekonala<\/strong><\/span><\/td>\n<\/tr>\n<tr style=\"vertical-align: top; background-color: #dbd9d9;\">\n<td style=\"text-align: center;\"><strong><a href=\"\/index.php\/souteze\/hungarian-baja-2019\/\"><span style=\"color: #ee8027;\">2019<\/span><\/a><\/strong><\/td>\n<td><\/td>\n<td style=\"text-align: left;\" colspan=\"2\"><span style=\"color: #999999;\">\u017e\u00e1dn\u00fd \u010desk\u00fd motocyklista v r\u00e1mci SP FIM nestartoval<\/span><\/td>\n<\/tr>\n<tr>\n<td style=\"text-align: left;\" colspan=\"4\">\n<h4><span style=\"color: #808080;\">\u010cTY\u0158KOLKY (SP FIM)<\/span><\/h4>\n<\/td>\n<\/tr>\n<tr style=\"vertical-align: top; background-color: #dbd9d9;\">\n<td style=\"text-align: center;\"><strong><a href=\"\/index.php\/souteze\/hungarian-baja-2021\/\"><span style=\"color: #ee8027;\">2021<\/span><\/a><\/strong><\/td>\n<td>4. m\u00edsto<\/td>\n<td><strong><a href=\"\/index.php\/osobnosti\/olga-rouckova\/\"><span style=\"color: #ee8027;\">Olga Rou\u010dkov\u00e1<\/span><\/a><\/strong><\/td>\n<td style=\"text-align: left;\">Yamaha Raptor 700<\/td>\n<\/tr>\n<tr style=\"vertical-align: top; background-color: #f2f2f2;\">\n<td style=\"text-align: center;\"><span style=\"color: #999999;\"><strong>2020<\/strong><\/span><\/td>\n<td style=\"text-align: left;\" colspan=\"3\"><span style=\"color: #999999;\"><strong>sout\u011b\u017e se nekonala<\/strong><\/span><\/td>\n<\/tr>\n<tr style=\"vertical-align: top; background-color: #dbd9d9;\">\n<td style=\"text-align: center;\"><strong><a href=\"\/index.php\/souteze\/hungarian-baja-2019\/\"><span style=\"color: #ee8027;\">2019<\/span><\/a><\/strong><\/td>\n<td><\/td>\n<td style=\"text-align: left;\" colspan=\"2\"><span style=\"color: #999999;\">\u017e\u00e1dn\u00fd \u010desk\u00fd \u010dty\u0159kolk\u00e1\u0159 v r\u00e1mci SP FIM nestartoval<\/span><\/td>\n<\/tr>\n<\/tbody>\n<\/table>\n<p>[\/vc_column_text][\/vc_column_inner][\/vc_row_inner][\/vc_tta_section][\/vc_tta_pageable][\/vc_column][\/vc_row]<\/p>\n","protected":false},"excerpt":{"rendered":"<p>P\u0159ehled \u010desk\u00fdch \u00fa\u010dastn\u00edk\u016f Hungarian Baja a jejich v\u00fdsledk\u016f<\/p>\n","protected":false},"author":1,"featured_media":21843,"parent":4410,"menu_order":0,"comment_status":"closed","ping_status":"closed","template":"page-templates\/builder.php","meta":{"footnotes":""},"class_list":["post-21844","page","type-page","status-publish","has-post-thumbnail","hentry"],"yoast_head":"<!-- This site is optimized with the Yoast SEO plugin v24.9 - https:\/\/yoast.com\/wordpress\/plugins\/seo\/ -->\n<title>Hungarian Baja: \u010ce\u0161i - DAKARMANIA.cz<\/title>\n<meta name=\"description\" content=\"P\u0159ehled \u010desk\u00fdch \u00fa\u010dastn\u00edk\u016f Hungarian Baja a jejich v\u00fdsledk\u016f\" \/>\n<meta name=\"robots\" content=\"index, follow, max-snippet:-1, max-image-preview:large, max-video-preview:-1\" \/>\n<link rel=\"canonical\" href=\"https:\/\/www.dakarmania.cz\/index.php\/souteze\/hungarian-baja-cesi\/\" \/>\n<meta property=\"og:locale\" content=\"cs_CZ\" \/>\n<meta property=\"og:type\" content=\"article\" \/>\n<meta property=\"og:title\" content=\"Hungarian Baja: \u010ce\u0161i - DAKARMANIA.cz\" \/>\n<meta property=\"og:description\" content=\"P\u0159ehled \u010desk\u00fdch \u00fa\u010dastn\u00edk\u016f Hungarian Baja a jejich v\u00fdsledk\u016f\" \/>\n<meta property=\"og:url\" content=\"https:\/\/www.dakarmania.cz\/index.php\/souteze\/hungarian-baja-cesi\/\" \/>\n<meta property=\"og:site_name\" content=\"DAKARMANIA.cz\" \/>\n<meta property=\"article:publisher\" content=\"https:\/\/www.facebook.com\/dakarmania\/\" \/>\n<meta property=\"article:modified_time\" content=\"2021-08-31T14:48:46+00:00\" \/>\n<meta property=\"og:image\" content=\"https:\/\/www.dakarmania.cz\/wp-content\/uploads\/2021\/08\/19-hungary-prokop-header-13.jpg\" \/>\n\t<meta property=\"og:image:width\" content=\"1600\" \/>\n\t<meta property=\"og:image:height\" content=\"711\" \/>\n\t<meta property=\"og:image:type\" content=\"image\/jpeg\" \/>\n<meta name=\"twitter:card\" content=\"summary_large_image\" \/>\n<meta name=\"twitter:label1\" content=\"Odhadovan\u00e1 doba \u010dten\u00ed\" \/>\n\t<meta name=\"twitter:data1\" content=\"1 minuta\" \/>\n<script type=\"application\/ld+json\" class=\"yoast-schema-graph\">{\"@context\":\"https:\/\/schema.org\",\"@graph\":[{\"@type\":\"WebPage\",\"@id\":\"https:\/\/www.dakarmania.cz\/index.php\/souteze\/hungarian-baja-cesi\/\",\"url\":\"https:\/\/www.dakarmania.cz\/index.php\/souteze\/hungarian-baja-cesi\/\",\"name\":\"Hungarian Baja: \u010ce\u0161i - DAKARMANIA.cz\",\"isPartOf\":{\"@id\":\"https:\/\/www.dakarmania.cz\/#website\"},\"primaryImageOfPage\":{\"@id\":\"https:\/\/www.dakarmania.cz\/index.php\/souteze\/hungarian-baja-cesi\/#primaryimage\"},\"image\":{\"@id\":\"https:\/\/www.dakarmania.cz\/index.php\/souteze\/hungarian-baja-cesi\/#primaryimage\"},\"thumbnailUrl\":\"https:\/\/www.dakarmania.cz\/wp-content\/uploads\/2021\/08\/19-hungary-prokop-header-13.jpg\",\"datePublished\":\"2021-08-05T11:35:22+00:00\",\"dateModified\":\"2021-08-31T14:48:46+00:00\",\"description\":\"P\u0159ehled \u010desk\u00fdch \u00fa\u010dastn\u00edk\u016f Hungarian Baja a jejich v\u00fdsledk\u016f\",\"breadcrumb\":{\"@id\":\"https:\/\/www.dakarmania.cz\/index.php\/souteze\/hungarian-baja-cesi\/#breadcrumb\"},\"inLanguage\":\"cs\",\"potentialAction\":[{\"@type\":\"ReadAction\",\"target\":[\"https:\/\/www.dakarmania.cz\/index.php\/souteze\/hungarian-baja-cesi\/\"]}]},{\"@type\":\"ImageObject\",\"inLanguage\":\"cs\",\"@id\":\"https:\/\/www.dakarmania.cz\/index.php\/souteze\/hungarian-baja-cesi\/#primaryimage\",\"url\":\"https:\/\/www.dakarmania.cz\/wp-content\/uploads\/2021\/08\/19-hungary-prokop-header-13.jpg\",\"contentUrl\":\"https:\/\/www.dakarmania.cz\/wp-content\/uploads\/2021\/08\/19-hungary-prokop-header-13.jpg\",\"width\":1600,\"height\":711,\"caption\":\"Martin Prokop\/Jan Tom\u00e1nek, Ford Raptor RS Cross-Country, MP-Sports. Hungarian Baja 2019. \u00a9 MP-Sports\"},{\"@type\":\"BreadcrumbList\",\"@id\":\"https:\/\/www.dakarmania.cz\/index.php\/souteze\/hungarian-baja-cesi\/#breadcrumb\",\"itemListElement\":[{\"@type\":\"ListItem\",\"position\":1,\"name\":\"Dom\u016f\",\"item\":\"https:\/\/www.dakarmania.cz\/\"},{\"@type\":\"ListItem\",\"position\":2,\"name\":\"Sout\u011b\u017ee\",\"item\":\"https:\/\/www.dakarmania.cz\/index.php\/souteze\/\"},{\"@type\":\"ListItem\",\"position\":3,\"name\":\"Hungarian Baja: \u010ce\u0161i\"}]},{\"@type\":\"WebSite\",\"@id\":\"https:\/\/www.dakarmania.cz\/#website\",\"url\":\"https:\/\/www.dakarmania.cz\/\",\"name\":\"DAKARMANIA.cz\",\"description\":\"\u017dijeme Dakarem cel\u00fd rok\",\"publisher\":{\"@id\":\"https:\/\/www.dakarmania.cz\/#organization\"},\"potentialAction\":[{\"@type\":\"SearchAction\",\"target\":{\"@type\":\"EntryPoint\",\"urlTemplate\":\"https:\/\/www.dakarmania.cz\/?s={search_term_string}\"},\"query-input\":{\"@type\":\"PropertyValueSpecification\",\"valueRequired\":true,\"valueName\":\"search_term_string\"}}],\"inLanguage\":\"cs\"},{\"@type\":\"Organization\",\"@id\":\"https:\/\/www.dakarmania.cz\/#organization\",\"name\":\"DAKAR MANIA\",\"url\":\"https:\/\/www.dakarmania.cz\/\",\"logo\":{\"@type\":\"ImageObject\",\"inLanguage\":\"cs\",\"@id\":\"https:\/\/www.dakarmania.cz\/#\/schema\/logo\/image\/\",\"url\":\"https:\/\/www.dakarmania.cz\/wp-content\/uploads\/2018\/12\/Dakar-Mania-Logo-Square-Orange.png\",\"contentUrl\":\"https:\/\/www.dakarmania.cz\/wp-content\/uploads\/2018\/12\/Dakar-Mania-Logo-Square-Orange.png\",\"width\":992,\"height\":992,\"caption\":\"DAKAR MANIA\"},\"image\":{\"@id\":\"https:\/\/www.dakarmania.cz\/#\/schema\/logo\/image\/\"},\"sameAs\":[\"https:\/\/www.facebook.com\/dakarmania\/\"]}]}<\/script>\n<!-- \/ Yoast SEO plugin. -->","yoast_head_json":{"title":"Hungarian Baja: \u010ce\u0161i - DAKARMANIA.cz","description":"P\u0159ehled \u010desk\u00fdch \u00fa\u010dastn\u00edk\u016f Hungarian Baja a jejich v\u00fdsledk\u016f","robots":{"index":"index","follow":"follow","max-snippet":"max-snippet:-1","max-image-preview":"max-image-preview:large","max-video-preview":"max-video-preview:-1"},"canonical":"https:\/\/www.dakarmania.cz\/index.php\/souteze\/hungarian-baja-cesi\/","og_locale":"cs_CZ","og_type":"article","og_title":"Hungarian Baja: \u010ce\u0161i - DAKARMANIA.cz","og_description":"P\u0159ehled \u010desk\u00fdch \u00fa\u010dastn\u00edk\u016f Hungarian Baja a jejich v\u00fdsledk\u016f","og_url":"https:\/\/www.dakarmania.cz\/index.php\/souteze\/hungarian-baja-cesi\/","og_site_name":"DAKARMANIA.cz","article_publisher":"https:\/\/www.facebook.com\/dakarmania\/","article_modified_time":"2021-08-31T14:48:46+00:00","og_image":[{"width":1600,"height":711,"url":"https:\/\/www.dakarmania.cz\/wp-content\/uploads\/2021\/08\/19-hungary-prokop-header-13.jpg","type":"image\/jpeg"}],"twitter_card":"summary_large_image","twitter_misc":{"Odhadovan\u00e1 doba \u010dten\u00ed":"1 minuta"},"schema":{"@context":"https:\/\/schema.org","@graph":[{"@type":"WebPage","@id":"https:\/\/www.dakarmania.cz\/index.php\/souteze\/hungarian-baja-cesi\/","url":"https:\/\/www.dakarmania.cz\/index.php\/souteze\/hungarian-baja-cesi\/","name":"Hungarian Baja: \u010ce\u0161i - DAKARMANIA.cz","isPartOf":{"@id":"https:\/\/www.dakarmania.cz\/#website"},"primaryImageOfPage":{"@id":"https:\/\/www.dakarmania.cz\/index.php\/souteze\/hungarian-baja-cesi\/#primaryimage"},"image":{"@id":"https:\/\/www.dakarmania.cz\/index.php\/souteze\/hungarian-baja-cesi\/#primaryimage"},"thumbnailUrl":"https:\/\/www.dakarmania.cz\/wp-content\/uploads\/2021\/08\/19-hungary-prokop-header-13.jpg","datePublished":"2021-08-05T11:35:22+00:00","dateModified":"2021-08-31T14:48:46+00:00","description":"P\u0159ehled \u010desk\u00fdch \u00fa\u010dastn\u00edk\u016f Hungarian Baja a jejich v\u00fdsledk\u016f","breadcrumb":{"@id":"https:\/\/www.dakarmania.cz\/index.php\/souteze\/hungarian-baja-cesi\/#breadcrumb"},"inLanguage":"cs","potentialAction":[{"@type":"ReadAction","target":["https:\/\/www.dakarmania.cz\/index.php\/souteze\/hungarian-baja-cesi\/"]}]},{"@type":"ImageObject","inLanguage":"cs","@id":"https:\/\/www.dakarmania.cz\/index.php\/souteze\/hungarian-baja-cesi\/#primaryimage","url":"https:\/\/www.dakarmania.cz\/wp-content\/uploads\/2021\/08\/19-hungary-prokop-header-13.jpg","contentUrl":"https:\/\/www.dakarmania.cz\/wp-content\/uploads\/2021\/08\/19-hungary-prokop-header-13.jpg","width":1600,"height":711,"caption":"Martin Prokop\/Jan Tom\u00e1nek, Ford Raptor RS Cross-Country, MP-Sports. Hungarian Baja 2019. \u00a9 MP-Sports"},{"@type":"BreadcrumbList","@id":"https:\/\/www.dakarmania.cz\/index.php\/souteze\/hungarian-baja-cesi\/#breadcrumb","itemListElement":[{"@type":"ListItem","position":1,"name":"Dom\u016f","item":"https:\/\/www.dakarmania.cz\/"},{"@type":"ListItem","position":2,"name":"Sout\u011b\u017ee","item":"https:\/\/www.dakarmania.cz\/index.php\/souteze\/"},{"@type":"ListItem","position":3,"name":"Hungarian Baja: \u010ce\u0161i"}]},{"@type":"WebSite","@id":"https:\/\/www.dakarmania.cz\/#website","url":"https:\/\/www.dakarmania.cz\/","name":"DAKARMANIA.cz","description":"\u017dijeme Dakarem cel\u00fd rok","publisher":{"@id":"https:\/\/www.dakarmania.cz\/#organization"},"potentialAction":[{"@type":"SearchAction","target":{"@type":"EntryPoint","urlTemplate":"https:\/\/www.dakarmania.cz\/?s={search_term_string}"},"query-input":{"@type":"PropertyValueSpecification","valueRequired":true,"valueName":"search_term_string"}}],"inLanguage":"cs"},{"@type":"Organization","@id":"https:\/\/www.dakarmania.cz\/#organization","name":"DAKAR MANIA","url":"https:\/\/www.dakarmania.cz\/","logo":{"@type":"ImageObject","inLanguage":"cs","@id":"https:\/\/www.dakarmania.cz\/#\/schema\/logo\/image\/","url":"https:\/\/www.dakarmania.cz\/wp-content\/uploads\/2018\/12\/Dakar-Mania-Logo-Square-Orange.png","contentUrl":"https:\/\/www.dakarmania.cz\/wp-content\/uploads\/2018\/12\/Dakar-Mania-Logo-Square-Orange.png","width":992,"height":992,"caption":"DAKAR MANIA"},"image":{"@id":"https:\/\/www.dakarmania.cz\/#\/schema\/logo\/image\/"},"sameAs":["https:\/\/www.facebook.com\/dakarmania\/"]}]}},"amp_enabled":false,"_links":{"self":[{"href":"https:\/\/www.dakarmania.cz\/index.php\/wp-json\/wp\/v2\/pages\/21844","targetHints":{"allow":["GET"]}}],"collection":[{"href":"https:\/\/www.dakarmania.cz\/index.php\/wp-json\/wp\/v2\/pages"}],"about":[{"href":"https:\/\/www.dakarmania.cz\/index.php\/wp-json\/wp\/v2\/types\/page"}],"author":[{"embeddable":true,"href":"https:\/\/www.dakarmania.cz\/index.php\/wp-json\/wp\/v2\/users\/1"}],"replies":[{"embeddable":true,"href":"https:\/\/www.dakarmania.cz\/index.php\/wp-json\/wp\/v2\/comments?post=21844"}],"version-history":[{"count":15,"href":"https:\/\/www.dakarmania.cz\/index.php\/wp-json\/wp\/v2\/pages\/21844\/revisions"}],"predecessor-version":[{"id":23357,"href":"https:\/\/www.dakarmania.cz\/index.php\/wp-json\/wp\/v2\/pages\/21844\/revisions\/23357"}],"up":[{"embeddable":true,"href":"https:\/\/www.dakarmania.cz\/index.php\/wp-json\/wp\/v2\/pages\/4410"}],"wp:featuredmedia":[{"embeddable":true,"href":"https:\/\/www.dakarmania.cz\/index.php\/wp-json\/wp\/v2\/media\/21843"}],"wp:attachment":[{"href":"https:\/\/www.dakarmania.cz\/index.php\/wp-json\/wp\/v2\/media?parent=21844"}],"curies":[{"name":"wp","href":"https:\/\/api.w.org\/{rel}","templated":true}]}}