{"id":22568,"date":"2021-08-11T15:18:34","date_gmt":"2021-08-11T13:18:34","guid":{"rendered":"https:\/\/www.dakarmania.cz\/?page_id=22568"},"modified":"2023-09-03T01:06:26","modified_gmt":"2023-09-02T23:06:26","slug":"alvaro-leon","status":"publish","type":"page","link":"https:\/\/www.dakarmania.cz\/index.php\/osobnosti\/alvaro-leon\/","title":{"rendered":"\u00c1lvaro Le\u00f3n"},"content":{"rendered":"<p>[vc_row][vc_column][vc_btn title=&#8221;Osobnosti&#8221; style=&#8221;outline&#8221; shape=&#8221;square&#8221; color=&#8221;warning&#8221; size=&#8221;xs&#8221; align=&#8221;right&#8221; i_align=&#8221;right&#8221; i_icon_fontawesome=&#8221;fa fa-chevron-up&#8221; css_animation=&#8221;fadeIn&#8221; add_icon=&#8221;true&#8221; css=&#8221;.vc_custom_1619647236504{padding-right: 1px !important;padding-left: 1px !important;}&#8221; link=&#8221;url:%2Findex.php%2Fosobnosti%2F|||&#8221;][vc_column_text css_animation=&#8221;fadeIn&#8221; css=&#8221;.vc_custom_1689956898772{padding-top: 200px !important;padding-right: 15px !important;padding-bottom: 15px !important;padding-left: 15px !important;background: #f2f2f2 url(https:\/\/www.dakarmania.cz\/wp-content\/uploads\/2023\/07\/profile-leon-02.jpg?id=28005) !important;background-position: center !important;background-repeat: no-repeat !important;background-size: cover !important;}&#8221;]<\/p>\n<h1 style=\"text-align: left;\"><span style=\"background-color: #ee8027; opacity: 0.7;\"><span style=\"color: #ffffff; padding: 10px;\">\u00c1LVARO JUAN<\/span><br \/>\n<span style=\"color: #ffffff; padding: 10px;\">LE\u00d3N QUINTANILLA<\/span><\/span><\/h1>\n<p>[\/vc_column_text][vc_column_text css_animation=&#8221;fadeIn&#8221; css=&#8221;.vc_custom_1689957116356{padding-top: 10px !important;padding-right: 10px !important;padding-bottom: 10px !important;padding-left: 10px !important;}&#8221;]<\/p>\n<p style=\"text-align: center;\"><img decoding=\"async\" style=\"border: 1px solid gray;\" src=\"\/wp-content\/uploads\/2019\/03\/flag-cl-18x12.png\" \/> <strong>Chile<\/strong> | * 10. prosince 1986, Santiago de Chile<\/p>\n<p style=\"text-align: center;\"><strong>V\u00edt\u011bz Rally Dakar<\/strong> (2019)<\/p>\n<p>[\/vc_column_text][\/vc_column][\/vc_row][vc_row][vc_column][vc_btn title=&#8221;Dakar&#8221; style=&#8221;classic&#8221; shape=&#8221;square&#8221; color=&#8221;warning&#8221; size=&#8221;xs&#8221; css_animation=&#8221;fadeIn&#8221; css=&#8221;.vc_custom_1628688425231{padding-right: 1px !important;padding-left: 1px !important;}&#8221; link=&#8221;url:%2Findex.php%2Fosobnosti%2Falvaro-leon%2F%23dakar|||&#8221;][vc_btn title=&#8221;W2RC&#8221; style=&#8221;classic&#8221; shape=&#8221;square&#8221; color=&#8221;warning&#8221; size=&#8221;xs&#8221; css_animation=&#8221;fadeIn&#8221; css=&#8221;.vc_custom_1689957152750{padding-right: 1px !important;padding-left: 1px !important;}&#8221; link=&#8221;url:%2Findex.php%2Fosobnosti%2Falvaro-leon%2F%23w2rc|||&#8221;][vc_tta_pageable no_fill_content_area=&#8221;1&#8243; active_section=&#8221;1&#8243; pagination_style=&#8221;&#8221; css_animation=&#8221;fadeIn&#8221;][vc_tta_section title=&#8221;Dakar&#8221; tab_id=&#8221;dakar&#8221;][vc_column_text css_animation=&#8221;fadeIn&#8221;]<\/p>\n<table style=\"width: 97.7654%;\" rules=\"rows\" cellpadding=\"4px\">\n<tbody>\n<tr style=\"background-color: #808080; color: white;\">\n<td style=\"text-align: center;\" colspan=\"7\"><span style=\"font-size: 12pt;\"><strong>RALLY DAKAR<\/strong><\/span><\/td>\n<\/tr>\n<tr style=\"vertical-align: top; background-color: #f2f2f2;\">\n<td style=\"text-align: center;\"><a href=\"\/index.php\/rally-dakar\/dakar-2023\/\"><span style=\"color: #ee8027;\"><strong>2023<\/strong><\/span><\/a><\/td>\n<td class=\"nomobile\" style=\"text-align: center;\"><img decoding=\"async\" src=\"\/wp-content\/uploads\/2019\/03\/flag-sa-18x12.png\" \/><\/td>\n<td style=\"text-align: center;\"><strong>S\u00d7S<\/strong><br \/>\nnavig\u00e1tor<\/td>\n<td class=\"nomobile\" style=\"text-align: center;\">10. start<\/td>\n<td><strong>Yamaha X-raid YXZ1000R Turbo<\/strong><br \/>\nX-raid Yamaha supported team<\/td>\n<td><a href=\"\/index.php\/osobnosti\/ignacio-casale\/\"><span style=\"color: #ee8027;\">Ignacio Casale<\/span><\/a><\/td>\n<td style=\"text-align: center;\"><strong>19.<\/strong><\/td>\n<\/tr>\n<tr style=\"vertical-align: top; background-color: #dbd9d9;\">\n<td style=\"text-align: center;\"><a href=\"\/index.php\/rally-dakar\/dakar-2022\/\"><span style=\"color: #ee8027;\"><strong>2022<\/strong><\/span><\/a><\/td>\n<td class=\"nomobile\" style=\"text-align: center;\"><img decoding=\"async\" src=\"\/wp-content\/uploads\/2019\/03\/flag-sa-18x12.png\" \/><\/td>\n<td style=\"text-align: center;\"><strong>kamion<\/strong><br \/>\nnavig\u00e1tor<\/td>\n<td class=\"nomobile\" style=\"text-align: center;\">9. start<\/td>\n<td><strong>Tatra Phoenix<\/strong><br \/>\nTatra Buggyra Racing<\/td>\n<td><a href=\"\/index.php\/osobnosti\/ignacio-casale\/\"><span style=\"color: #ee8027;\">Ignacio Casale<\/span><\/a><br \/>\n<a href=\"\/index.php\/osobnosti\/tomas-sikola\/\"><span style=\"color: #ee8027;\">Tom\u00e1\u0161 \u0160ikola<\/span><\/a><\/td>\n<td style=\"text-align: center;\"><strong>27.<\/strong><\/td>\n<\/tr>\n<tr style=\"vertical-align: top; background-color: #f2f2f2;\">\n<td style=\"text-align: center;\"><a href=\"\/index.php\/souteze\/dakar-2021\/\"><span style=\"color: #ee8027;\"><strong>2021<\/strong><\/span><\/a><\/td>\n<td class=\"nomobile\" style=\"text-align: center;\"><img decoding=\"async\" src=\"\/wp-content\/uploads\/2019\/03\/flag-sa-18x12.png\" \/><\/td>\n<td style=\"text-align: center;\"><strong>kamion<\/strong><br \/>\nnavig\u00e1tor<\/td>\n<td class=\"nomobile\" style=\"text-align: center;\">8. start<\/td>\n<td><strong>Tatra Phoenix<\/strong><br \/>\nTatra Buggyra Racing<\/td>\n<td><a href=\"\/index.php\/osobnosti\/ignacio-casale\/\"><span style=\"color: #ee8027;\">Ignacio Casale<\/span><\/a><br \/>\n<a href=\"\/index.php\/osobnosti\/david-hoffmann\/\"><span style=\"color: #ee8027;\">David Hoffmann<\/span><\/a><\/td>\n<td style=\"text-align: center;\"><strong>9.<\/strong><\/td>\n<\/tr>\n<tr style=\"vertical-align: top; background-color: #dbd9d9;\">\n<td style=\"text-align: center;\"><a href=\"\/index.php\/souteze\/dakar-2019\/\"><span style=\"color: #ee8027;\"><strong>2019<\/strong><\/span><\/a><\/td>\n<td class=\"nomobile\" style=\"text-align: center;\"><img decoding=\"async\" src=\"\/wp-content\/uploads\/2019\/03\/flag-pe-18x12.png\" \/><\/td>\n<td style=\"text-align: center;\"><strong>S\u00d7S<\/strong><br \/>\nnavig\u00e1tor<\/td>\n<td class=\"nomobile\" style=\"text-align: center;\">7. start<\/td>\n<td><strong>Can-Am Maverick X3<\/strong><br \/>\nSouth Racing Can-Am<\/td>\n<td>Francisco L\u00f3pez<\/td>\n<td style=\"text-align: center;\"><strong>1.<\/strong><\/td>\n<\/tr>\n<tr style=\"vertical-align: top; background-color: #f2f2f2;\">\n<td style=\"text-align: center;\"><a href=\"\/index.php\/souteze\/dakar-2015\/\"><span style=\"color: #ee8027;\"><strong>2015<\/strong><\/span><\/a><\/td>\n<td class=\"nomobile\" style=\"text-align: center;\"><img decoding=\"async\" src=\"\/wp-content\/uploads\/2019\/06\/flag-ar-18x12.png\" \/> <img decoding=\"async\" src=\"\/wp-content\/uploads\/2019\/08\/flag-bo-18x12.png\" \/> <img decoding=\"async\" src=\"\/wp-content\/uploads\/2019\/03\/flag-cl-18x12.png\" \/><\/td>\n<td style=\"text-align: center;\"><strong>auto<\/strong><br \/>\nnavig\u00e1tor<\/td>\n<td class=\"nomobile\" style=\"text-align: center;\">6. start<\/td>\n<td><strong>Mitsubishi L200<\/strong><br \/>\nTeam Foton<\/td>\n<td>Hern\u00e1n Garc\u00e9s<\/td>\n<td style=\"text-align: center;\"><strong>DNF<\/strong><\/td>\n<\/tr>\n<tr style=\"vertical-align: top; background-color: #dbd9d9;\">\n<td style=\"text-align: center;\"><strong>2014<\/strong><\/td>\n<td class=\"nomobile\" style=\"text-align: center;\"><img decoding=\"async\" src=\"\/wp-content\/uploads\/2019\/06\/flag-ar-18x12.png\" \/> <img decoding=\"async\" src=\"\/wp-content\/uploads\/2019\/03\/flag-cl-18x12.png\" \/><\/td>\n<td style=\"text-align: center;\"><strong>auto<\/strong><br \/>\nnavig\u00e1tor<\/td>\n<td class=\"nomobile\" style=\"text-align: center;\">5. start<\/td>\n<td><strong>Toyota Tundra<\/strong><br \/>\nEcasa<\/td>\n<td>Hern\u00e1n Garc\u00e9s<\/td>\n<td style=\"text-align: center;\"><strong>DNF<\/strong><\/td>\n<\/tr>\n<tr style=\"vertical-align: top; background-color: #f2f2f2;\">\n<td style=\"text-align: center;\"><strong>2013<\/strong><\/td>\n<td class=\"nomobile\" style=\"text-align: center;\"><img decoding=\"async\" src=\"\/wp-content\/uploads\/2019\/03\/flag-pe-18x12.png\" \/> <img decoding=\"async\" src=\"\/wp-content\/uploads\/2019\/06\/flag-ar-18x12.png\" \/> <img decoding=\"async\" src=\"\/wp-content\/uploads\/2019\/03\/flag-cl-18x12.png\" \/><\/td>\n<td style=\"text-align: center;\"><strong>auto<\/strong><br \/>\nnavig\u00e1tor<\/td>\n<td class=\"nomobile\" style=\"text-align: center;\">4. start<\/td>\n<td><strong>Toyota Prototipo<\/strong><br \/>\nMonster 4\u00d74<\/td>\n<td>Fernando Le\u00f3n<\/td>\n<td style=\"text-align: center;\"><strong>32.<\/strong><\/td>\n<\/tr>\n<tr style=\"vertical-align: top; background-color: #dbd9d9;\">\n<td style=\"text-align: center;\"><strong>2012<\/strong><\/td>\n<td class=\"nomobile\" style=\"text-align: center;\"><img decoding=\"async\" src=\"\/wp-content\/uploads\/2019\/06\/flag-ar-18x12.png\" \/> <img decoding=\"async\" src=\"\/wp-content\/uploads\/2019\/03\/flag-cl-18x12.png\" \/> <img decoding=\"async\" src=\"\/wp-content\/uploads\/2019\/03\/flag-pe-18x12.png\" \/><\/td>\n<td style=\"text-align: center;\"><strong>auto<\/strong><br \/>\nnavig\u00e1tor<\/td>\n<td class=\"nomobile\" style=\"text-align: center;\">3. start<\/td>\n<td><strong>Toyota FJ Cruiser<\/strong><br \/>\nAutoGasco<\/td>\n<td>Fernando Le\u00f3n<\/td>\n<td style=\"text-align: center;\"><strong>DNF<\/strong><\/td>\n<\/tr>\n<tr style=\"vertical-align: top; background-color: #f2f2f2;\">\n<td style=\"text-align: center;\"><strong>2011<\/strong><\/td>\n<td class=\"nomobile\" style=\"text-align: center;\"><img decoding=\"async\" src=\"\/wp-content\/uploads\/2019\/06\/flag-ar-18x12.png\" \/> <img decoding=\"async\" src=\"\/wp-content\/uploads\/2019\/03\/flag-cl-18x12.png\" \/><\/td>\n<td style=\"text-align: center;\"><strong>auto<\/strong><br \/>\nnavig\u00e1tor<\/td>\n<td class=\"nomobile\" style=\"text-align: center;\">2. start<\/td>\n<td><strong>Toyota FJ Cruiser<\/strong><br \/>\nAutoGasco<\/td>\n<td>Fernando Le\u00f3n<\/td>\n<td style=\"text-align: center;\"><strong>29.<\/strong><\/td>\n<\/tr>\n<tr style=\"vertical-align: top; background-color: #dbd9d9;\">\n<td style=\"text-align: center;\"><strong>2010<\/strong><\/td>\n<td class=\"nomobile\" style=\"text-align: center;\"><img decoding=\"async\" src=\"\/wp-content\/uploads\/2019\/06\/flag-ar-18x12.png\" \/> <img decoding=\"async\" src=\"\/wp-content\/uploads\/2019\/03\/flag-cl-18x12.png\" \/><\/td>\n<td style=\"text-align: center;\"><strong>auto<\/strong><br \/>\nnavig\u00e1tor<\/td>\n<td class=\"nomobile\" style=\"text-align: center;\">1. start<\/td>\n<td><strong>Toyota Land Cruiser<\/strong><\/td>\n<td>Fernando Le\u00f3n<\/td>\n<td style=\"text-align: center;\"><strong>56.<\/strong><\/td>\n<\/tr>\n<\/tbody>\n<\/table>\n<p>[\/vc_column_text][\/vc_tta_section][vc_tta_section title=&#8221;W2RC&#8221; tab_id=&#8221;w2rc&#8221;][vc_column_text css_animation=&#8221;fadeIn&#8221;]<\/p>\n<table style=\"width: 97.7654%;\" rules=\"rows\" cellpadding=\"4px\">\n<tbody>\n<tr style=\"background-color: #808080; color: white;\">\n<td style=\"text-align: center;\" colspan=\"6\"><span style=\"font-size: 12pt;\"><strong>MISTROVSTV\u00cd SV\u011aTA V D\u00c1LKOV\u00ddCH RALLY<\/strong><\/span><br \/>\n<strong> World Rally-Raid Championship<\/strong><\/td>\n<\/tr>\n<tr style=\"background-color: #9e9d9d; color: #ffffff;\">\n<td><a href=\"\/index.php\/w2rc\/w2rc-2023\/\"><span style=\"color: #ee8027;\"><strong><span style=\"color: #ffffff;\">2023<\/span><\/strong><\/span><\/a><\/td>\n<td style=\"text-align: right;\" colspan=\"5\">NC<sup>\u2217<\/sup><\/td>\n<\/tr>\n<tr style=\"vertical-align: top; background-color: #f2f2f2;\">\n<td><strong><a href=\"\/index.php\/w2rc\/ruta-40-2023\/\"><span style=\"color: #ee8027;\">Desaf\u00edo Ruta 40<\/span><\/a><\/strong><\/td>\n<td class=\"nomobile\" style=\"text-align: center;\"><img decoding=\"async\" src=\"\/wp-content\/uploads\/2019\/06\/flag-ar-18x12.png\" \/><\/td>\n<td style=\"text-align: center;\"><strong>S\u00d7S <\/strong>(T3)<br \/>\nnavig\u00e1tor<\/td>\n<td><strong>BRP Can-Am 4\u00d74<\/strong><br \/>\nTerracop Rally<\/td>\n<td>Juan Carlos Cerda<\/td>\n<td style=\"text-align: right;\"><strong>11. <\/strong>(FIA)<br \/>\n<span style=\"font-size: 8pt;\">6. T3<\/span><\/td>\n<\/tr>\n<tr style=\"vertical-align: top; background-color: #dbd9d9;\">\n<td><strong><a href=\"\/index.php\/rally-dakar\/dakar-2023\/\"><span style=\"color: #ee8027;\">Rally Dakar<\/span><\/a><\/strong><\/td>\n<td class=\"nomobile\" style=\"text-align: center;\"><img decoding=\"async\" src=\"\/wp-content\/uploads\/2019\/03\/flag-sa-18x12.png\" \/><\/td>\n<td style=\"text-align: center;\"><strong>S\u00d7S <\/strong>(T3)<br \/>\nnavig\u00e1tor<\/td>\n<td><strong>Yamaha X-raid YXZ1000R Turbo<\/strong><br \/>\nX-raid Yamaha supported team<\/td>\n<td><a href=\"\/index.php\/osobnosti\/ignacio-casale\/\"><span style=\"color: #ee8027;\">Ignacio Casale<\/span><\/a><\/td>\n<td style=\"text-align: right;\"><strong>48. <\/strong>(FIA)<br \/>\n<span style=\"font-size: 8pt;\">10. T3<\/span><\/td>\n<\/tr>\n<tr style=\"background-color: #9e9d9d; color: #ffffff;\">\n<td><a href=\"\/index.php\/w2rc\/w2rc-2022\/\"><span style=\"color: #ee8027;\"><strong><span style=\"color: #ffffff;\">2022<\/span><\/strong><\/span><\/a><\/td>\n<td style=\"text-align: right;\" colspan=\"5\"><span style=\"font-size: 8pt;\">10. T3 | 25 bod\u016f<\/span><\/td>\n<\/tr>\n<tr style=\"vertical-align: top; background-color: #f2f2f2;\">\n<td><strong><a href=\"\/index.php\/w2rc\/addc-2022\/\"><span style=\"color: #ee8027;\">Abu Dhabi Desert Challenge<\/span><\/a><\/strong><\/td>\n<td class=\"nomobile\" style=\"text-align: center;\"><img decoding=\"async\" src=\"\/wp-content\/uploads\/2019\/02\/flag-ae-18x12.png\" \/><\/td>\n<td style=\"text-align: center;\"><strong>S\u00d7S <\/strong>(T4)<br \/>\nnavig\u00e1tor<\/td>\n<td><strong>Can-Am Maverick X3<\/strong><br \/>\nSouth Racing Can-Am<\/td>\n<td>Lucas del R\u00edo<\/td>\n<td style=\"text-align: right;\"><strong>21. <\/strong>(FIA)<br \/>\n<span style=\"font-size: 8pt;\">5. T4<\/span><\/td>\n<\/tr>\n<tr style=\"vertical-align: top; background-color: #dbd9d9;\">\n<td><strong><a href=\"\/index.php\/rally-dakar\/dakar-2022\/\"><span style=\"color: #ee8027;\">Rally Dakar<\/span><\/a><\/strong><\/td>\n<td class=\"nomobile\" style=\"text-align: center;\"><img decoding=\"async\" src=\"\/wp-content\/uploads\/2019\/03\/flag-sa-18x12.png\" \/><\/td>\n<td style=\"text-align: center;\"><strong>kamion <\/strong>(T5)<br \/>\nnavig\u00e1tor<\/td>\n<td><strong>Tatra Phoenix<\/strong><br \/>\nTatra Buggyra Racing<\/td>\n<td><a href=\"\/index.php\/osobnosti\/ignacio-casale\/\"><span style=\"color: #ee8027;\">Ignacio Casale<\/span><\/a><br \/>\n<a href=\"\/index.php\/osobnosti\/tomas-sikola\/\"><span style=\"color: #ee8027;\">Tom\u00e1\u0161 \u0160ikola<\/span><\/a><\/td>\n<td style=\"text-align: right;\"><strong>161. <\/strong>(FIA)<br \/>\n<span style=\"font-size: 8pt;\">27. T5<\/span><\/td>\n<\/tr>\n<tr style=\"background-color: #808080; color: white;\">\n<td style=\"text-align: left;\" colspan=\"6\"><span style=\"font-size: 8pt;\"><sup>\u2217<\/sup> Neklasifikov\u00e1n. Nebyli p\u0159ihl\u00e1\u0161eni do \u0161ampion\u00e1tu. Mohli se tedy \u00fa\u010dastnit jednotliv\u00fdch podnik\u016f, ale bez n\u00e1roku na zisk bod\u016f do celkov\u00e9ho hodnocen\u00ed \u0161ampion\u00e1tu.<\/span><\/td>\n<\/tr>\n<\/tbody>\n<\/table>\n<p>[\/vc_column_text][\/vc_tta_section][\/vc_tta_pageable][\/vc_column][\/vc_row][vc_row css_animation=&#8221;fadeIn&#8221;][vc_column][vc_masonry_grid post_type=&#8221;post&#8221; max_items=&#8221;-1&#8243; style=&#8221;lazy&#8221; items_per_page=&#8221;3&#8243; gap=&#8221;5&#8243; item=&#8221;3404&#8243; grid_id=&#8221;vc_gid:1693695939775-591288a2-b6a1-1&#8243; taxonomies=&#8221;1799&#8243;][\/vc_column][\/vc_row]<\/p>\n","protected":false},"excerpt":{"rendered":"<p>\u00c1lvaro Le\u00f3n je chilsk\u00fd automobilov\u00fd z\u00e1vodn\u00edk, navig\u00e1tor, v\u00edt\u011bz Rally Dakar, \u00fa\u010dastn\u00edk \u0159ady mezin\u00e1rodn\u00edch cross-country rally.<\/p>\n","protected":false},"author":1,"featured_media":28005,"parent":3629,"menu_order":1504,"comment_status":"closed","ping_status":"closed","template":"page-templates\/builder.php","meta":{"footnotes":""},"class_list":["post-22568","page","type-page","status-publish","has-post-thumbnail","hentry"],"yoast_head":"<!-- This site is optimized with the Yoast SEO plugin v24.9 - https:\/\/yoast.com\/wordpress\/plugins\/seo\/ -->\n<title>\u00c1lvaro Le\u00f3n - DAKARMANIA.cz<\/title>\n<meta name=\"description\" content=\"\u00c1lvaro Le\u00f3n je chilsk\u00fd automobilov\u00fd z\u00e1vodn\u00edk, navig\u00e1tor, v\u00edt\u011bz Rally Dakar.\" \/>\n<meta name=\"robots\" content=\"index, follow, max-snippet:-1, max-image-preview:large, max-video-preview:-1\" \/>\n<link rel=\"canonical\" href=\"https:\/\/www.dakarmania.cz\/index.php\/osobnosti\/alvaro-leon\/\" \/>\n<meta property=\"og:locale\" content=\"cs_CZ\" \/>\n<meta property=\"og:type\" content=\"article\" \/>\n<meta property=\"og:title\" content=\"\u00c1lvaro Le\u00f3n - DAKARMANIA.cz\" \/>\n<meta property=\"og:description\" content=\"\u00c1lvaro Le\u00f3n je chilsk\u00fd automobilov\u00fd z\u00e1vodn\u00edk, navig\u00e1tor, v\u00edt\u011bz Rally Dakar.\" \/>\n<meta property=\"og:url\" content=\"https:\/\/www.dakarmania.cz\/index.php\/osobnosti\/alvaro-leon\/\" \/>\n<meta property=\"og:site_name\" content=\"DAKARMANIA.cz\" \/>\n<meta property=\"article:publisher\" content=\"https:\/\/www.facebook.com\/dakarmania\/\" \/>\n<meta property=\"article:modified_time\" content=\"2023-09-02T23:06:26+00:00\" \/>\n<meta property=\"og:image\" content=\"https:\/\/www.dakarmania.cz\/wp-content\/uploads\/2023\/07\/profile-leon-02.jpg\" \/>\n\t<meta property=\"og:image:width\" content=\"1600\" \/>\n\t<meta property=\"og:image:height\" content=\"710\" \/>\n\t<meta property=\"og:image:type\" content=\"image\/jpeg\" \/>\n<meta name=\"twitter:card\" content=\"summary_large_image\" \/>\n<meta name=\"twitter:label1\" content=\"Odhadovan\u00e1 doba \u010dten\u00ed\" \/>\n\t<meta name=\"twitter:data1\" content=\"7 minut\" \/>\n<script type=\"application\/ld+json\" class=\"yoast-schema-graph\">{\"@context\":\"https:\/\/schema.org\",\"@graph\":[{\"@type\":\"WebPage\",\"@id\":\"https:\/\/www.dakarmania.cz\/index.php\/osobnosti\/alvaro-leon\/\",\"url\":\"https:\/\/www.dakarmania.cz\/index.php\/osobnosti\/alvaro-leon\/\",\"name\":\"\u00c1lvaro Le\u00f3n - DAKARMANIA.cz\",\"isPartOf\":{\"@id\":\"https:\/\/www.dakarmania.cz\/#website\"},\"primaryImageOfPage\":{\"@id\":\"https:\/\/www.dakarmania.cz\/index.php\/osobnosti\/alvaro-leon\/#primaryimage\"},\"image\":{\"@id\":\"https:\/\/www.dakarmania.cz\/index.php\/osobnosti\/alvaro-leon\/#primaryimage\"},\"thumbnailUrl\":\"https:\/\/www.dakarmania.cz\/wp-content\/uploads\/2023\/07\/profile-leon-02.jpg\",\"datePublished\":\"2021-08-11T13:18:34+00:00\",\"dateModified\":\"2023-09-02T23:06:26+00:00\",\"description\":\"\u00c1lvaro Le\u00f3n je chilsk\u00fd automobilov\u00fd z\u00e1vodn\u00edk, navig\u00e1tor, v\u00edt\u011bz Rally Dakar.\",\"breadcrumb\":{\"@id\":\"https:\/\/www.dakarmania.cz\/index.php\/osobnosti\/alvaro-leon\/#breadcrumb\"},\"inLanguage\":\"cs\",\"potentialAction\":[{\"@type\":\"ReadAction\",\"target\":[\"https:\/\/www.dakarmania.cz\/index.php\/osobnosti\/alvaro-leon\/\"]}]},{\"@type\":\"ImageObject\",\"inLanguage\":\"cs\",\"@id\":\"https:\/\/www.dakarmania.cz\/index.php\/osobnosti\/alvaro-leon\/#primaryimage\",\"url\":\"https:\/\/www.dakarmania.cz\/wp-content\/uploads\/2023\/07\/profile-leon-02.jpg\",\"contentUrl\":\"https:\/\/www.dakarmania.cz\/wp-content\/uploads\/2023\/07\/profile-leon-02.jpg\",\"width\":1600,\"height\":710,\"caption\":\"\u00c1lvaro Leon, X-raid Yamaha supported team. Rally Dakar 2023. \u00a9 X-raid\"},{\"@type\":\"BreadcrumbList\",\"@id\":\"https:\/\/www.dakarmania.cz\/index.php\/osobnosti\/alvaro-leon\/#breadcrumb\",\"itemListElement\":[{\"@type\":\"ListItem\",\"position\":1,\"name\":\"Dom\u016f\",\"item\":\"https:\/\/www.dakarmania.cz\/\"},{\"@type\":\"ListItem\",\"position\":2,\"name\":\"Osobnosti\",\"item\":\"https:\/\/www.dakarmania.cz\/index.php\/osobnosti\/\"},{\"@type\":\"ListItem\",\"position\":3,\"name\":\"\u00c1lvaro Le\u00f3n\"}]},{\"@type\":\"WebSite\",\"@id\":\"https:\/\/www.dakarmania.cz\/#website\",\"url\":\"https:\/\/www.dakarmania.cz\/\",\"name\":\"DAKARMANIA.cz\",\"description\":\"\u017dijeme Dakarem cel\u00fd rok\",\"publisher\":{\"@id\":\"https:\/\/www.dakarmania.cz\/#organization\"},\"potentialAction\":[{\"@type\":\"SearchAction\",\"target\":{\"@type\":\"EntryPoint\",\"urlTemplate\":\"https:\/\/www.dakarmania.cz\/?s={search_term_string}\"},\"query-input\":{\"@type\":\"PropertyValueSpecification\",\"valueRequired\":true,\"valueName\":\"search_term_string\"}}],\"inLanguage\":\"cs\"},{\"@type\":\"Organization\",\"@id\":\"https:\/\/www.dakarmania.cz\/#organization\",\"name\":\"DAKAR MANIA\",\"url\":\"https:\/\/www.dakarmania.cz\/\",\"logo\":{\"@type\":\"ImageObject\",\"inLanguage\":\"cs\",\"@id\":\"https:\/\/www.dakarmania.cz\/#\/schema\/logo\/image\/\",\"url\":\"https:\/\/www.dakarmania.cz\/wp-content\/uploads\/2018\/12\/Dakar-Mania-Logo-Square-Orange.png\",\"contentUrl\":\"https:\/\/www.dakarmania.cz\/wp-content\/uploads\/2018\/12\/Dakar-Mania-Logo-Square-Orange.png\",\"width\":992,\"height\":992,\"caption\":\"DAKAR MANIA\"},\"image\":{\"@id\":\"https:\/\/www.dakarmania.cz\/#\/schema\/logo\/image\/\"},\"sameAs\":[\"https:\/\/www.facebook.com\/dakarmania\/\"]}]}<\/script>\n<!-- \/ Yoast SEO plugin. -->","yoast_head_json":{"title":"\u00c1lvaro Le\u00f3n - DAKARMANIA.cz","description":"\u00c1lvaro Le\u00f3n je chilsk\u00fd automobilov\u00fd z\u00e1vodn\u00edk, navig\u00e1tor, v\u00edt\u011bz Rally Dakar.","robots":{"index":"index","follow":"follow","max-snippet":"max-snippet:-1","max-image-preview":"max-image-preview:large","max-video-preview":"max-video-preview:-1"},"canonical":"https:\/\/www.dakarmania.cz\/index.php\/osobnosti\/alvaro-leon\/","og_locale":"cs_CZ","og_type":"article","og_title":"\u00c1lvaro Le\u00f3n - DAKARMANIA.cz","og_description":"\u00c1lvaro Le\u00f3n je chilsk\u00fd automobilov\u00fd z\u00e1vodn\u00edk, navig\u00e1tor, v\u00edt\u011bz Rally Dakar.","og_url":"https:\/\/www.dakarmania.cz\/index.php\/osobnosti\/alvaro-leon\/","og_site_name":"DAKARMANIA.cz","article_publisher":"https:\/\/www.facebook.com\/dakarmania\/","article_modified_time":"2023-09-02T23:06:26+00:00","og_image":[{"width":1600,"height":710,"url":"https:\/\/www.dakarmania.cz\/wp-content\/uploads\/2023\/07\/profile-leon-02.jpg","type":"image\/jpeg"}],"twitter_card":"summary_large_image","twitter_misc":{"Odhadovan\u00e1 doba \u010dten\u00ed":"7 minut"},"schema":{"@context":"https:\/\/schema.org","@graph":[{"@type":"WebPage","@id":"https:\/\/www.dakarmania.cz\/index.php\/osobnosti\/alvaro-leon\/","url":"https:\/\/www.dakarmania.cz\/index.php\/osobnosti\/alvaro-leon\/","name":"\u00c1lvaro Le\u00f3n - DAKARMANIA.cz","isPartOf":{"@id":"https:\/\/www.dakarmania.cz\/#website"},"primaryImageOfPage":{"@id":"https:\/\/www.dakarmania.cz\/index.php\/osobnosti\/alvaro-leon\/#primaryimage"},"image":{"@id":"https:\/\/www.dakarmania.cz\/index.php\/osobnosti\/alvaro-leon\/#primaryimage"},"thumbnailUrl":"https:\/\/www.dakarmania.cz\/wp-content\/uploads\/2023\/07\/profile-leon-02.jpg","datePublished":"2021-08-11T13:18:34+00:00","dateModified":"2023-09-02T23:06:26+00:00","description":"\u00c1lvaro Le\u00f3n je chilsk\u00fd automobilov\u00fd z\u00e1vodn\u00edk, navig\u00e1tor, v\u00edt\u011bz Rally Dakar.","breadcrumb":{"@id":"https:\/\/www.dakarmania.cz\/index.php\/osobnosti\/alvaro-leon\/#breadcrumb"},"inLanguage":"cs","potentialAction":[{"@type":"ReadAction","target":["https:\/\/www.dakarmania.cz\/index.php\/osobnosti\/alvaro-leon\/"]}]},{"@type":"ImageObject","inLanguage":"cs","@id":"https:\/\/www.dakarmania.cz\/index.php\/osobnosti\/alvaro-leon\/#primaryimage","url":"https:\/\/www.dakarmania.cz\/wp-content\/uploads\/2023\/07\/profile-leon-02.jpg","contentUrl":"https:\/\/www.dakarmania.cz\/wp-content\/uploads\/2023\/07\/profile-leon-02.jpg","width":1600,"height":710,"caption":"\u00c1lvaro Leon, X-raid Yamaha supported team. Rally Dakar 2023. \u00a9 X-raid"},{"@type":"BreadcrumbList","@id":"https:\/\/www.dakarmania.cz\/index.php\/osobnosti\/alvaro-leon\/#breadcrumb","itemListElement":[{"@type":"ListItem","position":1,"name":"Dom\u016f","item":"https:\/\/www.dakarmania.cz\/"},{"@type":"ListItem","position":2,"name":"Osobnosti","item":"https:\/\/www.dakarmania.cz\/index.php\/osobnosti\/"},{"@type":"ListItem","position":3,"name":"\u00c1lvaro Le\u00f3n"}]},{"@type":"WebSite","@id":"https:\/\/www.dakarmania.cz\/#website","url":"https:\/\/www.dakarmania.cz\/","name":"DAKARMANIA.cz","description":"\u017dijeme Dakarem cel\u00fd rok","publisher":{"@id":"https:\/\/www.dakarmania.cz\/#organization"},"potentialAction":[{"@type":"SearchAction","target":{"@type":"EntryPoint","urlTemplate":"https:\/\/www.dakarmania.cz\/?s={search_term_string}"},"query-input":{"@type":"PropertyValueSpecification","valueRequired":true,"valueName":"search_term_string"}}],"inLanguage":"cs"},{"@type":"Organization","@id":"https:\/\/www.dakarmania.cz\/#organization","name":"DAKAR MANIA","url":"https:\/\/www.dakarmania.cz\/","logo":{"@type":"ImageObject","inLanguage":"cs","@id":"https:\/\/www.dakarmania.cz\/#\/schema\/logo\/image\/","url":"https:\/\/www.dakarmania.cz\/wp-content\/uploads\/2018\/12\/Dakar-Mania-Logo-Square-Orange.png","contentUrl":"https:\/\/www.dakarmania.cz\/wp-content\/uploads\/2018\/12\/Dakar-Mania-Logo-Square-Orange.png","width":992,"height":992,"caption":"DAKAR MANIA"},"image":{"@id":"https:\/\/www.dakarmania.cz\/#\/schema\/logo\/image\/"},"sameAs":["https:\/\/www.facebook.com\/dakarmania\/"]}]}},"amp_enabled":false,"_links":{"self":[{"href":"https:\/\/www.dakarmania.cz\/index.php\/wp-json\/wp\/v2\/pages\/22568","targetHints":{"allow":["GET"]}}],"collection":[{"href":"https:\/\/www.dakarmania.cz\/index.php\/wp-json\/wp\/v2\/pages"}],"about":[{"href":"https:\/\/www.dakarmania.cz\/index.php\/wp-json\/wp\/v2\/types\/page"}],"author":[{"embeddable":true,"href":"https:\/\/www.dakarmania.cz\/index.php\/wp-json\/wp\/v2\/users\/1"}],"replies":[{"embeddable":true,"href":"https:\/\/www.dakarmania.cz\/index.php\/wp-json\/wp\/v2\/comments?post=22568"}],"version-history":[{"count":21,"href":"https:\/\/www.dakarmania.cz\/index.php\/wp-json\/wp\/v2\/pages\/22568\/revisions"}],"predecessor-version":[{"id":29195,"href":"https:\/\/www.dakarmania.cz\/index.php\/wp-json\/wp\/v2\/pages\/22568\/revisions\/29195"}],"up":[{"embeddable":true,"href":"https:\/\/www.dakarmania.cz\/index.php\/wp-json\/wp\/v2\/pages\/3629"}],"wp:featuredmedia":[{"embeddable":true,"href":"https:\/\/www.dakarmania.cz\/index.php\/wp-json\/wp\/v2\/media\/28005"}],"wp:attachment":[{"href":"https:\/\/www.dakarmania.cz\/index.php\/wp-json\/wp\/v2\/media?parent=22568"}],"curies":[{"name":"wp","href":"https:\/\/api.w.org\/{rel}","templated":true}]}}