{"id":22686,"date":"2021-08-12T15:11:17","date_gmt":"2021-08-12T13:11:17","guid":{"rendered":"https:\/\/www.dakarmania.cz\/?page_id=22686"},"modified":"2021-08-12T15:23:54","modified_gmt":"2021-08-12T13:23:54","slug":"italian-baja-2020","status":"publish","type":"page","link":"https:\/\/www.dakarmania.cz\/index.php\/souteze\/italian-baja-2020\/","title":{"rendered":"Italian Baja 2020 Artugna Race"},"content":{"rendered":"<p>[vc_row css_animation=&#8221;fadeIn&#8221; no_sep_borders=&#8221;yes&#8221;][vc_column][vc_btn title=&#8221;Sout\u011b\u017ee&#8221; style=&#8221;outline&#8221; shape=&#8221;square&#8221; color=&#8221;warning&#8221; size=&#8221;xs&#8221; align=&#8221;right&#8221; i_align=&#8221;right&#8221; i_icon_fontawesome=&#8221;fa fa-chevron-up&#8221; css_animation=&#8221;fadeIn&#8221; add_icon=&#8221;true&#8221; css=&#8221;.vc_custom_1627940488441{padding-right: 1px !important;padding-left: 1px !important;}&#8221; link=&#8221;url:%2Findex.php%2Fsouteze%2F|||&#8221;][vc_column_text css_animation=&#8221;fadeIn&#8221; css=&#8221;.vc_custom_1628770913547{padding-top: 200px !important;padding-right: 15px !important;padding-bottom: 15px !important;padding-left: 15px !important;background: #f2f2f2 url(https:\/\/www.dakarmania.cz\/wp-content\/uploads\/2021\/08\/20-italia-artugna-zapletal-header.jpg?id=22685) !important;background-position: center !important;background-repeat: no-repeat !important;background-size: cover !important;}&#8221;]<\/p>\n<h1 style=\"text-align: left;\"><span style=\"background-color: #ee8027; opacity: 0.7;\"><span style=\"color: #ffffff; padding: 10px;\">INTERNATIONAL<\/span><br \/>\n<span style=\"color: #ffffff; padding: 10px;\">ITALIAN BAJA 2020<\/span><br \/>\n<span style=\"color: #ffffff; padding: 10px;\">ARTUGNA RACE<\/span><\/span><\/h1>\n<p>[\/vc_column_text][vc_empty_space height=&#8221;2px&#8221;][vc_row_inner el_id=&#8221;info&#8221;][vc_column_inner width=&#8221;1\/2&#8243;][vc_column_text css_animation=&#8221;fadeIn&#8221;]<strong>27. ro\u010dn\u00edk | 19. a\u017e 20. b\u0159ezna 2021 | Pordenone, It\u00e1lie<\/strong><\/p>\n<p>V roce 2020 se sout\u011b\u017e v d\u016fsledku opat\u0159en\u00ed a restrikc\u00ed p\u0159ij\u00edman\u00fdch ve sv\u011bt\u011b kv\u016fli \u0161\u00ed\u0159en\u00ed koronaviru SARS-CoV-2 nekonala. Organiz\u00e1to\u0159i <strong>odlo\u017eili 27. ro\u010dn\u00edk na jaro n\u00e1sleduj\u00edc\u00edho roku<\/strong>. Z\u00e1vod se jel jako &#8220;International Italian Baja 2020 Artugna Race&#8221; v b\u0159eznu 2021, nebyl sou\u010d\u00e1st\u00ed Sv\u011btov\u00e9ho poh\u00e1ru FIA v cross-country baj\u00e1ch, ale otev\u00edral sezonu italsk\u00e9ho \u0161ampion\u00e1tu. Po\u0159adatel\u00e9 p\u0159ipravili jednu rychlostn\u00ed zkou\u0161ku (30,25 km), kterou sout\u011b\u017e\u00edc\u00ed absolvovali t\u0159ikr\u00e1t.[\/vc_column_text][\/vc_column_inner][vc_column_inner width=&#8221;1\/2&#8243;][vc_btn title=&#8221;V\u00edt\u011bzov\u00e9&#8221; style=&#8221;outline&#8221; shape=&#8221;square&#8221; color=&#8221;warning&#8221; size=&#8221;sm&#8221; align=&#8221;center&#8221; i_icon_fontawesome=&#8221;fa fa-trophy&#8221; css_animation=&#8221;fadeIn&#8221; button_block=&#8221;true&#8221; add_icon=&#8221;true&#8221; link=&#8221;url:%2Findex.php%2Fsouteze%2Fitalian-baja-vitezove%2F|||&#8221; css=&#8221;.vc_custom_1628752412020{margin-top: 2px !important;margin-right: 5px !important;margin-bottom: 2px !important;margin-left: 5px !important;}&#8221;][vc_btn title=&#8221;\u010ce\u0161i na Italian Baja&#8221; style=&#8221;outline&#8221; shape=&#8221;square&#8221; color=&#8221;warning&#8221; size=&#8221;sm&#8221; align=&#8221;center&#8221; i_icon_fontawesome=&#8221;fa fa-user-circle&#8221; css_animation=&#8221;fadeIn&#8221; button_block=&#8221;true&#8221; add_icon=&#8221;true&#8221; link=&#8221;url:%2Findex.php%2Fsouteze%2Fitalian-baja-cesi%2F|||&#8221; css=&#8221;.vc_custom_1628762607558{margin-top: 2px !important;margin-right: 5px !important;margin-bottom: 2px !important;margin-left: 5px !important;}&#8221;][\/vc_column_inner][\/vc_row_inner][vc_btn title=&#8221;AUTO&#8221; style=&#8221;classic&#8221; shape=&#8221;square&#8221; color=&#8221;warning&#8221; size=&#8221;xs&#8221; i_icon_fontawesome=&#8221;fa fa-list-ol&#8221; css_animation=&#8221;fadeIn&#8221; add_icon=&#8221;true&#8221; css=&#8221;.vc_custom_1628772414783{padding-right: 1px !important;padding-left: 1px !important;}&#8221; link=&#8221;url:%2Findex.php%2Fsouteze%2Fitalian-baja-2020%2F%23auto|||&#8221;][vc_btn title=&#8221;SSV&#8221; style=&#8221;classic&#8221; shape=&#8221;square&#8221; color=&#8221;warning&#8221; size=&#8221;xs&#8221; i_icon_fontawesome=&#8221;fa fa-list-ol&#8221; css_animation=&#8221;fadeIn&#8221; add_icon=&#8221;true&#8221; css=&#8221;.vc_custom_1628772439503{padding-right: 1px !important;padding-left: 1px !important;}&#8221; link=&#8221;url:%2Findex.php%2Fsouteze%2Fitalian-baja-2020%2F%23ssv|||&#8221;][vc_tta_pageable no_fill_content_area=&#8221;1&#8243; active_section=&#8221;1&#8243; pagination_style=&#8221;&#8221; css_animation=&#8221;fadeIn&#8221; el_id=&#8221;vysledky&#8221; css=&#8221;.vc_custom_1566586979997{padding-right: 10px !important;padding-left: 10px !important;background-color: #f4f4f4 !important;}&#8221;][vc_tta_section title=&#8221;AUTO&#8221; tab_id=&#8221;auto&#8221;][vc_row_inner][vc_column_inner][vc_column_text css_animation=&#8221;fadeIn&#8221;]<\/p>\n<table style=\"width: 97.7654%;\" rules=\"rows\" cellpadding=\"4px\">\n<tbody>\n<tr style=\"background-color: #808080; color: white;\">\n<td style=\"text-align: center;\" colspan=\"7\"><span style=\"font-size: 12pt;\"><strong>INTERNATIONAL ITALIAN BAJA 2020 ARTEGNA RACE<br \/>\nAUTOMOBILY (italsk\u00fd \u0161ampion\u00e1t)<br \/>\nkone\u010dn\u00e9 v\u00fdsledky<\/strong><\/span><\/td>\n<\/tr>\n<tr style=\"vertical-align: top; background-color: #dbd9d9;\">\n<td>1.<\/td>\n<td class=\"nomobile\" style=\"text-align: center;\">102<\/td>\n<td>Sergio Galletti \/ Daniele Fontana Sacchetti<\/td>\n<td>Toyota Hilux<\/td>\n<td class=\"nomobile\">R Team<\/td>\n<td style=\"text-align: right;\">1:03:40<\/td>\n<\/tr>\n<tr style=\"vertical-align: top; background-color: #f2f2f2;\">\n<td>2.<\/td>\n<td class=\"nomobile\" style=\"text-align: center;\">100<\/td>\n<td><a href=\"\/index.php\/osobnosti\/miroslav-zapletal\/\"><span style=\"color: #ee8027;\">Miroslav Zapletal<\/span><\/a> \/ <a href=\"\/index.php\/osobnosti\/marek-sykora\/\"><span style=\"color: #ee8027;\">Marek S\u00fdkora<\/span><\/a><\/td>\n<td>Ford F-150 Evo<\/td>\n<td class=\"nomobile\">Offroadsport<\/td>\n<td style=\"text-align: right;\">+27<\/td>\n<\/tr>\n<tr style=\"vertical-align: top; background-color: #dbd9d9;\">\n<td>3.<\/td>\n<td class=\"nomobile\" style=\"text-align: center;\">101<\/td>\n<td>Lorenzo Codec\u00e0 \/ Mauro Toffoli<\/td>\n<td>Suzuki Gran Vitara<\/td>\n<td class=\"nomobile\">Emmetre Racing<\/td>\n<td style=\"text-align: right;\">+3:07<\/td>\n<\/tr>\n<tr style=\"background-color: #808080; color: white;\">\n<td style=\"text-align: left;\" colspan=\"6\"><span style=\"font-size: 8pt;\">V r\u00e1mci hodnocen\u00ed italsk\u00e9ho \u0161ampion\u00e1tu odstartovalo 33 vozidel skupin T1, T2, T3 a TH, v c\u00edli klasifikov\u00e1no 27<\/span><\/td>\n<\/tr>\n<\/tbody>\n<\/table>\n<p>[\/vc_column_text][\/vc_column_inner][\/vc_row_inner][\/vc_tta_section][vc_tta_section title=&#8221;SSV&#8221; tab_id=&#8221;ssv&#8221;][vc_row_inner][vc_column_inner][vc_column_text css_animation=&#8221;fadeIn&#8221;]<\/p>\n<table style=\"width: 97.7654%;\" rules=\"rows\" cellpadding=\"4px\">\n<tbody>\n<tr style=\"background-color: #808080; color: white;\">\n<td style=\"text-align: center;\" colspan=\"7\"><span style=\"font-size: 12pt;\"><strong>INTERNATIONAL ITALIAN BAJA 2020 ARTEGNA RACE<br \/>\nSSV (italsk\u00fd \u0161ampion\u00e1t)<br \/>\nkone\u010dn\u00e9 v\u00fdsledky<\/strong><\/span><\/td>\n<\/tr>\n<tr style=\"vertical-align: top; background-color: #dbd9d9;\">\n<td>1.<\/td>\n<td class=\"nomobile\" style=\"text-align: center;\">501<\/td>\n<td>Amerigo Ventura \/ Mirko Brun<\/td>\n<td>Yamaha YZX 1000 R<\/td>\n<td class=\"nomobile\">Quaddy Yamaha Racing<\/td>\n<td style=\"text-align: right;\">1:07:12<\/td>\n<\/tr>\n<tr style=\"vertical-align: top; background-color: #f2f2f2;\">\n<td>2.<\/td>\n<td class=\"nomobile\" style=\"text-align: center;\">502<\/td>\n<td>Alessandro Tinaburri \/ Emiliano Tinaburri<\/td>\n<td>Quaddy YXZ 1000<\/td>\n<td class=\"nomobile\">LTS Racing<\/td>\n<td style=\"text-align: right;\">+1:36<\/td>\n<\/tr>\n<tr style=\"vertical-align: top; background-color: #dbd9d9;\">\n<td>3.<\/td>\n<td class=\"nomobile\" style=\"text-align: center;\">777<\/td>\n<td>Carlos Checa \/ <a href=\"\/index.php\/osobnosti\/paolo-ceci\/\"><span style=\"color: #ee8027;\">Paolo Ceci<\/span><\/a><\/td>\n<td>Can-Am Maverick X3<\/td>\n<td class=\"nomobile\">RT73 Team<\/td>\n<td style=\"text-align: right;\">+2:41<\/td>\n<\/tr>\n<tr style=\"background-color: #808080; color: white;\">\n<td style=\"text-align: left;\" colspan=\"6\"><span style=\"font-size: 8pt;\">V r\u00e1mci hodnocen\u00ed italsk\u00e9ho \u0161ampion\u00e1tu SSV odstartovalo 11 vozidel, v c\u00edli klasifikov\u00e1no 10<\/span><\/td>\n<\/tr>\n<\/tbody>\n<\/table>\n<p>[\/vc_column_text][\/vc_column_inner][\/vc_row_inner][\/vc_tta_section][\/vc_tta_pageable][\/vc_column][\/vc_row]<\/p>\n","protected":false},"excerpt":{"rendered":"<p>International Italian Baja 2020 Artugna Race | 27. ro\u010dn\u00edk | 19. a\u017e 20. b\u0159ezna 2021 | Pordenone, It\u00e1lie<\/p>\n","protected":false},"author":1,"featured_media":22685,"parent":4410,"menu_order":0,"comment_status":"closed","ping_status":"closed","template":"page-templates\/builder.php","meta":{"footnotes":""},"class_list":["post-22686","page","type-page","status-publish","has-post-thumbnail","hentry"],"yoast_head":"<!-- This site is optimized with the Yoast SEO plugin v24.9 - https:\/\/yoast.com\/wordpress\/plugins\/seo\/ -->\n<title>Italian Baja 2020 Artugna Race - DAKARMANIA.cz<\/title>\n<meta name=\"description\" content=\"International Italian Baja 2020 Artugna Race | 27. ro\u010dn\u00edk | 19. a\u017e 20. b\u0159ezna 2021 | Pordenone, It\u00e1lie\" \/>\n<meta name=\"robots\" content=\"index, follow, max-snippet:-1, max-image-preview:large, max-video-preview:-1\" \/>\n<link rel=\"canonical\" href=\"https:\/\/www.dakarmania.cz\/index.php\/souteze\/italian-baja-2020\/\" \/>\n<meta property=\"og:locale\" content=\"cs_CZ\" \/>\n<meta property=\"og:type\" content=\"article\" \/>\n<meta property=\"og:title\" content=\"Italian Baja 2020 Artugna Race - DAKARMANIA.cz\" \/>\n<meta property=\"og:description\" content=\"International Italian Baja 2020 Artugna Race | 27. ro\u010dn\u00edk | 19. a\u017e 20. b\u0159ezna 2021 | Pordenone, It\u00e1lie\" \/>\n<meta property=\"og:url\" content=\"https:\/\/www.dakarmania.cz\/index.php\/souteze\/italian-baja-2020\/\" \/>\n<meta property=\"og:site_name\" content=\"DAKARMANIA.cz\" \/>\n<meta property=\"article:publisher\" content=\"https:\/\/www.facebook.com\/dakarmania\/\" \/>\n<meta property=\"article:modified_time\" content=\"2021-08-12T13:23:54+00:00\" \/>\n<meta property=\"og:image\" content=\"https:\/\/www.dakarmania.cz\/wp-content\/uploads\/2021\/08\/20-italia-artugna-zapletal-header.jpg\" \/>\n\t<meta property=\"og:image:width\" content=\"1600\" \/>\n\t<meta property=\"og:image:height\" content=\"711\" \/>\n\t<meta property=\"og:image:type\" content=\"image\/jpeg\" \/>\n<meta name=\"twitter:card\" content=\"summary_large_image\" \/>\n<meta name=\"twitter:label1\" content=\"Odhadovan\u00e1 doba \u010dten\u00ed\" \/>\n\t<meta name=\"twitter:data1\" content=\"2 minuty\" \/>\n<script type=\"application\/ld+json\" class=\"yoast-schema-graph\">{\"@context\":\"https:\/\/schema.org\",\"@graph\":[{\"@type\":\"WebPage\",\"@id\":\"https:\/\/www.dakarmania.cz\/index.php\/souteze\/italian-baja-2020\/\",\"url\":\"https:\/\/www.dakarmania.cz\/index.php\/souteze\/italian-baja-2020\/\",\"name\":\"Italian Baja 2020 Artugna Race - DAKARMANIA.cz\",\"isPartOf\":{\"@id\":\"https:\/\/www.dakarmania.cz\/#website\"},\"primaryImageOfPage\":{\"@id\":\"https:\/\/www.dakarmania.cz\/index.php\/souteze\/italian-baja-2020\/#primaryimage\"},\"image\":{\"@id\":\"https:\/\/www.dakarmania.cz\/index.php\/souteze\/italian-baja-2020\/#primaryimage\"},\"thumbnailUrl\":\"https:\/\/www.dakarmania.cz\/wp-content\/uploads\/2021\/08\/20-italia-artugna-zapletal-header.jpg\",\"datePublished\":\"2021-08-12T13:11:17+00:00\",\"dateModified\":\"2021-08-12T13:23:54+00:00\",\"description\":\"International Italian Baja 2020 Artugna Race | 27. ro\u010dn\u00edk | 19. a\u017e 20. b\u0159ezna 2021 | Pordenone, It\u00e1lie\",\"breadcrumb\":{\"@id\":\"https:\/\/www.dakarmania.cz\/index.php\/souteze\/italian-baja-2020\/#breadcrumb\"},\"inLanguage\":\"cs\",\"potentialAction\":[{\"@type\":\"ReadAction\",\"target\":[\"https:\/\/www.dakarmania.cz\/index.php\/souteze\/italian-baja-2020\/\"]}]},{\"@type\":\"ImageObject\",\"inLanguage\":\"cs\",\"@id\":\"https:\/\/www.dakarmania.cz\/index.php\/souteze\/italian-baja-2020\/#primaryimage\",\"url\":\"https:\/\/www.dakarmania.cz\/wp-content\/uploads\/2021\/08\/20-italia-artugna-zapletal-header.jpg\",\"contentUrl\":\"https:\/\/www.dakarmania.cz\/wp-content\/uploads\/2021\/08\/20-italia-artugna-zapletal-header.jpg\",\"width\":1600,\"height\":711,\"caption\":\"Miroslav Zapletal\/Marek S\u00fdkora, Ford F-150 Evo, Offroadsport. Italian Baja 2020 Artugna Race, b\u0159ezen 2021. \u00a9 Italian Baja Media\"},{\"@type\":\"BreadcrumbList\",\"@id\":\"https:\/\/www.dakarmania.cz\/index.php\/souteze\/italian-baja-2020\/#breadcrumb\",\"itemListElement\":[{\"@type\":\"ListItem\",\"position\":1,\"name\":\"Dom\u016f\",\"item\":\"https:\/\/www.dakarmania.cz\/\"},{\"@type\":\"ListItem\",\"position\":2,\"name\":\"Sout\u011b\u017ee\",\"item\":\"https:\/\/www.dakarmania.cz\/index.php\/souteze\/\"},{\"@type\":\"ListItem\",\"position\":3,\"name\":\"Italian Baja 2020 Artugna Race\"}]},{\"@type\":\"WebSite\",\"@id\":\"https:\/\/www.dakarmania.cz\/#website\",\"url\":\"https:\/\/www.dakarmania.cz\/\",\"name\":\"DAKARMANIA.cz\",\"description\":\"\u017dijeme Dakarem cel\u00fd rok\",\"publisher\":{\"@id\":\"https:\/\/www.dakarmania.cz\/#organization\"},\"potentialAction\":[{\"@type\":\"SearchAction\",\"target\":{\"@type\":\"EntryPoint\",\"urlTemplate\":\"https:\/\/www.dakarmania.cz\/?s={search_term_string}\"},\"query-input\":{\"@type\":\"PropertyValueSpecification\",\"valueRequired\":true,\"valueName\":\"search_term_string\"}}],\"inLanguage\":\"cs\"},{\"@type\":\"Organization\",\"@id\":\"https:\/\/www.dakarmania.cz\/#organization\",\"name\":\"DAKAR MANIA\",\"url\":\"https:\/\/www.dakarmania.cz\/\",\"logo\":{\"@type\":\"ImageObject\",\"inLanguage\":\"cs\",\"@id\":\"https:\/\/www.dakarmania.cz\/#\/schema\/logo\/image\/\",\"url\":\"https:\/\/www.dakarmania.cz\/wp-content\/uploads\/2018\/12\/Dakar-Mania-Logo-Square-Orange.png\",\"contentUrl\":\"https:\/\/www.dakarmania.cz\/wp-content\/uploads\/2018\/12\/Dakar-Mania-Logo-Square-Orange.png\",\"width\":992,\"height\":992,\"caption\":\"DAKAR MANIA\"},\"image\":{\"@id\":\"https:\/\/www.dakarmania.cz\/#\/schema\/logo\/image\/\"},\"sameAs\":[\"https:\/\/www.facebook.com\/dakarmania\/\"]}]}<\/script>\n<!-- \/ Yoast SEO plugin. -->","yoast_head_json":{"title":"Italian Baja 2020 Artugna Race - DAKARMANIA.cz","description":"International Italian Baja 2020 Artugna Race | 27. ro\u010dn\u00edk | 19. a\u017e 20. b\u0159ezna 2021 | Pordenone, It\u00e1lie","robots":{"index":"index","follow":"follow","max-snippet":"max-snippet:-1","max-image-preview":"max-image-preview:large","max-video-preview":"max-video-preview:-1"},"canonical":"https:\/\/www.dakarmania.cz\/index.php\/souteze\/italian-baja-2020\/","og_locale":"cs_CZ","og_type":"article","og_title":"Italian Baja 2020 Artugna Race - DAKARMANIA.cz","og_description":"International Italian Baja 2020 Artugna Race | 27. ro\u010dn\u00edk | 19. a\u017e 20. b\u0159ezna 2021 | Pordenone, It\u00e1lie","og_url":"https:\/\/www.dakarmania.cz\/index.php\/souteze\/italian-baja-2020\/","og_site_name":"DAKARMANIA.cz","article_publisher":"https:\/\/www.facebook.com\/dakarmania\/","article_modified_time":"2021-08-12T13:23:54+00:00","og_image":[{"width":1600,"height":711,"url":"https:\/\/www.dakarmania.cz\/wp-content\/uploads\/2021\/08\/20-italia-artugna-zapletal-header.jpg","type":"image\/jpeg"}],"twitter_card":"summary_large_image","twitter_misc":{"Odhadovan\u00e1 doba \u010dten\u00ed":"2 minuty"},"schema":{"@context":"https:\/\/schema.org","@graph":[{"@type":"WebPage","@id":"https:\/\/www.dakarmania.cz\/index.php\/souteze\/italian-baja-2020\/","url":"https:\/\/www.dakarmania.cz\/index.php\/souteze\/italian-baja-2020\/","name":"Italian Baja 2020 Artugna Race - DAKARMANIA.cz","isPartOf":{"@id":"https:\/\/www.dakarmania.cz\/#website"},"primaryImageOfPage":{"@id":"https:\/\/www.dakarmania.cz\/index.php\/souteze\/italian-baja-2020\/#primaryimage"},"image":{"@id":"https:\/\/www.dakarmania.cz\/index.php\/souteze\/italian-baja-2020\/#primaryimage"},"thumbnailUrl":"https:\/\/www.dakarmania.cz\/wp-content\/uploads\/2021\/08\/20-italia-artugna-zapletal-header.jpg","datePublished":"2021-08-12T13:11:17+00:00","dateModified":"2021-08-12T13:23:54+00:00","description":"International Italian Baja 2020 Artugna Race | 27. ro\u010dn\u00edk | 19. a\u017e 20. b\u0159ezna 2021 | Pordenone, It\u00e1lie","breadcrumb":{"@id":"https:\/\/www.dakarmania.cz\/index.php\/souteze\/italian-baja-2020\/#breadcrumb"},"inLanguage":"cs","potentialAction":[{"@type":"ReadAction","target":["https:\/\/www.dakarmania.cz\/index.php\/souteze\/italian-baja-2020\/"]}]},{"@type":"ImageObject","inLanguage":"cs","@id":"https:\/\/www.dakarmania.cz\/index.php\/souteze\/italian-baja-2020\/#primaryimage","url":"https:\/\/www.dakarmania.cz\/wp-content\/uploads\/2021\/08\/20-italia-artugna-zapletal-header.jpg","contentUrl":"https:\/\/www.dakarmania.cz\/wp-content\/uploads\/2021\/08\/20-italia-artugna-zapletal-header.jpg","width":1600,"height":711,"caption":"Miroslav Zapletal\/Marek S\u00fdkora, Ford F-150 Evo, Offroadsport. Italian Baja 2020 Artugna Race, b\u0159ezen 2021. \u00a9 Italian Baja Media"},{"@type":"BreadcrumbList","@id":"https:\/\/www.dakarmania.cz\/index.php\/souteze\/italian-baja-2020\/#breadcrumb","itemListElement":[{"@type":"ListItem","position":1,"name":"Dom\u016f","item":"https:\/\/www.dakarmania.cz\/"},{"@type":"ListItem","position":2,"name":"Sout\u011b\u017ee","item":"https:\/\/www.dakarmania.cz\/index.php\/souteze\/"},{"@type":"ListItem","position":3,"name":"Italian Baja 2020 Artugna Race"}]},{"@type":"WebSite","@id":"https:\/\/www.dakarmania.cz\/#website","url":"https:\/\/www.dakarmania.cz\/","name":"DAKARMANIA.cz","description":"\u017dijeme Dakarem cel\u00fd rok","publisher":{"@id":"https:\/\/www.dakarmania.cz\/#organization"},"potentialAction":[{"@type":"SearchAction","target":{"@type":"EntryPoint","urlTemplate":"https:\/\/www.dakarmania.cz\/?s={search_term_string}"},"query-input":{"@type":"PropertyValueSpecification","valueRequired":true,"valueName":"search_term_string"}}],"inLanguage":"cs"},{"@type":"Organization","@id":"https:\/\/www.dakarmania.cz\/#organization","name":"DAKAR MANIA","url":"https:\/\/www.dakarmania.cz\/","logo":{"@type":"ImageObject","inLanguage":"cs","@id":"https:\/\/www.dakarmania.cz\/#\/schema\/logo\/image\/","url":"https:\/\/www.dakarmania.cz\/wp-content\/uploads\/2018\/12\/Dakar-Mania-Logo-Square-Orange.png","contentUrl":"https:\/\/www.dakarmania.cz\/wp-content\/uploads\/2018\/12\/Dakar-Mania-Logo-Square-Orange.png","width":992,"height":992,"caption":"DAKAR MANIA"},"image":{"@id":"https:\/\/www.dakarmania.cz\/#\/schema\/logo\/image\/"},"sameAs":["https:\/\/www.facebook.com\/dakarmania\/"]}]}},"amp_enabled":false,"_links":{"self":[{"href":"https:\/\/www.dakarmania.cz\/index.php\/wp-json\/wp\/v2\/pages\/22686","targetHints":{"allow":["GET"]}}],"collection":[{"href":"https:\/\/www.dakarmania.cz\/index.php\/wp-json\/wp\/v2\/pages"}],"about":[{"href":"https:\/\/www.dakarmania.cz\/index.php\/wp-json\/wp\/v2\/types\/page"}],"author":[{"embeddable":true,"href":"https:\/\/www.dakarmania.cz\/index.php\/wp-json\/wp\/v2\/users\/1"}],"replies":[{"embeddable":true,"href":"https:\/\/www.dakarmania.cz\/index.php\/wp-json\/wp\/v2\/comments?post=22686"}],"version-history":[{"count":5,"href":"https:\/\/www.dakarmania.cz\/index.php\/wp-json\/wp\/v2\/pages\/22686\/revisions"}],"predecessor-version":[{"id":22695,"href":"https:\/\/www.dakarmania.cz\/index.php\/wp-json\/wp\/v2\/pages\/22686\/revisions\/22695"}],"up":[{"embeddable":true,"href":"https:\/\/www.dakarmania.cz\/index.php\/wp-json\/wp\/v2\/pages\/4410"}],"wp:featuredmedia":[{"embeddable":true,"href":"https:\/\/www.dakarmania.cz\/index.php\/wp-json\/wp\/v2\/media\/22685"}],"wp:attachment":[{"href":"https:\/\/www.dakarmania.cz\/index.php\/wp-json\/wp\/v2\/media?parent=22686"}],"curies":[{"name":"wp","href":"https:\/\/api.w.org\/{rel}","templated":true}]}}