{"id":9835,"date":"2019-08-10T15:22:21","date_gmt":"2019-08-10T13:22:21","guid":{"rendered":"https:\/\/www.dakarmania.cz\/?page_id=9835"},"modified":"2021-08-15T16:52:27","modified_gmt":"2021-08-15T14:52:27","slug":"atacama-rally-vitezove","status":"publish","type":"page","link":"https:\/\/www.dakarmania.cz\/index.php\/souteze\/atacama-rally-vitezove\/","title":{"rendered":"Atacama Rally: V\u00edt\u011bzov\u00e9"},"content":{"rendered":"<p>[vc_row][vc_column][vc_btn title=&#8221;Atacama Rally&#8221; style=&#8221;outline&#8221; shape=&#8221;square&#8221; color=&#8221;warning&#8221; size=&#8221;xs&#8221; align=&#8221;right&#8221; i_align=&#8221;right&#8221; i_icon_fontawesome=&#8221;fa fa-chevron-up&#8221; css_animation=&#8221;fadeIn&#8221; add_icon=&#8221;true&#8221; css=&#8221;.vc_custom_1626705328784{padding-right: 1px !important;padding-left: 1px !important;}&#8221; link=&#8221;url:%2Findex.php%2Fsouteze%2F%23atacama|||&#8221;][vc_column_text css_animation=&#8221;fadeIn&#8221; css=&#8221;.vc_custom_1566326583188{padding-top: 200px !important;padding-right: 15px !important;padding-bottom: 15px !important;padding-left: 15px !important;background: #f2f2f2 url(https:\/\/www.dakarmania.cz\/wp-content\/uploads\/2019\/08\/17-atacama-quintanilla-winner.jpg?id=9993) !important;background-position: center !important;background-repeat: no-repeat !important;background-size: cover !important;}&#8221;]<\/p>\n<h1 style=\"text-align: left;\"><span style=\"background-color: #ee8027; opacity: 0.7;\"><span style=\"color: #ffffff; padding: 10px;\">V\u00cdT\u011aZOV\u00c9<\/span><br \/>\n<span style=\"color: #ffffff; padding: 10px;\">ATACAMA RALLY<\/span><\/span><\/h1>\n<p>[\/vc_column_text][vc_btn title=&#8221;Moto&#8221; style=&#8221;classic&#8221; shape=&#8221;square&#8221; color=&#8221;warning&#8221; size=&#8221;xs&#8221; css_animation=&#8221;fadeIn&#8221; css=&#8221;.vc_custom_1626705340254{padding-right: 1px !important;padding-left: 1px !important;}&#8221; link=&#8221;url:%2Findex.php%2Fsouteze%2Fatacama-rally-vitezove%2F%23moto|||&#8221;][\/vc_column][\/vc_row][vc_row][vc_column][vc_tta_pageable no_fill_content_area=&#8221;1&#8243; active_section=&#8221;1&#8243; pagination_style=&#8221;&#8221; css_animation=&#8221;fadeIn&#8221;][vc_tta_section title=&#8221;Moto&#8221; tab_id=&#8221;moto&#8221;][vc_row_inner][vc_column_inner width=&#8221;1\/2&#8243;][vc_column_text css_animation=&#8221;fadeIn&#8221;]<\/p>\n<h4><span style=\"color: #808080;\">MOTOCYKLY<\/span><\/h4>\n<table style=\"width: 97.7654%;\" rules=\"rows\" cellpadding=\"4px\">\n<tbody>\n<tr style=\"background-color: #f2f2f2;\">\n<td style=\"vertical-align: top; width: 11.5152%;\"><a href=\"\/index.php\/souteze\/atacama-rally-2019\/\"><span style=\"color: #ee8027;\">2019<\/span><\/a><\/td>\n<td style=\"vertical-align: top; width: 46.6667%;\"><a href=\"\/index.php\/osobnosti\/pablo-quintanilla\/\"><span style=\"color: #ee8027;\">Pablo Quintanilla<\/span><\/a><\/td>\n<td style=\"vertical-align: top; width: 41.8182%;\">Husqvarna FR 450 Rally<\/td>\n<\/tr>\n<tr style=\"background-color: #dbd9d9;\">\n<td style=\"vertical-align: top; width: 11.5152%;\">2018<\/td>\n<td style=\"vertical-align: top; width: 46.6667%;\"><a href=\"\/index.php\/osobnosti\/kevin-benavides\/\"><span style=\"color: #ee8027;\">Kevin Benavides<\/span><\/a><\/td>\n<td style=\"vertical-align: top; width: 41.8182%;\">Honda CRF450 Rally<\/td>\n<\/tr>\n<tr style=\"background-color: #f2f2f2;\">\n<td style=\"vertical-align: top; width: 11.5152%;\">2017<\/td>\n<td style=\"vertical-align: top; width: 46.6667%;\"><a href=\"\/index.php\/osobnosti\/pablo-quintanilla\/\"><span style=\"color: #ee8027;\">Pablo Quintanilla<\/span><\/a><\/td>\n<td style=\"vertical-align: top; width: 41.8182%;\">Husqvarna<\/td>\n<\/tr>\n<tr style=\"background-color: #dbd9d9;\">\n<td style=\"vertical-align: top; width: 11.5152%;\">2016<\/td>\n<td style=\"vertical-align: top; width: 46.6667%;\"><a href=\"\/index.php\/osobnosti\/pablo-quintanilla\/\"><span style=\"color: #ee8027;\">Pablo Quintanilla<\/span><\/a><\/td>\n<td style=\"vertical-align: top; width: 41.8182%;\">Husqvarna<\/td>\n<\/tr>\n<tr style=\"background-color: #f2f2f2;\">\n<td style=\"vertical-align: top; width: 11.5152%;\">2015<\/td>\n<td style=\"vertical-align: top; width: 46.6667%;\"><a href=\"\/index.php\/osobnosti\/pablo-quintanilla\/\"><span style=\"color: #ee8027;\">Pablo Quintanilla<\/span><\/a><\/td>\n<td style=\"vertical-align: top; width: 41.8182%;\">KTM<\/td>\n<\/tr>\n<tr style=\"background-color: #dbd9d9;\">\n<td style=\"vertical-align: top; width: 11.5152%;\">2014<\/td>\n<td style=\"vertical-align: top; width: 46.6667%;\"><a href=\"\/index.php\/osobnosti\/pablo-quintanilla\/\"><span style=\"color: #ee8027;\">Pablo Quintanilla<\/span><\/a><\/td>\n<td style=\"vertical-align: top; width: 41.8182%;\">KTM<\/td>\n<\/tr>\n<tr style=\"background-color: #f2f2f2;\">\n<td style=\"vertical-align: top; width: 11.5152%;\">2013<\/td>\n<td style=\"vertical-align: top; width: 46.6667%;\"><a href=\"\/index.php\/osobnosti\/pablo-quintanilla\/\"><span style=\"color: #ee8027;\">Pablo Quintanilla<\/span><\/a><\/td>\n<td style=\"vertical-align: top; width: 41.8182%;\">KTM<\/td>\n<\/tr>\n<tr style=\"background-color: #dbd9d9;\">\n<td style=\"vertical-align: top; width: 11.5152%;\">2012<\/td>\n<td style=\"vertical-align: top; width: 46.6667%;\">Claudio Rodr\u00edguez<\/td>\n<td style=\"vertical-align: top; width: 41.8182%;\">Honda<\/td>\n<\/tr>\n<tr style=\"background-color: #f2f2f2;\">\n<td style=\"vertical-align: top; width: 11.5152%;\">2011<\/td>\n<td style=\"vertical-align: top; width: 46.6667%;\">Daniel Gouet<\/td>\n<td style=\"vertical-align: top; width: 41.8182%;\">Honda<\/td>\n<\/tr>\n<\/tbody>\n<\/table>\n<p>[\/vc_column_text][\/vc_column_inner][vc_column_inner width=&#8221;1\/2&#8243;][vc_column_text css_animation=&#8221;fadeIn&#8221;]<\/p>\n<h4><span style=\"color: #808080;\">JEZDCI PODLE PO\u010cTU V\u00cdT\u011aZSTV\u00cd<\/span><\/h4>\n<table style=\"width: 97.7654%;\" rules=\"rows\" cellpadding=\"4px\">\n<tbody>\n<tr style=\"background-color: #dbd9d9;\">\n<td style=\"vertical-align: top;\">6<\/td>\n<td style=\"vertical-align: top;\"><a href=\"\/index.php\/osobnosti\/pablo-quintanilla\/\"><span style=\"color: #ee8027;\">Pablo Quintanilla<\/span><\/a><\/td>\n<td style=\"vertical-align: top;\">2013-17, 2019<\/td>\n<\/tr>\n<tr style=\"background-color: #f2f2f2;\">\n<td style=\"vertical-align: top;\">1<\/td>\n<td style=\"vertical-align: top;\">Daniel Gouet<\/td>\n<td style=\"vertical-align: top;\">2011<\/td>\n<\/tr>\n<tr style=\"background-color: #dbd9d9;\">\n<td style=\"vertical-align: top;\">1<\/td>\n<td style=\"vertical-align: top;\">Claudio Rodr\u00edguez<\/td>\n<td style=\"vertical-align: top;\">2012<\/td>\n<\/tr>\n<tr style=\"background-color: #f2f2f2;\">\n<td style=\"vertical-align: top;\">1<\/td>\n<td style=\"vertical-align: top;\"><a href=\"\/index.php\/osobnosti\/kevin-benavides\/\"><span style=\"color: #ee8027;\">Kevin Benavides<\/span><\/a><\/td>\n<td style=\"vertical-align: top;\">2018<\/td>\n<\/tr>\n<\/tbody>\n<\/table>\n<p>[\/vc_column_text][\/vc_column_inner][\/vc_row_inner][\/vc_tta_section][vc_tta_section title=&#8221;Sekce 2&#8243; tab_id=&#8221;1566309378718-fb670e21-7abb2a10-0366&#8243;][\/vc_tta_section][\/vc_tta_pageable][\/vc_column][\/vc_row]<\/p>\n","protected":false},"excerpt":{"rendered":"<p>[vc_row][vc_column][vc_btn title=&#8221;Atacama Rally&#8221; style=&#8221;outline&#8221; shape=&#8221;square&#8221; color=&#8221;warning&#8221; size=&#8221;xs&#8221; align=&#8221;right&#8221; i_align=&#8221;right&#8221; i_icon_fontawesome=&#8221;fa fa-chevron-up&#8221; css_animation=&#8221;fadeIn&#8221; add_icon=&#8221;true&#8221; css=&#8221;.vc_custom_1626705328784{padding-right: 1px !important;padding-left: 1px !important;}&#8221; link=&#8221;url:%2Findex.php%2Fsouteze%2F%23atacama|||&#8221;][vc_column_text css_animation=&#8221;fadeIn&#8221; css=&#8221;.vc_custom_1566326583188{padding-top: 200px !important;padding-right: 15px !important;padding-bottom: 15px !important;padding-left: 15px !important;background: #f2f2f2 url(https:\/\/www.dakarmania.cz\/wp-content\/uploads\/2019\/08\/17-atacama-quintanilla-winner.jpg?id=9993) !important;background-position: center !important;background-repeat: no-repeat !important;background-size: cover !important;}&#8221;] V\u00cdT\u011aZOV\u00c9 ATACAMA RALLY [\/vc_column_text][vc_btn title=&#8221;Moto&#8221; style=&#8221;classic&#8221; shape=&#8221;square&#8221; color=&#8221;warning&#8221; size=&#8221;xs&#8221; css_animation=&#8221;fadeIn&#8221; css=&#8221;.vc_custom_1626705340254{padding-right: 1px !important;padding-left: 1px !important;}&#8221; link=&#8221;url:%2Findex.php%2Fsouteze%2Fatacama-rally-vitezove%2F%23moto|||&#8221;][\/vc_column][\/vc_row][vc_row][vc_column][vc_tta_pageable no_fill_content_area=&#8221;1&#8243; [&hellip;]<\/p>\n","protected":false},"author":1,"featured_media":0,"parent":4410,"menu_order":0,"comment_status":"closed","ping_status":"closed","template":"page-templates\/builder.php","meta":{"footnotes":""},"class_list":["post-9835","page","type-page","status-publish","hentry"],"yoast_head":"<!-- This site is optimized with the Yoast SEO plugin v24.9 - https:\/\/yoast.com\/wordpress\/plugins\/seo\/ -->\n<title>Atacama Rally: V\u00edt\u011bzov\u00e9 - DAKARMANIA.cz<\/title>\n<meta name=\"robots\" content=\"index, follow, max-snippet:-1, max-image-preview:large, max-video-preview:-1\" \/>\n<link rel=\"canonical\" href=\"https:\/\/www.dakarmania.cz\/index.php\/souteze\/atacama-rally-vitezove\/\" \/>\n<meta property=\"og:locale\" content=\"cs_CZ\" \/>\n<meta property=\"og:type\" content=\"article\" \/>\n<meta property=\"og:title\" content=\"Atacama Rally: V\u00edt\u011bzov\u00e9 - DAKARMANIA.cz\" \/>\n<meta property=\"og:description\" content=\"[vc_row][vc_column][vc_btn title=&#8221;Atacama Rally&#8221; style=&#8221;outline&#8221; shape=&#8221;square&#8221; color=&#8221;warning&#8221; size=&#8221;xs&#8221; align=&#8221;right&#8221; i_align=&#8221;right&#8221; i_icon_fontawesome=&#8221;fa fa-chevron-up&#8221; css_animation=&#8221;fadeIn&#8221; add_icon=&#8221;true&#8221; css=&#8221;.vc_custom_1626705328784{padding-right: 1px !important;padding-left: 1px !important;}&#8221; link=&#8221;url:%2Findex.php%2Fsouteze%2F%23atacama|||&#8221;][vc_column_text css_animation=&#8221;fadeIn&#8221; css=&#8221;.vc_custom_1566326583188{padding-top: 200px !important;padding-right: 15px !important;padding-bottom: 15px !important;padding-left: 15px !important;background: #f2f2f2 url(https:\/\/www.dakarmania.cz\/wp-content\/uploads\/2019\/08\/17-atacama-quintanilla-winner.jpg?id=9993) !important;background-position: center !important;background-repeat: no-repeat !important;background-size: cover !important;}&#8221;] V\u00cdT\u011aZOV\u00c9 ATACAMA RALLY [\/vc_column_text][vc_btn title=&#8221;Moto&#8221; style=&#8221;classic&#8221; shape=&#8221;square&#8221; color=&#8221;warning&#8221; size=&#8221;xs&#8221; css_animation=&#8221;fadeIn&#8221; css=&#8221;.vc_custom_1626705340254{padding-right: 1px !important;padding-left: 1px !important;}&#8221; link=&#8221;url:%2Findex.php%2Fsouteze%2Fatacama-rally-vitezove%2F%23moto|||&#8221;][\/vc_column][\/vc_row][vc_row][vc_column][vc_tta_pageable no_fill_content_area=&#8221;1&#8243; [&hellip;]\" \/>\n<meta property=\"og:url\" content=\"https:\/\/www.dakarmania.cz\/index.php\/souteze\/atacama-rally-vitezove\/\" \/>\n<meta property=\"og:site_name\" content=\"DAKARMANIA.cz\" \/>\n<meta property=\"article:publisher\" content=\"https:\/\/www.facebook.com\/dakarmania\/\" \/>\n<meta property=\"article:modified_time\" content=\"2021-08-15T14:52:27+00:00\" \/>\n<meta name=\"twitter:card\" content=\"summary_large_image\" \/>\n<meta name=\"twitter:label1\" content=\"Odhadovan\u00e1 doba \u010dten\u00ed\" \/>\n\t<meta name=\"twitter:data1\" content=\"1 minuta\" \/>\n<script type=\"application\/ld+json\" class=\"yoast-schema-graph\">{\"@context\":\"https:\/\/schema.org\",\"@graph\":[{\"@type\":\"WebPage\",\"@id\":\"https:\/\/www.dakarmania.cz\/index.php\/souteze\/atacama-rally-vitezove\/\",\"url\":\"https:\/\/www.dakarmania.cz\/index.php\/souteze\/atacama-rally-vitezove\/\",\"name\":\"Atacama Rally: V\u00edt\u011bzov\u00e9 - DAKARMANIA.cz\",\"isPartOf\":{\"@id\":\"https:\/\/www.dakarmania.cz\/#website\"},\"datePublished\":\"2019-08-10T13:22:21+00:00\",\"dateModified\":\"2021-08-15T14:52:27+00:00\",\"breadcrumb\":{\"@id\":\"https:\/\/www.dakarmania.cz\/index.php\/souteze\/atacama-rally-vitezove\/#breadcrumb\"},\"inLanguage\":\"cs\",\"potentialAction\":[{\"@type\":\"ReadAction\",\"target\":[\"https:\/\/www.dakarmania.cz\/index.php\/souteze\/atacama-rally-vitezove\/\"]}]},{\"@type\":\"BreadcrumbList\",\"@id\":\"https:\/\/www.dakarmania.cz\/index.php\/souteze\/atacama-rally-vitezove\/#breadcrumb\",\"itemListElement\":[{\"@type\":\"ListItem\",\"position\":1,\"name\":\"Dom\u016f\",\"item\":\"https:\/\/www.dakarmania.cz\/\"},{\"@type\":\"ListItem\",\"position\":2,\"name\":\"Sout\u011b\u017ee\",\"item\":\"https:\/\/www.dakarmania.cz\/index.php\/souteze\/\"},{\"@type\":\"ListItem\",\"position\":3,\"name\":\"Atacama Rally: V\u00edt\u011bzov\u00e9\"}]},{\"@type\":\"WebSite\",\"@id\":\"https:\/\/www.dakarmania.cz\/#website\",\"url\":\"https:\/\/www.dakarmania.cz\/\",\"name\":\"DAKARMANIA.cz\",\"description\":\"\u017dijeme Dakarem cel\u00fd rok\",\"publisher\":{\"@id\":\"https:\/\/www.dakarmania.cz\/#organization\"},\"potentialAction\":[{\"@type\":\"SearchAction\",\"target\":{\"@type\":\"EntryPoint\",\"urlTemplate\":\"https:\/\/www.dakarmania.cz\/?s={search_term_string}\"},\"query-input\":{\"@type\":\"PropertyValueSpecification\",\"valueRequired\":true,\"valueName\":\"search_term_string\"}}],\"inLanguage\":\"cs\"},{\"@type\":\"Organization\",\"@id\":\"https:\/\/www.dakarmania.cz\/#organization\",\"name\":\"DAKAR MANIA\",\"url\":\"https:\/\/www.dakarmania.cz\/\",\"logo\":{\"@type\":\"ImageObject\",\"inLanguage\":\"cs\",\"@id\":\"https:\/\/www.dakarmania.cz\/#\/schema\/logo\/image\/\",\"url\":\"https:\/\/www.dakarmania.cz\/wp-content\/uploads\/2018\/12\/Dakar-Mania-Logo-Square-Orange.png\",\"contentUrl\":\"https:\/\/www.dakarmania.cz\/wp-content\/uploads\/2018\/12\/Dakar-Mania-Logo-Square-Orange.png\",\"width\":992,\"height\":992,\"caption\":\"DAKAR MANIA\"},\"image\":{\"@id\":\"https:\/\/www.dakarmania.cz\/#\/schema\/logo\/image\/\"},\"sameAs\":[\"https:\/\/www.facebook.com\/dakarmania\/\"]}]}<\/script>\n<!-- \/ Yoast SEO plugin. -->","yoast_head_json":{"title":"Atacama Rally: V\u00edt\u011bzov\u00e9 - DAKARMANIA.cz","robots":{"index":"index","follow":"follow","max-snippet":"max-snippet:-1","max-image-preview":"max-image-preview:large","max-video-preview":"max-video-preview:-1"},"canonical":"https:\/\/www.dakarmania.cz\/index.php\/souteze\/atacama-rally-vitezove\/","og_locale":"cs_CZ","og_type":"article","og_title":"Atacama Rally: V\u00edt\u011bzov\u00e9 - DAKARMANIA.cz","og_description":"[vc_row][vc_column][vc_btn title=&#8221;Atacama Rally&#8221; style=&#8221;outline&#8221; shape=&#8221;square&#8221; color=&#8221;warning&#8221; size=&#8221;xs&#8221; align=&#8221;right&#8221; i_align=&#8221;right&#8221; i_icon_fontawesome=&#8221;fa fa-chevron-up&#8221; css_animation=&#8221;fadeIn&#8221; add_icon=&#8221;true&#8221; css=&#8221;.vc_custom_1626705328784{padding-right: 1px !important;padding-left: 1px !important;}&#8221; link=&#8221;url:%2Findex.php%2Fsouteze%2F%23atacama|||&#8221;][vc_column_text css_animation=&#8221;fadeIn&#8221; css=&#8221;.vc_custom_1566326583188{padding-top: 200px !important;padding-right: 15px !important;padding-bottom: 15px !important;padding-left: 15px !important;background: #f2f2f2 url(https:\/\/www.dakarmania.cz\/wp-content\/uploads\/2019\/08\/17-atacama-quintanilla-winner.jpg?id=9993) !important;background-position: center !important;background-repeat: no-repeat !important;background-size: cover !important;}&#8221;] V\u00cdT\u011aZOV\u00c9 ATACAMA RALLY [\/vc_column_text][vc_btn title=&#8221;Moto&#8221; style=&#8221;classic&#8221; shape=&#8221;square&#8221; color=&#8221;warning&#8221; size=&#8221;xs&#8221; css_animation=&#8221;fadeIn&#8221; css=&#8221;.vc_custom_1626705340254{padding-right: 1px !important;padding-left: 1px !important;}&#8221; link=&#8221;url:%2Findex.php%2Fsouteze%2Fatacama-rally-vitezove%2F%23moto|||&#8221;][\/vc_column][\/vc_row][vc_row][vc_column][vc_tta_pageable no_fill_content_area=&#8221;1&#8243; [&hellip;]","og_url":"https:\/\/www.dakarmania.cz\/index.php\/souteze\/atacama-rally-vitezove\/","og_site_name":"DAKARMANIA.cz","article_publisher":"https:\/\/www.facebook.com\/dakarmania\/","article_modified_time":"2021-08-15T14:52:27+00:00","twitter_card":"summary_large_image","twitter_misc":{"Odhadovan\u00e1 doba \u010dten\u00ed":"1 minuta"},"schema":{"@context":"https:\/\/schema.org","@graph":[{"@type":"WebPage","@id":"https:\/\/www.dakarmania.cz\/index.php\/souteze\/atacama-rally-vitezove\/","url":"https:\/\/www.dakarmania.cz\/index.php\/souteze\/atacama-rally-vitezove\/","name":"Atacama Rally: V\u00edt\u011bzov\u00e9 - DAKARMANIA.cz","isPartOf":{"@id":"https:\/\/www.dakarmania.cz\/#website"},"datePublished":"2019-08-10T13:22:21+00:00","dateModified":"2021-08-15T14:52:27+00:00","breadcrumb":{"@id":"https:\/\/www.dakarmania.cz\/index.php\/souteze\/atacama-rally-vitezove\/#breadcrumb"},"inLanguage":"cs","potentialAction":[{"@type":"ReadAction","target":["https:\/\/www.dakarmania.cz\/index.php\/souteze\/atacama-rally-vitezove\/"]}]},{"@type":"BreadcrumbList","@id":"https:\/\/www.dakarmania.cz\/index.php\/souteze\/atacama-rally-vitezove\/#breadcrumb","itemListElement":[{"@type":"ListItem","position":1,"name":"Dom\u016f","item":"https:\/\/www.dakarmania.cz\/"},{"@type":"ListItem","position":2,"name":"Sout\u011b\u017ee","item":"https:\/\/www.dakarmania.cz\/index.php\/souteze\/"},{"@type":"ListItem","position":3,"name":"Atacama Rally: V\u00edt\u011bzov\u00e9"}]},{"@type":"WebSite","@id":"https:\/\/www.dakarmania.cz\/#website","url":"https:\/\/www.dakarmania.cz\/","name":"DAKARMANIA.cz","description":"\u017dijeme Dakarem cel\u00fd rok","publisher":{"@id":"https:\/\/www.dakarmania.cz\/#organization"},"potentialAction":[{"@type":"SearchAction","target":{"@type":"EntryPoint","urlTemplate":"https:\/\/www.dakarmania.cz\/?s={search_term_string}"},"query-input":{"@type":"PropertyValueSpecification","valueRequired":true,"valueName":"search_term_string"}}],"inLanguage":"cs"},{"@type":"Organization","@id":"https:\/\/www.dakarmania.cz\/#organization","name":"DAKAR MANIA","url":"https:\/\/www.dakarmania.cz\/","logo":{"@type":"ImageObject","inLanguage":"cs","@id":"https:\/\/www.dakarmania.cz\/#\/schema\/logo\/image\/","url":"https:\/\/www.dakarmania.cz\/wp-content\/uploads\/2018\/12\/Dakar-Mania-Logo-Square-Orange.png","contentUrl":"https:\/\/www.dakarmania.cz\/wp-content\/uploads\/2018\/12\/Dakar-Mania-Logo-Square-Orange.png","width":992,"height":992,"caption":"DAKAR MANIA"},"image":{"@id":"https:\/\/www.dakarmania.cz\/#\/schema\/logo\/image\/"},"sameAs":["https:\/\/www.facebook.com\/dakarmania\/"]}]}},"amp_enabled":false,"_links":{"self":[{"href":"https:\/\/www.dakarmania.cz\/index.php\/wp-json\/wp\/v2\/pages\/9835","targetHints":{"allow":["GET"]}}],"collection":[{"href":"https:\/\/www.dakarmania.cz\/index.php\/wp-json\/wp\/v2\/pages"}],"about":[{"href":"https:\/\/www.dakarmania.cz\/index.php\/wp-json\/wp\/v2\/types\/page"}],"author":[{"embeddable":true,"href":"https:\/\/www.dakarmania.cz\/index.php\/wp-json\/wp\/v2\/users\/1"}],"replies":[{"embeddable":true,"href":"https:\/\/www.dakarmania.cz\/index.php\/wp-json\/wp\/v2\/comments?post=9835"}],"version-history":[{"count":9,"href":"https:\/\/www.dakarmania.cz\/index.php\/wp-json\/wp\/v2\/pages\/9835\/revisions"}],"predecessor-version":[{"id":22834,"href":"https:\/\/www.dakarmania.cz\/index.php\/wp-json\/wp\/v2\/pages\/9835\/revisions\/22834"}],"up":[{"embeddable":true,"href":"https:\/\/www.dakarmania.cz\/index.php\/wp-json\/wp\/v2\/pages\/4410"}],"wp:attachment":[{"href":"https:\/\/www.dakarmania.cz\/index.php\/wp-json\/wp\/v2\/media?parent=9835"}],"curies":[{"name":"wp","href":"https:\/\/api.w.org\/{rel}","templated":true}]}}